{"id":104,"date":"2026-02-25T15:30:51","date_gmt":"2026-02-25T14:30:51","guid":{"rendered":"https:\/\/lapieceur.com\/site26\/?page_id=104"},"modified":"2026-04-08T17:14:42","modified_gmt":"2026-04-08T15:14:42","slug":"silent-sculpture","status":"publish","type":"page","link":"https:\/\/lapieceur.com\/site26\/costume-mariage-sur-mesure\/silent-sculpture\/","title":{"rendered":"Silent sculpture"},"content":{"rendered":"<div class=\"et_pb_section_0 et_pb_section et_section_regular et_flex_section preset--group--divi-section--divi-spacing--default\">\n<div class=\"et_pb_row_0 et_pb_row et_flex_row preset--group--divi-row--divi-spacing--default\">\n<div class=\"et_pb_column_0 et_pb_column et-last-child et_flex_column et_pb_css_mix_blend_mode_passthrough et_flex_column_24_24 et_flex_column_24_24_tablet et_flex_column_24_24_phone et_flex_column_24_24_phoneWide et_flex_column_24_24_tabletWide preset--group--divi-column--divi-spacing--default\">\n\n\n\n<div class=\"et_pb_module et_d4_element lwp_divi_breadcrumbs lwp_divi_breadcrumbs_0\">\n\t\t\t\t\n\t\t\t\t\n\t\t\t\t\n\t\t\t\t\n\t\t\t\t\n\t\t\t\t\n\t\t\t\t<div class=\"et_pb_module_inner\">\n\t\t\t\t\t<div class=\"lwp-breadcrumbs\"> <span class=\"before\"><\/span> <span vocab=\"https:\/\/schema.org\/\" typeof=\"BreadcrumbList\"><span property=\"itemListElement\" typeof=\"ListItem\"><a property=\"item\" typeof=\"WebPage\" href=\"https:\/\/lapieceur.com\/site26\/\" class=\"home\"><span property=\"name\">Accueil<\/span><\/a><meta property=\"position\" content=\"1\"><\/span> <span class=\"separator et-pb-icon\">5<\/span> <\/span><\/div>\n\t\t\t\t<\/div>\n\t\t\t<\/div>\n\n\n\n\n<div class=\"et_pb_text_0 et_pb_text et_pb_bg_layout_light et_pb_module et_flex_module preset--group--divi-text--divi-spacing--default preset--group--divi-text--divi-font-body--default preset--group--divi-text--divi-font-header--default\"><div class=\"et_pb_text_inner\"><h1>silent sculpture<\/h1>\n<\/div><\/div>\n\n<div class=\"et_pb_text_1 et_pb_text et_pb_bg_layout_light et_pb_module et_flex_module preset--group--divi-text--divi-spacing--default preset--group--divi-text--divi-font-body--default preset--group--divi-text--divi-font-header--default\"><div class=\"et_pb_text_inner\"><p>Une collection pens\u00e9e comme une sculpture en mouvement.<\/p>\n<p>Les coupes sont modernes, confortables, pens\u00e9es pour accompagner le mouvement sans jamais contraindre. Quatre silhouettes masculines composent cette collection aux lignes pures, port\u00e9es par une palette douce et chaleureuse&nbsp;: rose pastel, camel, ivoire, avec une touche de jaune solaire.<\/p>\n<p>Pour la premi\u00e8re fois, deux silhouettes f\u00e9minines rejoignent l\u2019univers de la maison. Un smoking noir au tomb\u00e9 parfait, et un tailleur \u00e9cru en cr\u00eape de laine, tout en fluidit\u00e9 et en puissance contenue. Une nouvelle \u00e9criture du costume, au f\u00e9minin, tout en \u00e9l\u00e9gance et en pr\u00e9sence.<\/p>\n<p>Silent Sculpture est une ode \u00e0 la mati\u00e8re et \u00e0 la forme, un hommage au geste artisanal, \u00e0 la main qui sculpte, et au silence qui r\u00e9v\u00e8le.<\/p>\n<\/div><\/div>\n\n<div class=\"et_pb_image_0 et_pb_image et_pb_image_sticky et_pb_module et_flex_module preset--group--divi-image--divi-spacing--default\"><a href=\"https:\/\/lapieceur.com\/site26\/chemise-en-toile-a-larges-rayures-blanches-et-jaunes\/\"><span class=\"et_pb_image_wrap\"><img loading=\"lazy\" decoding=\"async\" src=\"https:\/\/lapieceur.com\/site26\/wp-content\/uploads\/2026\/02\/lapieceur-martin-chemise-sur-mesure-raye4.webp\" title=\"l&#039;api\u00e9ceur - martin-chemise-sur-mesure-raye4\" width=\"1920\" height=\"1080\" srcset=\"https:\/\/lapieceur.com\/site26\/wp-content\/uploads\/2026\/02\/lapieceur-martin-chemise-sur-mesure-raye4.webp 1920w, https:\/\/lapieceur.com\/site26\/wp-content\/uploads\/2026\/02\/lapieceur-martin-chemise-sur-mesure-raye4-1280x720.webp 1280w, https:\/\/lapieceur.com\/site26\/wp-content\/uploads\/2026\/02\/lapieceur-martin-chemise-sur-mesure-raye4-980x551.webp 980w, https:\/\/lapieceur.com\/site26\/wp-content\/uploads\/2026\/02\/lapieceur-martin-chemise-sur-mesure-raye4-480x270.webp 480w\" sizes=\"(min-width: 0px) and (max-width: 480px) 480px, (min-width: 481px) and (max-width: 980px) 980px, (min-width: 981px) and (max-width: 1280px) 1280px, (min-width: 1281px) 1920px, 100vw\" class=\"wp-image-107\" \/><\/span><\/a><\/div>\n\n<div class=\"et_pb_text_2 et_pb_text et_pb_bg_layout_light et_pb_module et_flex_module preset--group--divi-text--divi-spacing--default preset--group--divi-text--divi-font-body--default preset--group--divi-text--divi-font-header--default\"><div class=\"et_pb_text_inner\"><p><em><a href=\"https:\/\/lapieceur.com\/site26\/chemise-en-toile-a-larges-rayures-blanches-et-jaunes\/\">Silhouette Martin &gt;<\/a><\/em><\/p>\n<\/div><\/div>\n<\/div>\n<\/div>\n\n<div class=\"et_pb_row_1 et_pb_row et_flex_row preset--group--divi-row--divi-spacing--default\">\n<div class=\"et_pb_column_1 et_pb_column et_flex_column et_pb_css_mix_blend_mode_passthrough et_flex_column_12_24 et_flex_column_12_24_tablet et_flex_column_24_24_phone et_flex_column_24_24_phoneWide et_flex_column_12_24_tabletWide preset--group--divi-column--divi-spacing--default\">\n<div class=\"et_pb_image_1 et_pb_image et_pb_image_sticky et_pb_image_sticky_phone et_pb_module et_flex_module preset--group--divi-image--divi-spacing--default\"><a href=\"https:\/\/lapieceur.com\/site26\/robin-costume-en-toile-nattee-camel\/\"><span class=\"et_pb_image_wrap\"><img loading=\"lazy\" decoding=\"async\" src=\"https:\/\/lapieceur.com\/site26\/wp-content\/uploads\/2026\/02\/lapieceur-robin-costume-sur-mesure-laine-camel7.webp\" title=\"l&#039;api\u00e9ceur - robin-costume-sur-mesure-laine-camel7\" width=\"900\" height=\"1100\" srcset=\"https:\/\/lapieceur.com\/site26\/wp-content\/uploads\/2026\/02\/lapieceur-robin-costume-sur-mesure-laine-camel7.webp 900w, https:\/\/lapieceur.com\/site26\/wp-content\/uploads\/2026\/02\/lapieceur-robin-costume-sur-mesure-laine-camel7-480x587.webp 480w\" sizes=\"(min-width: 0px) and (max-width: 480px) 480px, (min-width: 481px) 900px, 100vw\" class=\"wp-image-108\" \/><\/span><\/a><\/div>\n\n<div class=\"et_pb_row_2 et_pb_row et_pb_row_nested et_flex_row preset--group--divi-row--divi-spacing--default\">\n<div class=\"et_pb_column_2 et_pb_column et_flex_column et_pb_css_mix_blend_mode_passthrough et_flex_column_12_24 et_flex_column_12_24_tablet et_flex_column_24_24_phone et_flex_column_24_24_phoneWide et_flex_column_12_24_tabletWide preset--group--divi-column--divi-spacing--default\">\n<div class=\"et_pb_text_3 et_pb_text et_pb_bg_layout_light et_pb_module et_flex_module preset--group--divi-text--divi-spacing--default preset--group--divi-text--divi-font-body--default preset--group--divi-text--divi-font-header--default\"><div class=\"et_pb_text_inner\"><p><em><a href=\"https:\/\/lapieceur.com\/site26\/eileen-tailleur-en-crepe-ivoire-uni\/\">Silhouette Eileen (elle) &gt;<\/a><\/em><\/p>\n<\/div><\/div>\n<\/div>\n\n<div class=\"et_pb_column_3 et_pb_column et-last-child et_flex_column et_pb_css_mix_blend_mode_passthrough et_flex_column_12_24 et_flex_column_12_24_tablet et_flex_column_24_24_phone et_flex_column_24_24_phoneWide et_flex_column_12_24_tabletWide preset--group--divi-column--divi-spacing--default\">\n<div class=\"et_pb_text_4 et_pb_text et_pb_bg_layout_light et_pb_module et_flex_module preset--group--divi-text--divi-spacing--default preset--group--divi-text--divi-font-body--default preset--group--divi-text--divi-font-header--default\"><div class=\"et_pb_text_inner\"><p><em><a href=\"https:\/\/lapieceur.com\/site26\/robin-costume-en-toile-nattee-camel\/\">Silhouette Robin (lui) &gt;<\/a><\/em><\/p>\n<\/div><\/div>\n<\/div>\n<\/div>\n<\/div>\n\n<div class=\"et_pb_column_4 et_pb_column et-last-child et_flex_column et_pb_css_mix_blend_mode_passthrough et_flex_column_12_24 et_flex_column_12_24_tablet et_flex_column_24_24_phone et_flex_column_24_24_phoneWide et_flex_column_12_24_tabletWide preset--group--divi-column--divi-spacing--default\">\n<div class=\"et_pb_image_2 et_pb_image et_pb_module et_flex_module preset--group--divi-image--divi-spacing--default\"><a href=\"https:\/\/lapieceur.com\/site26\/eileen-tailleur-en-crepe-ivoire-uni\/\"><span class=\"et_pb_image_wrap\"><img loading=\"lazy\" decoding=\"async\" src=\"https:\/\/lapieceur.com\/site26\/wp-content\/uploads\/2026\/02\/lapieceur-eileen-tailleur-sur-mesure-femme-ivoire8.webp\" title=\"l&#039;api\u00e9ceur - eileen-tailleur-sur-mesure-femme-ivoire8\" width=\"900\" height=\"1100\" srcset=\"https:\/\/lapieceur.com\/site26\/wp-content\/uploads\/2026\/02\/lapieceur-eileen-tailleur-sur-mesure-femme-ivoire8.webp 900w, https:\/\/lapieceur.com\/site26\/wp-content\/uploads\/2026\/02\/lapieceur-eileen-tailleur-sur-mesure-femme-ivoire8-480x587.webp 480w\" sizes=\"(min-width: 0px) and (max-width: 480px) 480px, (min-width: 481px) 900px, 100vw\" class=\"wp-image-109\" \/><\/span><\/a><\/div>\n\n<div class=\"et_pb_text_5 et_pb_text et_pb_bg_layout_light et_pb_module et_flex_module preset--group--divi-text--divi-spacing--default preset--group--divi-text--divi-font-body--default preset--group--divi-text--divi-font-header--default\"><div class=\"et_pb_text_inner\"><p><em><a href=\"https:\/\/lapieceur.com\/site26\/eileen-tailleur-en-crepe-ivoire-uni\/\">Silhouette Eileen &gt;<\/a><\/em><\/p>\n<\/div><\/div>\n<\/div>\n<\/div>\n\n<div class=\"et_pb_row_3 et_pb_row et_flex_row preset--group--divi-row--divi-spacing--default\">\n<div class=\"et_pb_column_5 et_pb_column et_flex_column et_pb_css_mix_blend_mode_passthrough et_flex_column_12_24 et_flex_column_24_24_tablet et_flex_column_24_24_phone et_flex_column_24_24_phoneWide et_flex_column_24_24_tabletWide preset--group--divi-column--divi-spacing--default\">\n<div class=\"et_pb_image_3 et_pb_image et_pb_module et_flex_module preset--group--divi-image--divi-spacing--default\"><a href=\"https:\/\/lapieceur.com\/site26\/charlie-costume-en-toile-fresco-unie-rose-pastel\/\"><span class=\"et_pb_image_wrap\"><img loading=\"lazy\" decoding=\"async\" src=\"https:\/\/lapieceur.com\/site26\/wp-content\/uploads\/2026\/02\/charlie-costume-sur-mesure-rose-fresco8.webp\" title=\"charlie-costume-sur-mesure-rose-fresco8\" width=\"900\" height=\"1100\" srcset=\"https:\/\/lapieceur.com\/site26\/wp-content\/uploads\/2026\/02\/charlie-costume-sur-mesure-rose-fresco8.webp 900w, https:\/\/lapieceur.com\/site26\/wp-content\/uploads\/2026\/02\/charlie-costume-sur-mesure-rose-fresco8-480x587.webp 480w\" sizes=\"(min-width: 0px) and (max-width: 480px) 480px, (min-width: 481px) 900px, 100vw\" class=\"wp-image-114\" \/><\/span><\/a><\/div>\n\n<div class=\"et_pb_row_4 et_pb_row et_pb_row_nested et_flex_row preset--group--divi-row--divi-spacing--default\">\n<div class=\"et_pb_column_6 et_pb_column et_flex_column et_pb_css_mix_blend_mode_passthrough et_flex_column_12_24 et_flex_column_12_24_tablet et_flex_column_24_24_phone et_flex_column_24_24_phoneWide et_flex_column_12_24_tabletWide preset--group--divi-column--divi-spacing--default\">\n<div class=\"et_pb_text_6 et_pb_text et_pb_bg_layout_light et_pb_module et_flex_module preset--group--divi-text--divi-spacing--default preset--group--divi-text--divi-font-body--default preset--group--divi-text--divi-font-header--default\"><div class=\"et_pb_text_inner\"><p><em><a href=\"https:\/\/lapieceur.com\/site26\/eileen-tailleur-en-crepe-ivoire-uni\/\">Silhouette Eileen (elle) &gt;<\/a><\/em><\/p>\n<\/div><\/div>\n<\/div>\n\n<div class=\"et_pb_column_7 et_pb_column et-last-child et_flex_column et_pb_css_mix_blend_mode_passthrough et_flex_column_12_24 et_flex_column_12_24_tablet et_flex_column_24_24_phone et_flex_column_24_24_phoneWide et_flex_column_12_24_tabletWide preset--group--divi-column--divi-spacing--default\">\n<div class=\"et_pb_text_7 et_pb_text et_pb_bg_layout_light et_pb_module et_flex_module preset--group--divi-text--divi-spacing--default preset--group--divi-text--divi-font-body--default preset--group--divi-text--divi-font-header--default\"><div class=\"et_pb_text_inner\"><p><a href=\"https:\/\/lapieceur.com\/site26\/charlie-costume-en-toile-fresco-unie-rose-pastel\/\"><em>Silhouette Charlie (lui) &gt;<\/em><\/a><\/p>\n<\/div><\/div>\n<\/div>\n<\/div>\n<\/div>\n\n<div class=\"et_pb_column_8 et_pb_column et_flex_column et_pb_css_mix_blend_mode_passthrough et_flex_column_6_24 et_flex_column_12_24_tablet et_flex_column_24_24_phone et_flex_column_24_24_phoneWide et_flex_column_12_24_tabletWide preset--group--divi-column--divi-spacing--default\">\n<div class=\"et_pb_image_4 et_pb_image et_pb_module et_flex_module preset--group--divi-image--divi-spacing--default\"><a href=\"https:\/\/lapieceur.com\/site26\/chemise-en-toile-a-larges-rayures-blanches-et-jaunes\/\"><span class=\"et_pb_image_wrap\"><img loading=\"lazy\" decoding=\"async\" src=\"https:\/\/lapieceur.com\/site26\/wp-content\/uploads\/2026\/02\/lapieceur-martin-chemise-sur-mesure-raye6.webp\" title=\"l&#039;api\u00e9ceur - martin-chemise-sur-mesure-raye6\" width=\"900\" height=\"1100\" srcset=\"https:\/\/lapieceur.com\/site26\/wp-content\/uploads\/2026\/02\/lapieceur-martin-chemise-sur-mesure-raye6.webp 900w, https:\/\/lapieceur.com\/site26\/wp-content\/uploads\/2026\/02\/lapieceur-martin-chemise-sur-mesure-raye6-480x587.webp 480w\" sizes=\"(min-width: 0px) and (max-width: 480px) 480px, (min-width: 481px) 900px, 100vw\" class=\"wp-image-111\" \/><\/span><\/a><\/div>\n\n<div class=\"et_pb_text_8 et_pb_text et_pb_bg_layout_light et_pb_module et_flex_module preset--group--divi-text--divi-spacing--default preset--group--divi-text--divi-font-body--default preset--group--divi-text--divi-font-header--default\"><div class=\"et_pb_text_inner\"><p><em><a href=\"https:\/\/lapieceur.com\/site26\/chemise-en-toile-a-larges-rayures-blanches-et-jaunes\/\">Silhouette Martin &gt;<\/a><\/em><\/p>\n<\/div><\/div>\n<\/div>\n\n<div class=\"et_pb_column_9 et_pb_column et-last-child et_flex_column et_pb_css_mix_blend_mode_passthrough et_flex_column_6_24 et_flex_column_12_24_tablet et_flex_column_24_24_phone et_flex_column_24_24_phoneWide et_flex_column_12_24_tabletWide preset--group--divi-column--divi-spacing--default\">\n<div class=\"et_pb_image_5 et_pb_image et_pb_image_sticky_phone et_pb_module et_flex_module preset--group--divi-image--divi-spacing--default\"><a href=\"https:\/\/lapieceur.com\/site26\/damon-costume-2-pieces-sur-mesure\/\"><span class=\"et_pb_image_wrap\"><img loading=\"lazy\" decoding=\"async\" src=\"https:\/\/lapieceur.com\/site26\/wp-content\/uploads\/2026\/02\/lapieceur-damon-costume-sur-mesure-beige-chine2.webp\" title=\"l&#039;api\u00e9ceur - damon-costume-sur-mesure-beige-chine2\" width=\"900\" height=\"1100\" srcset=\"https:\/\/lapieceur.com\/site26\/wp-content\/uploads\/2026\/02\/lapieceur-damon-costume-sur-mesure-beige-chine2.webp 900w, https:\/\/lapieceur.com\/site26\/wp-content\/uploads\/2026\/02\/lapieceur-damon-costume-sur-mesure-beige-chine2-480x587.webp 480w\" sizes=\"(min-width: 0px) and (max-width: 480px) 480px, (min-width: 481px) 900px, 100vw\" class=\"wp-image-112\" \/><\/span><\/a><\/div>\n\n<div class=\"et_pb_text_9 et_pb_text et_pb_bg_layout_light et_pb_module et_flex_module preset--group--divi-text--divi-spacing--default preset--group--divi-text--divi-font-body--default preset--group--divi-text--divi-font-header--default\"><div class=\"et_pb_text_inner\"><p><em><a href=\"https:\/\/lapieceur.com\/site26\/damon-costume-2-pieces-sur-mesure\/\">Silhouette Damon &gt;<\/a><\/em><\/p>\n<\/div><\/div>\n\n<div class=\"et_pb_image_6 et_pb_image et_pb_image_sticky et_pb_module et_flex_module preset--group--divi-image--divi-spacing--default\"><a href=\"https:\/\/lapieceur.com\/site26\/alice-smoking-en-toile-noire-unie\/\"><span class=\"et_pb_image_wrap\"><img loading=\"lazy\" decoding=\"async\" src=\"https:\/\/lapieceur.com\/site26\/wp-content\/uploads\/2026\/02\/lapieceur-alice-smokig-sur-mesure-femme-noir7.webp\" title=\"l&#039;api\u00e9ceur - alice-smokig-sur-mesure-femme-noir7\" width=\"900\" height=\"1100\" srcset=\"https:\/\/lapieceur.com\/site26\/wp-content\/uploads\/2026\/02\/lapieceur-alice-smokig-sur-mesure-femme-noir7.webp 900w, https:\/\/lapieceur.com\/site26\/wp-content\/uploads\/2026\/02\/lapieceur-alice-smokig-sur-mesure-femme-noir7-480x587.webp 480w\" sizes=\"(min-width: 0px) and (max-width: 480px) 480px, (min-width: 481px) 900px, 100vw\" class=\"wp-image-113\" \/><\/span><\/a><\/div>\n\n<div class=\"et_pb_text_10 et_pb_text et_pb_bg_layout_light et_pb_module et_flex_module preset--group--divi-text--divi-spacing--default preset--group--divi-text--divi-font-body--default preset--group--divi-text--divi-font-header--default\"><div class=\"et_pb_text_inner\"><p><em><a href=\"https:\/\/lapieceur.com\/site26\/alice-smoking-en-toile-noire-unie\/\">Silhouette Alice &gt;<\/a><\/em><\/p>\n<\/div><\/div>\n<\/div>\n<\/div>\n<\/div>","protected":false},"excerpt":{"rendered":"","protected":false},"author":1,"featured_media":408,"parent":900,"menu_order":0,"comment_status":"closed","ping_status":"closed","template":"","meta":{"_et_pb_use_builder":"on","_et_pb_old_content":"","_et_gb_content_width":"","footnotes":""},"class_list":["post-104","page","type-page","status-publish","has-post-thumbnail","hentry"],"_links":{"self":[{"href":"https:\/\/lapieceur.com\/site26\/wp-json\/wp\/v2\/pages\/104","targetHints":{"allow":["GET"]}}],"collection":[{"href":"https:\/\/lapieceur.com\/site26\/wp-json\/wp\/v2\/pages"}],"about":[{"href":"https:\/\/lapieceur.com\/site26\/wp-json\/wp\/v2\/types\/page"}],"author":[{"embeddable":true,"href":"https:\/\/lapieceur.com\/site26\/wp-json\/wp\/v2\/users\/1"}],"replies":[{"embeddable":true,"href":"https:\/\/lapieceur.com\/site26\/wp-json\/wp\/v2\/comments?post=104"}],"version-history":[{"count":27,"href":"https:\/\/lapieceur.com\/site26\/wp-json\/wp\/v2\/pages\/104\/revisions"}],"predecessor-version":[{"id":2196,"href":"https:\/\/lapieceur.com\/site26\/wp-json\/wp\/v2\/pages\/104\/revisions\/2196"}],"up":[{"embeddable":true,"href":"https:\/\/lapieceur.com\/site26\/wp-json\/wp\/v2\/pages\/900"}],"wp:featuredmedia":[{"embeddable":true,"href":"https:\/\/lapieceur.com\/site26\/wp-json\/wp\/v2\/media\/408"}],"wp:attachment":[{"href":"https:\/\/lapieceur.com\/site26\/wp-json\/wp\/v2\/media?parent=104"}],"curies":[{"name":"wp","href":"https:\/\/api.w.org\/{rel}","templated":true}]}}