{"id":1105,"date":"2026-03-23T15:40:17","date_gmt":"2026-03-23T14:40:17","guid":{"rendered":"https:\/\/lapieceur.com\/site26\/?page_id=1105"},"modified":"2026-04-13T16:37:07","modified_gmt":"2026-04-13T14:37:07","slug":"standing-figures","status":"publish","type":"page","link":"https:\/\/lapieceur.com\/site26\/costume-mariage-sur-mesure\/standing-figures\/","title":{"rendered":"Standing Figures"},"content":{"rendered":"<div class=\"et_pb_section_0 et_pb_section et_section_regular et_flex_section preset--group--divi-section--divi-spacing--default\">\n<div class=\"et_pb_row_0 et_pb_row et_flex_row preset--group--divi-row--divi-spacing--default\">\n<div class=\"et_pb_column_0 et_pb_column et-last-child et_flex_column et_pb_css_mix_blend_mode_passthrough et_flex_column_24_24 et_flex_column_24_24_tablet et_flex_column_24_24_phone et_flex_column_24_24_phoneWide et_flex_column_24_24_tabletWide preset--group--divi-column--divi-spacing--default\">\n\n\n\n\n\n<div class=\"et_pb_module et_d4_element lwp_divi_breadcrumbs lwp_divi_breadcrumbs_0\">\n\t\t\t\t\n\t\t\t\t\n\t\t\t\t\n\t\t\t\t\n\t\t\t\t\n\t\t\t\t\n\t\t\t\t<div class=\"et_pb_module_inner\">\n\t\t\t\t\t<div class=\"lwp-breadcrumbs\"> <span class=\"before\"><\/span> <span vocab=\"https:\/\/schema.org\/\" typeof=\"BreadcrumbList\"><span property=\"itemListElement\" typeof=\"ListItem\"><a property=\"item\" typeof=\"WebPage\" href=\"https:\/\/lapieceur.com\/site26\/\" class=\"home\"><span property=\"name\">Accueil<\/span><\/a><meta property=\"position\" content=\"1\"><\/span> <span class=\"separator et-pb-icon\">5<\/span> <\/span><\/div>\n\t\t\t\t<\/div>\n\t\t\t<\/div>\n\n\n\n\n\n\n<div class=\"et_pb_text_0 et_pb_text et_pb_bg_layout_light et_pb_module et_flex_module preset--group--divi-text--divi-spacing--default preset--group--divi-text--divi-font-body--default preset--group--divi-text--divi-font-header--default\"><div class=\"et_pb_text_inner\"><h1>Standing Figures<\/h1>\n<\/div><\/div>\n\n<div class=\"et_pb_text_1 et_pb_text et_pb_bg_layout_light et_pb_module et_flex_module preset--group--divi-text--divi-spacing--default preset--group--divi-text--divi-font-body--default preset--group--divi-text--divi-font-header--default\"><div class=\"et_pb_text_inner\"><p>Avec Standing Figures, L\u2019api\u00e9ceur imagine un vestiaire estival tout en douceur, inspir\u00e9 par la silhouette et l\u2019\u00e9quilibre des formes.<\/p>\n<p>Les costumes homme se d\u00e9clinent dans des nuances de gris clair, aux lignes \u00e9pur\u00e9es et parfaitement ma\u00eetris\u00e9es, \u00e9voquant une \u00e9l\u00e9gance min\u00e9rale et intemporelle.<\/p>\n<p>Des touches de couleurs naturelles \u2014 vieux rose, bordeaux, turquoise \u2014 viennent subtilement r\u00e9veiller la palette. Les mati\u00e8res l\u00e9g\u00e8res, comme les toiles natt\u00e9es, t\u00eates d\u2019\u00e9pingle et seersucker, apportent structure et confort pour une allure moderne.<\/p>\n<p>Une collection de costumes l\u00e9gers et \u00e9l\u00e9gants, pens\u00e9e pour la saison estivale.<\/p>\n<\/div><\/div>\n\n<div class=\"et_pb_image_0 et_pb_image et_pb_image_sticky et_pb_module et_flex_module preset--group--divi-image--divi-spacing--default\"><a href=\"https:\/\/lapieceur.com\/site26\/terry-costume-2-pieces-sur-mesure-en-toile-de-laine-nattee-gris-clair-bleute\/\"><span class=\"et_pb_image_wrap\"><img loading=\"lazy\" decoding=\"async\" src=\"https:\/\/lapieceur.com\/site26\/wp-content\/uploads\/2026\/03\/TERRY-costume-sur-mesure-toile-nattee-gris-bleu-lapieceur-3.jpg\" title=\"TERRY-costume-sur-mesure-toile-nattee-gris-bleu-lapieceur-3\" width=\"1920\" height=\"1280\" srcset=\"https:\/\/lapieceur.com\/site26\/wp-content\/uploads\/2026\/03\/TERRY-costume-sur-mesure-toile-nattee-gris-bleu-lapieceur-3.jpg 1920w, https:\/\/lapieceur.com\/site26\/wp-content\/uploads\/2026\/03\/TERRY-costume-sur-mesure-toile-nattee-gris-bleu-lapieceur-3-1280x853.jpg 1280w, https:\/\/lapieceur.com\/site26\/wp-content\/uploads\/2026\/03\/TERRY-costume-sur-mesure-toile-nattee-gris-bleu-lapieceur-3-980x653.jpg 980w, https:\/\/lapieceur.com\/site26\/wp-content\/uploads\/2026\/03\/TERRY-costume-sur-mesure-toile-nattee-gris-bleu-lapieceur-3-480x320.jpg 480w\" sizes=\"(min-width: 0px) and (max-width: 480px) 480px, (min-width: 481px) and (max-width: 980px) 980px, (min-width: 981px) and (max-width: 1280px) 1280px, (min-width: 1281px) 1920px, 100vw\" class=\"wp-image-1052\" \/><\/span><\/a><\/div>\n\n<div class=\"et_pb_text_2 et_pb_text et_pb_bg_layout_light et_pb_module et_flex_module preset--group--divi-text--divi-spacing--default preset--group--divi-text--divi-font-body--default preset--group--divi-text--divi-font-header--default\"><div class=\"et_pb_text_inner\"><p><em><a href=\"https:\/\/lapieceur.com\/site26\/terry-costume-2-pieces-sur-mesure-en-toile-de-laine-nattee-gris-clair-bleute\/\">Silhouette Terry &gt;<\/a><\/em><\/p>\n<\/div><\/div>\n<\/div>\n<\/div>\n\n<div class=\"et_pb_row_1 et_pb_row et_flex_row preset--group--divi-row--divi-spacing--default\">\n<div class=\"et_pb_column_1 et_pb_column et_flex_column et_pb_css_mix_blend_mode_passthrough et_flex_column_12_24 et_flex_column_12_24_tablet et_flex_column_24_24_phone et_flex_column_24_24_phoneWide et_flex_column_12_24_tabletWide preset--group--divi-column--divi-spacing--default\">\n<div class=\"et_pb_image_1 et_pb_image et_pb_image_sticky et_pb_image_sticky_phone et_pb_module et_flex_module preset--group--divi-image--divi-spacing--default\"><a href=\"https:\/\/lapieceur.com\/site26\/nick-costume-2-pieces-en-seersucker-raye-bordeaux-et-marine\/\"><span class=\"et_pb_image_wrap\"><img loading=\"lazy\" decoding=\"async\" src=\"https:\/\/lapieceur.com\/site26\/wp-content\/uploads\/2026\/03\/NICK-costume-sur-mesure-seersucker-lapieceur-2.jpg\" title=\"NICK-costume-sur-mesure-seersucker-lapieceur-2\" width=\"1920\" height=\"1280\" srcset=\"https:\/\/lapieceur.com\/site26\/wp-content\/uploads\/2026\/03\/NICK-costume-sur-mesure-seersucker-lapieceur-2.jpg 1920w, https:\/\/lapieceur.com\/site26\/wp-content\/uploads\/2026\/03\/NICK-costume-sur-mesure-seersucker-lapieceur-2-1280x853.jpg 1280w, https:\/\/lapieceur.com\/site26\/wp-content\/uploads\/2026\/03\/NICK-costume-sur-mesure-seersucker-lapieceur-2-980x653.jpg 980w, https:\/\/lapieceur.com\/site26\/wp-content\/uploads\/2026\/03\/NICK-costume-sur-mesure-seersucker-lapieceur-2-480x320.jpg 480w\" sizes=\"(min-width: 0px) and (max-width: 480px) 480px, (min-width: 481px) and (max-width: 980px) 980px, (min-width: 981px) and (max-width: 1280px) 1280px, (min-width: 1281px) 1920px, 100vw\" class=\"wp-image-1060\" \/><\/span><\/a><\/div>\n\n<div class=\"et_pb_row_2 et_pb_row et_pb_row_nested et_flex_row preset--group--divi-row--divi-spacing--default\">\n<div class=\"et_pb_column_2 et_pb_column et_flex_column et_pb_css_mix_blend_mode_passthrough et_flex_column_12_24 et_flex_column_12_24_tablet et_flex_column_24_24_phone et_flex_column_24_24_phoneWide et_flex_column_12_24_tabletWide preset--group--divi-column--divi-spacing--default\">\n<div class=\"et_pb_text_3 et_pb_text et_pb_bg_layout_light et_pb_module et_flex_module preset--group--divi-text--divi-spacing--default preset--group--divi-text--divi-font-body--default preset--group--divi-text--divi-font-header--default\"><div class=\"et_pb_text_inner\"><p><em><a href=\"https:\/\/lapieceur.com\/site26\/nick-costume-2-pieces-en-seersucker-raye-bordeaux-et-marine\/\">Silhouette Nick &gt;<\/a><\/em><\/p>\n<\/div><\/div>\n<\/div>\n\n<div class=\"et_pb_column_3 et_pb_column et-last-child et_flex_column et_pb_column_empty et_pb_css_mix_blend_mode_passthrough et_flex_column_12_24 et_flex_column_12_24_tablet et_flex_column_24_24_phone et_flex_column_24_24_phoneWide et_flex_column_12_24_tabletWide preset--group--divi-column--divi-spacing--default\"><\/div>\n<\/div>\n<\/div>\n\n<div class=\"et_pb_column_4 et_pb_column et-last-child et_flex_column et_pb_css_mix_blend_mode_passthrough et_flex_column_12_24 et_flex_column_12_24_tablet et_flex_column_24_24_phone et_flex_column_24_24_phoneWide et_flex_column_12_24_tabletWide preset--group--divi-column--divi-spacing--default\">\n<div class=\"et_pb_image_2 et_pb_image et_pb_module et_flex_module preset--group--divi-image--divi-spacing--default\"><a href=\"https:\/\/lapieceur.com\/site26\/paolo-costume-2-pieces-sur-mesure-en-toile-de-laine-nattee-turquoise\/\"><span class=\"et_pb_image_wrap\"><img loading=\"lazy\" decoding=\"async\" src=\"https:\/\/lapieceur.com\/site26\/wp-content\/uploads\/2026\/03\/PAOLO-costume-sur-mesure-toile-nattee-bleu-turquoise-lapieceur-2.jpg\" title=\"PAOLO-costume-sur-mesure-toile-nattee-bleu-turquoise-lapieceur-2\" width=\"1920\" height=\"1280\" srcset=\"https:\/\/lapieceur.com\/site26\/wp-content\/uploads\/2026\/03\/PAOLO-costume-sur-mesure-toile-nattee-bleu-turquoise-lapieceur-2.jpg 1920w, https:\/\/lapieceur.com\/site26\/wp-content\/uploads\/2026\/03\/PAOLO-costume-sur-mesure-toile-nattee-bleu-turquoise-lapieceur-2-1280x853.jpg 1280w, https:\/\/lapieceur.com\/site26\/wp-content\/uploads\/2026\/03\/PAOLO-costume-sur-mesure-toile-nattee-bleu-turquoise-lapieceur-2-980x653.jpg 980w, https:\/\/lapieceur.com\/site26\/wp-content\/uploads\/2026\/03\/PAOLO-costume-sur-mesure-toile-nattee-bleu-turquoise-lapieceur-2-480x320.jpg 480w\" sizes=\"(min-width: 0px) and (max-width: 480px) 480px, (min-width: 481px) and (max-width: 980px) 980px, (min-width: 981px) and (max-width: 1280px) 1280px, (min-width: 1281px) 1920px, 100vw\" class=\"wp-image-1059\" \/><\/span><\/a><\/div>\n\n<div class=\"et_pb_text_4 et_pb_text et_pb_bg_layout_light et_pb_module et_flex_module preset--group--divi-text--divi-spacing--default preset--group--divi-text--divi-font-body--default preset--group--divi-text--divi-font-header--default\"><div class=\"et_pb_text_inner\"><p><em><a href=\"https:\/\/lapieceur.com\/site26\/paolo-costume-2-pieces-sur-mesure-en-toile-de-laine-nattee-turquoise\/\">Silhouette Paolo &gt;<\/a><\/em><\/p>\n<\/div><\/div>\n<\/div>\n<\/div>\n\n<div class=\"et_pb_row_3 et_pb_row et_flex_row preset--group--divi-row--divi-spacing--default\">\n<div class=\"et_pb_column_5 et_pb_column et_flex_column et_pb_css_mix_blend_mode_passthrough et_flex_column_12_24 et_flex_column_24_24_tablet et_flex_column_24_24_phone et_flex_column_24_24_phoneWide et_flex_column_24_24_tabletWide preset--group--divi-column--divi-spacing--default\">\n<div class=\"et_pb_image_3 et_pb_image et_pb_module et_flex_module preset--group--divi-image--divi-spacing--default\"><a href=\"https:\/\/lapieceur.com\/site26\/walker-costume-3-pieces-sur-mesure-en-toile-de-laine-tete-depingle-gris-et-blanc\/\"><span class=\"et_pb_image_wrap\"><img loading=\"lazy\" decoding=\"async\" src=\"https:\/\/lapieceur.com\/site26\/wp-content\/uploads\/2026\/03\/WALKER-costume-sur-mesure-toile-laine-gris-clair-lapieceur-2.jpg\" title=\"WALKER-costume-sur-mesure-toile-laine-gris-clair-lapieceur-2\" width=\"1920\" height=\"1280\" srcset=\"https:\/\/lapieceur.com\/site26\/wp-content\/uploads\/2026\/03\/WALKER-costume-sur-mesure-toile-laine-gris-clair-lapieceur-2.jpg 1920w, https:\/\/lapieceur.com\/site26\/wp-content\/uploads\/2026\/03\/WALKER-costume-sur-mesure-toile-laine-gris-clair-lapieceur-2-1280x853.jpg 1280w, https:\/\/lapieceur.com\/site26\/wp-content\/uploads\/2026\/03\/WALKER-costume-sur-mesure-toile-laine-gris-clair-lapieceur-2-980x653.jpg 980w, https:\/\/lapieceur.com\/site26\/wp-content\/uploads\/2026\/03\/WALKER-costume-sur-mesure-toile-laine-gris-clair-lapieceur-2-480x320.jpg 480w\" sizes=\"(min-width: 0px) and (max-width: 480px) 480px, (min-width: 481px) and (max-width: 980px) 980px, (min-width: 981px) and (max-width: 1280px) 1280px, (min-width: 1281px) 1920px, 100vw\" class=\"wp-image-1056\" \/><\/span><\/a><\/div>\n\n<div class=\"et_pb_row_4 et_pb_row et_pb_row_nested et_flex_row preset--group--divi-row--divi-spacing--default\">\n<div class=\"et_pb_column_6 et_pb_column et_flex_column et_pb_css_mix_blend_mode_passthrough et_flex_column_12_24 et_flex_column_12_24_tablet et_flex_column_24_24_phone et_flex_column_24_24_phoneWide et_flex_column_12_24_tabletWide preset--group--divi-column--divi-spacing--default\">\n<div class=\"et_pb_text_5 et_pb_text et_pb_bg_layout_light et_pb_module et_flex_module preset--group--divi-text--divi-spacing--default preset--group--divi-text--divi-font-body--default preset--group--divi-text--divi-font-header--default\"><div class=\"et_pb_text_inner\"><p><em><a href=\"https:\/\/lapieceur.com\/site26\/walker-costume-3-pieces-sur-mesure-en-toile-de-laine-tete-depingle-gris-et-blanc\/\">Silhouette Walker &gt;<\/a><\/em><\/p>\n<\/div><\/div>\n<\/div>\n\n<div class=\"et_pb_column_7 et_pb_column et-last-child et_flex_column et_pb_column_empty et_pb_css_mix_blend_mode_passthrough et_flex_column_12_24 et_flex_column_12_24_tablet et_flex_column_24_24_phone et_flex_column_24_24_phoneWide et_flex_column_12_24_tabletWide preset--group--divi-column--divi-spacing--default\"><\/div>\n<\/div>\n<\/div>\n\n<div class=\"et_pb_column_8 et_pb_column et_flex_column et_pb_css_mix_blend_mode_passthrough et_flex_column_6_24 et_flex_column_12_24_tablet et_flex_column_24_24_phone et_flex_column_24_24_phoneWide et_flex_column_12_24_tabletWide preset--group--divi-column--divi-spacing--default\">\n<div class=\"et_pb_image_4 et_pb_image et_pb_module et_flex_module preset--group--divi-image--divi-spacing--default\"><a href=\"https:\/\/lapieceur.com\/site26\/gary-costume-2-pieces-sur-mesure-en-toile-de-laine-texturee-rose-poudre\/\"><span class=\"et_pb_image_wrap\"><img loading=\"lazy\" decoding=\"async\" src=\"https:\/\/lapieceur.com\/site26\/wp-content\/uploads\/2026\/04\/GARY-costume-sur-mesure-rose-lapieceur-2.webp\" title=\"GARY costume sur mesure rose lapieceur 2\" width=\"1440\" height=\"2160\" srcset=\"https:\/\/lapieceur.com\/site26\/wp-content\/uploads\/2026\/04\/GARY-costume-sur-mesure-rose-lapieceur-2.webp 1440w, https:\/\/lapieceur.com\/site26\/wp-content\/uploads\/2026\/04\/GARY-costume-sur-mesure-rose-lapieceur-2-1280x1920.webp 1280w, https:\/\/lapieceur.com\/site26\/wp-content\/uploads\/2026\/04\/GARY-costume-sur-mesure-rose-lapieceur-2-980x1470.webp 980w, https:\/\/lapieceur.com\/site26\/wp-content\/uploads\/2026\/04\/GARY-costume-sur-mesure-rose-lapieceur-2-480x720.webp 480w\" sizes=\"(min-width: 0px) and (max-width: 480px) 480px, (min-width: 481px) and (max-width: 980px) 980px, (min-width: 981px) and (max-width: 1280px) 1280px, (min-width: 1281px) 1440px, 100vw\" class=\"wp-image-2409\" \/><\/span><\/a><\/div>\n\n<div class=\"et_pb_text_6 et_pb_text et_pb_bg_layout_light et_pb_module et_flex_module preset--group--divi-text--divi-spacing--default preset--group--divi-text--divi-font-body--default preset--group--divi-text--divi-font-header--default\"><div class=\"et_pb_text_inner\"><p><em><a href=\"https:\/\/lapieceur.com\/site26\/gary-costume-2-pieces-sur-mesure-en-toile-de-laine-texturee-rose-poudre\/\">Silhouette Gary &gt;<\/a><\/em><\/p>\n<\/div><\/div>\n<\/div>\n\n<div class=\"et_pb_column_9 et_pb_column et-last-child et_flex_column et_pb_css_mix_blend_mode_passthrough et_flex_column_6_24 et_flex_column_12_24_tablet et_flex_column_24_24_phone et_flex_column_24_24_phoneWide et_flex_column_12_24_tabletWide preset--group--divi-column--divi-spacing--default\">\n<div class=\"et_pb_image_5 et_pb_image et_pb_image_sticky_phone et_pb_module et_flex_module preset--group--divi-image--divi-spacing--default\"><a href=\"https:\/\/lapieceur.com\/site26\/herb-costume-2-pieces-sur-mesure-en-toile-de-laine-nattee-grise-a-carreaux-fenetre-turquoise-et-jaune\/\"><span class=\"et_pb_image_wrap\"><img loading=\"lazy\" decoding=\"async\" src=\"https:\/\/lapieceur.com\/site26\/wp-content\/uploads\/2026\/04\/Herb-costume-sur-mesure-gris-carreaux.webp\" title=\"Herb-costume-sur-mesure-gris-carreaux\" width=\"1440\" height=\"2160\" srcset=\"https:\/\/lapieceur.com\/site26\/wp-content\/uploads\/2026\/04\/Herb-costume-sur-mesure-gris-carreaux.webp 1440w, https:\/\/lapieceur.com\/site26\/wp-content\/uploads\/2026\/04\/Herb-costume-sur-mesure-gris-carreaux-200x300.webp 200w, https:\/\/lapieceur.com\/site26\/wp-content\/uploads\/2026\/04\/Herb-costume-sur-mesure-gris-carreaux-683x1024.webp 683w, https:\/\/lapieceur.com\/site26\/wp-content\/uploads\/2026\/04\/Herb-costume-sur-mesure-gris-carreaux-768x1152.webp 768w, https:\/\/lapieceur.com\/site26\/wp-content\/uploads\/2026\/04\/Herb-costume-sur-mesure-gris-carreaux-1024x1536.webp 1024w, https:\/\/lapieceur.com\/site26\/wp-content\/uploads\/2026\/04\/Herb-costume-sur-mesure-gris-carreaux-1365x2048.webp 1365w\" sizes=\"(max-width: 1440px) 100vw, 1440px\" class=\"wp-image-2411\" \/><\/span><\/a><\/div>\n\n<div class=\"et_pb_text_7 et_pb_text et_pb_bg_layout_light et_pb_module et_flex_module preset--group--divi-text--divi-spacing--default preset--group--divi-text--divi-font-body--default preset--group--divi-text--divi-font-header--default\"><div class=\"et_pb_text_inner\"><p><em><a href=\"https:\/\/lapieceur.com\/site26\/herb-costume-2-pieces-sur-mesure-en-toile-de-laine-nattee-grise-a-carreaux-fenetre-turquoise-et-jaune\/\">Silhouette Herb &gt;<\/a><\/em><\/p>\n<\/div><\/div>\n<\/div>\n<\/div>\n<\/div>","protected":false},"excerpt":{"rendered":"<p>Avec Standing Figures, L\u2019api\u00e9ceur imagine un vestiaire estival tout en douceur, inspir\u00e9 par la silhouette et l\u2019\u00e9quilibre des formes.<\/p>","protected":false},"author":1,"featured_media":1058,"parent":900,"menu_order":0,"comment_status":"closed","ping_status":"closed","template":"","meta":{"_et_pb_use_builder":"on","_et_pb_old_content":"","_et_gb_content_width":"","footnotes":""},"class_list":["post-1105","page","type-page","status-publish","has-post-thumbnail","hentry"],"_links":{"self":[{"href":"https:\/\/lapieceur.com\/site26\/wp-json\/wp\/v2\/pages\/1105","targetHints":{"allow":["GET"]}}],"collection":[{"href":"https:\/\/lapieceur.com\/site26\/wp-json\/wp\/v2\/pages"}],"about":[{"href":"https:\/\/lapieceur.com\/site26\/wp-json\/wp\/v2\/types\/page"}],"author":[{"embeddable":true,"href":"https:\/\/lapieceur.com\/site26\/wp-json\/wp\/v2\/users\/1"}],"replies":[{"embeddable":true,"href":"https:\/\/lapieceur.com\/site26\/wp-json\/wp\/v2\/comments?post=1105"}],"version-history":[{"count":9,"href":"https:\/\/lapieceur.com\/site26\/wp-json\/wp\/v2\/pages\/1105\/revisions"}],"predecessor-version":[{"id":2426,"href":"https:\/\/lapieceur.com\/site26\/wp-json\/wp\/v2\/pages\/1105\/revisions\/2426"}],"up":[{"embeddable":true,"href":"https:\/\/lapieceur.com\/site26\/wp-json\/wp\/v2\/pages\/900"}],"wp:featuredmedia":[{"embeddable":true,"href":"https:\/\/lapieceur.com\/site26\/wp-json\/wp\/v2\/media\/1058"}],"wp:attachment":[{"href":"https:\/\/lapieceur.com\/site26\/wp-json\/wp\/v2\/media?parent=1105"}],"curies":[{"name":"wp","href":"https:\/\/api.w.org\/{rel}","templated":true}]}}