{"id":1308,"date":"2026-03-23T17:38:18","date_gmt":"2026-03-23T16:38:18","guid":{"rendered":"https:\/\/lapieceur.com\/site26\/?page_id=1308"},"modified":"2026-04-13T13:52:04","modified_gmt":"2026-04-13T11:52:04","slug":"stranger-in-town","status":"publish","type":"page","link":"https:\/\/lapieceur.com\/site26\/costume-business-sur-mesure\/stranger-in-town\/","title":{"rendered":"A Stranger in Town"},"content":{"rendered":"<div class=\"et_pb_section_0 et_pb_section et_section_regular et_flex_section preset--group--divi-section--divi-spacing--default\">\n<div class=\"et_pb_row_0 et_pb_row et_flex_row preset--group--divi-row--divi-spacing--default\">\n<div class=\"et_pb_column_0 et_pb_column et-last-child et_flex_column et_pb_css_mix_blend_mode_passthrough et_flex_column_24_24 et_flex_column_24_24_tablet et_flex_column_24_24_phone et_flex_column_24_24_phoneWide et_flex_column_24_24_tabletWide preset--group--divi-column--divi-spacing--default\">\n\n\n\n\n\n<div class=\"et_pb_module et_d4_element lwp_divi_breadcrumbs lwp_divi_breadcrumbs_0\">\n\t\t\t\t\n\t\t\t\t\n\t\t\t\t\n\t\t\t\t\n\t\t\t\t\n\t\t\t\t\n\t\t\t\t<div class=\"et_pb_module_inner\">\n\t\t\t\t\t<div class=\"lwp-breadcrumbs\"> <span class=\"before\"><\/span> <span vocab=\"https:\/\/schema.org\/\" typeof=\"BreadcrumbList\"><span property=\"itemListElement\" typeof=\"ListItem\"><a property=\"item\" typeof=\"WebPage\" href=\"https:\/\/lapieceur.com\/site26\/\" class=\"home\"><span property=\"name\">Accueil<\/span><\/a><meta property=\"position\" content=\"1\"><\/span> <span class=\"separator et-pb-icon\">5<\/span> <\/span><\/div>\n\t\t\t\t<\/div>\n\t\t\t<\/div>\n\n\n\n\n\n\n<div class=\"et_pb_text_0 et_pb_text et_pb_bg_layout_light et_pb_module et_flex_module preset--group--divi-text--divi-spacing--default preset--group--divi-text--divi-font-body--default preset--group--divi-text--divi-font-header--default\"><div class=\"et_pb_text_inner\"><h1>A Stranger in Town<\/h1>\n<\/div><\/div>\n\n<div class=\"et_pb_text_1 et_pb_text et_pb_bg_layout_light et_pb_module et_flex_module preset--group--divi-text--divi-spacing--default preset--group--divi-text--divi-font-body--default preset--group--divi-text--divi-font-header--default\"><div class=\"et_pb_text_inner\"><p>C\u2019est en bord de mer que l\u2019on se retrouve cet hiver. Un peu perdue, une silhouette se d\u00e9tache dans la foule, une ligne distingu\u00e9e, un univers d\u00e9cal\u00e9.<\/p>\n<p>Le bordeaux s\u2019impose sur une toile de coton piqu\u00e9 et un motif Prince de Galles moderne. La laine et mohair gris se r\u00e9chauffent d\u2019une touche de vert, tandis que le bleu nuit se r\u00e9v\u00e8le dans une flanelle mate profonde.<\/p>\n<p>Le tweed anglais signe une silhouette forte avec un motif pied-de-poule oversize, d\u00e9clin\u00e9 en costume trois pi\u00e8ces et manteau coordonn\u00e9.<\/p>\n<p>Une collection hiver \u00e9l\u00e9gante, pens\u00e9e pour un style affirm\u00e9 et intemporel.<\/p>\n<\/div><\/div>\n\n<div class=\"et_pb_image_0 et_pb_image et_pb_image_sticky et_pb_module et_flex_module preset--group--divi-image--divi-spacing--default\"><a href=\"https:\/\/lapieceur.com\/site26\/giorgo-costume-2-pieces-sur-mesure-en-toile-de-coton-piquee-bordeaux\/\"><span class=\"et_pb_image_wrap\"><img loading=\"lazy\" decoding=\"async\" src=\"https:\/\/lapieceur.com\/site26\/wp-content\/uploads\/2026\/04\/giorgio-costume-coton-bordeaux-1_.webp\" title=\"giorgio-costume-coton-bordeaux-1_\" width=\"1440\" height=\"2160\" srcset=\"https:\/\/lapieceur.com\/site26\/wp-content\/uploads\/2026\/04\/giorgio-costume-coton-bordeaux-1_.webp 1440w, https:\/\/lapieceur.com\/site26\/wp-content\/uploads\/2026\/04\/giorgio-costume-coton-bordeaux-1_-1280x1920.webp 1280w, https:\/\/lapieceur.com\/site26\/wp-content\/uploads\/2026\/04\/giorgio-costume-coton-bordeaux-1_-980x1470.webp 980w, https:\/\/lapieceur.com\/site26\/wp-content\/uploads\/2026\/04\/giorgio-costume-coton-bordeaux-1_-480x720.webp 480w\" sizes=\"(min-width: 0px) and (max-width: 480px) 480px, (min-width: 481px) and (max-width: 980px) 980px, (min-width: 981px) and (max-width: 1280px) 1280px, (min-width: 1281px) 1440px, 100vw\" class=\"wp-image-2301\" \/><\/span><\/a><\/div>\n\n<div class=\"et_pb_text_2 et_pb_text et_pb_bg_layout_light et_pb_module et_flex_module preset--group--divi-text--divi-spacing--default preset--group--divi-text--divi-font-body--default preset--group--divi-text--divi-font-header--default\"><div class=\"et_pb_text_inner\"><p><em><a href=\"https:\/\/lapieceur.com\/site26\/giorgo-costume-2-pieces-sur-mesure-en-toile-de-coton-piquee-bordeaux\/\">Silhouette Giorgio &gt;<\/a><\/em><\/p>\n<\/div><\/div>\n<\/div>\n<\/div>\n\n<div class=\"et_pb_row_1 et_pb_row et_flex_row preset--group--divi-row--divi-spacing--default\">\n<div class=\"et_pb_column_1 et_pb_column et_flex_column et_pb_css_mix_blend_mode_passthrough et_flex_column_12_24 et_flex_column_12_24_tablet et_flex_column_24_24_phone et_flex_column_24_24_phoneWide et_flex_column_12_24_tabletWide preset--group--divi-column--divi-spacing--default\">\n<div class=\"et_pb_image_1 et_pb_image et_pb_image_sticky et_pb_module et_flex_module preset--group--divi-image--divi-spacing--default\"><a href=\"https:\/\/lapieceur.com\/site26\/merce-costume-3-pieces-sur-mesure-en-flanelle-de-laine-bleu-nuit\/\"><span class=\"et_pb_image_wrap\"><img loading=\"lazy\" decoding=\"async\" src=\"https:\/\/lapieceur.com\/site26\/wp-content\/uploads\/2026\/04\/merce-costume-flanelle-marine-1.webp\" title=\"merce-costume-flanelle-marine-1\" width=\"1440\" height=\"2160\" srcset=\"https:\/\/lapieceur.com\/site26\/wp-content\/uploads\/2026\/04\/merce-costume-flanelle-marine-1.webp 1440w, https:\/\/lapieceur.com\/site26\/wp-content\/uploads\/2026\/04\/merce-costume-flanelle-marine-1-1280x1920.webp 1280w, https:\/\/lapieceur.com\/site26\/wp-content\/uploads\/2026\/04\/merce-costume-flanelle-marine-1-980x1470.webp 980w, https:\/\/lapieceur.com\/site26\/wp-content\/uploads\/2026\/04\/merce-costume-flanelle-marine-1-480x720.webp 480w\" sizes=\"(min-width: 0px) and (max-width: 480px) 480px, (min-width: 481px) and (max-width: 980px) 980px, (min-width: 981px) and (max-width: 1280px) 1280px, (min-width: 1281px) 1440px, 100vw\" class=\"wp-image-2304\" \/><\/span><\/a><\/div>\n\n<div class=\"et_pb_text_3 et_pb_text et_pb_bg_layout_light et_pb_module et_flex_module preset--group--divi-text--divi-spacing--default preset--group--divi-text--divi-font-body--default preset--group--divi-text--divi-font-header--default\"><div class=\"et_pb_text_inner\"><p><em><a href=\"https:\/\/lapieceur.com\/site26\/merce-costume-3-pieces-sur-mesure-en-flanelle-de-laine-bleu-nuit\/\">Silhouette Merce &gt;<\/a><\/em><\/p>\n<\/div><\/div>\n<\/div>\n\n<div class=\"et_pb_column_2 et_pb_column et-last-child et_flex_column et_pb_css_mix_blend_mode_passthrough et_flex_column_12_24 et_flex_column_12_24_tablet et_flex_column_24_24_phone et_flex_column_24_24_phoneWide et_flex_column_12_24_tabletWide preset--group--divi-column--divi-spacing--default\">\n<div class=\"et_pb_image_2 et_pb_image et_pb_image_sticky et_pb_image_sticky_phone et_pb_module et_flex_module preset--group--divi-image--divi-spacing--default\"><a href=\"https:\/\/lapieceur.com\/site26\/pierre-costume-2-pieces-sur-mesure-en-toile-de-laine-a-motifs-prince-de-galles-bordeaux\/\"><span class=\"et_pb_image_wrap\"><img loading=\"lazy\" decoding=\"async\" src=\"https:\/\/lapieceur.com\/site26\/wp-content\/uploads\/2026\/04\/pierre-costume-princedegalles-1_.webp\" title=\"pierre-costume-princedegalles-1_\" width=\"1440\" height=\"2160\" srcset=\"https:\/\/lapieceur.com\/site26\/wp-content\/uploads\/2026\/04\/pierre-costume-princedegalles-1_.webp 1440w, https:\/\/lapieceur.com\/site26\/wp-content\/uploads\/2026\/04\/pierre-costume-princedegalles-1_-1280x1920.webp 1280w, https:\/\/lapieceur.com\/site26\/wp-content\/uploads\/2026\/04\/pierre-costume-princedegalles-1_-980x1470.webp 980w, https:\/\/lapieceur.com\/site26\/wp-content\/uploads\/2026\/04\/pierre-costume-princedegalles-1_-480x720.webp 480w\" sizes=\"(min-width: 0px) and (max-width: 480px) 480px, (min-width: 481px) and (max-width: 980px) 980px, (min-width: 981px) and (max-width: 1280px) 1280px, (min-width: 1281px) 1440px, 100vw\" class=\"wp-image-2307\" \/><\/span><\/a><\/div>\n\n<div class=\"et_pb_row_2 et_pb_row et_pb_row_nested et_flex_row preset--group--divi-row--divi-spacing--default\">\n<div class=\"et_pb_column_3 et_pb_column et_flex_column et_pb_column_empty et_pb_css_mix_blend_mode_passthrough et_flex_column_12_24 et_flex_column_12_24_tablet et_flex_column_24_24_phone et_flex_column_24_24_phoneWide et_flex_column_12_24_tabletWide preset--group--divi-column--divi-spacing--default\"><\/div>\n\n<div class=\"et_pb_column_4 et_pb_column et-last-child et_flex_column et_pb_css_mix_blend_mode_passthrough et_flex_column_12_24 et_flex_column_12_24_tablet et_flex_column_24_24_phone et_flex_column_24_24_phoneWide et_flex_column_12_24_tabletWide preset--group--divi-column--divi-spacing--default\">\n<div class=\"et_pb_text_4 et_pb_text et_pb_bg_layout_light et_pb_module et_flex_module preset--group--divi-text--divi-spacing--default preset--group--divi-text--divi-font-body--default preset--group--divi-text--divi-font-header--default\"><div class=\"et_pb_text_inner\"><p><em><a href=\"https:\/\/lapieceur.com\/site26\/pierre-costume-2-pieces-sur-mesure-en-toile-de-laine-a-motifs-prince-de-galles-bordeaux\/\">Silhouette Pierre &gt;<\/a><\/em><\/p>\n<\/div><\/div>\n<\/div>\n<\/div>\n<\/div>\n<\/div>\n\n<div class=\"et_pb_row_3 et_pb_row et_flex_row preset--group--divi-row--divi-spacing--default\">\n<div class=\"et_pb_column_5 et_pb_column et_flex_column et_pb_css_mix_blend_mode_passthrough et_flex_column_6_24 et_flex_column_12_24_tablet et_flex_column_24_24_phone et_flex_column_24_24_phoneWide et_flex_column_12_24_tabletWide preset--group--divi-column--divi-spacing--default\">\n<div class=\"et_pb_image_3 et_pb_image et_pb_image_sticky et_pb_module et_flex_module preset--group--divi-image--divi-spacing--default\"><a href=\"https:\/\/lapieceur.com\/site26\/helmut-manteau-sur-mesure-en-tweed-de-laine-gris-a-motifs-pieds-de-coq-bordeaux-et-kaki\/\"><span class=\"et_pb_image_wrap\"><img loading=\"lazy\" decoding=\"async\" src=\"https:\/\/lapieceur.com\/site26\/wp-content\/uploads\/2026\/04\/helmut-manteau-tweed-laine-pied-de-poule-1-1.webp\" title=\"helmut-manteau-tweed-laine-pied-de-poule-1\" width=\"1440\" height=\"2160\" srcset=\"https:\/\/lapieceur.com\/site26\/wp-content\/uploads\/2026\/04\/helmut-manteau-tweed-laine-pied-de-poule-1-1.webp 1440w, https:\/\/lapieceur.com\/site26\/wp-content\/uploads\/2026\/04\/helmut-manteau-tweed-laine-pied-de-poule-1-1-1280x1920.webp 1280w, https:\/\/lapieceur.com\/site26\/wp-content\/uploads\/2026\/04\/helmut-manteau-tweed-laine-pied-de-poule-1-1-980x1470.webp 980w, https:\/\/lapieceur.com\/site26\/wp-content\/uploads\/2026\/04\/helmut-manteau-tweed-laine-pied-de-poule-1-1-480x720.webp 480w\" sizes=\"(min-width: 0px) and (max-width: 480px) 480px, (min-width: 481px) and (max-width: 980px) 980px, (min-width: 981px) and (max-width: 1280px) 1280px, (min-width: 1281px) 1440px, 100vw\" class=\"wp-image-2302\" \/><\/span><\/a><\/div>\n\n<div class=\"et_pb_text_5 et_pb_text et_pb_bg_layout_light et_pb_module et_flex_module preset--group--divi-text--divi-spacing--default preset--group--divi-text--divi-font-body--default preset--group--divi-text--divi-font-header--default\"><div class=\"et_pb_text_inner\"><p><em><a href=\"https:\/\/lapieceur.com\/site26\/helmut-manteau-sur-mesure-en-tweed-de-laine-gris-a-motifs-pieds-de-coq-bordeaux-et-kaki\/\">Silhouette Helmut &gt;<\/a><\/em><\/p>\n<\/div><\/div>\n<\/div>\n\n<div class=\"et_pb_column_6 et_pb_column et_flex_column et_pb_css_mix_blend_mode_passthrough et_flex_column_6_24 et_flex_column_12_24_tablet et_flex_column_24_24_phone et_flex_column_24_24_phoneWide et_flex_column_12_24_tabletWide preset--group--divi-column--divi-spacing--default\">\n<div class=\"et_pb_image_4 et_pb_image et_pb_image_sticky et_pb_image_sticky_phone et_pb_module et_flex_module preset--group--divi-image--divi-spacing--default\"><a href=\"https:\/\/lapieceur.com\/site26\/daren-costume-3-pieces-sur-mesure-en-toile-de-laine-et-mohair-changeante-vert-gris\/\"><span class=\"et_pb_image_wrap\"><img loading=\"lazy\" decoding=\"async\" src=\"https:\/\/lapieceur.com\/site26\/wp-content\/uploads\/2026\/04\/daren-costume-3pieces-gris-vert-1.webp\" title=\"daren-costume-3pieces-gris-vert-1\" width=\"1440\" height=\"2160\" srcset=\"https:\/\/lapieceur.com\/site26\/wp-content\/uploads\/2026\/04\/daren-costume-3pieces-gris-vert-1.webp 1440w, https:\/\/lapieceur.com\/site26\/wp-content\/uploads\/2026\/04\/daren-costume-3pieces-gris-vert-1-200x300.webp 200w, https:\/\/lapieceur.com\/site26\/wp-content\/uploads\/2026\/04\/daren-costume-3pieces-gris-vert-1-683x1024.webp 683w, https:\/\/lapieceur.com\/site26\/wp-content\/uploads\/2026\/04\/daren-costume-3pieces-gris-vert-1-768x1152.webp 768w, https:\/\/lapieceur.com\/site26\/wp-content\/uploads\/2026\/04\/daren-costume-3pieces-gris-vert-1-1024x1536.webp 1024w\" sizes=\"(max-width: 1440px) 100vw, 1440px\" class=\"wp-image-2297\" \/><\/span><\/a><\/div>\n\n<div class=\"et_pb_text_6 et_pb_text et_pb_bg_layout_light et_pb_module et_flex_module preset--group--divi-text--divi-spacing--default preset--group--divi-text--divi-font-body--default preset--group--divi-text--divi-font-header--default\"><div class=\"et_pb_text_inner\"><p><em><a href=\"https:\/\/lapieceur.com\/site26\/daren-costume-3-pieces-sur-mesure-en-toile-de-laine-et-mohair-changeante-vert-gris\/\">Silhouette Daren &gt;<\/a><\/em><\/p>\n<\/div><\/div>\n<\/div>\n\n<div class=\"et_pb_column_7 et_pb_column et-last-child et_flex_column et_pb_css_mix_blend_mode_passthrough et_flex_column_12_24 et_flex_column_24_24_tablet et_flex_column_24_24_phone et_flex_column_24_24_phoneWide et_flex_column_24_24_tabletWide preset--group--divi-column--divi-spacing--default\">\n<div class=\"et_pb_image_5 et_pb_image et_pb_image_sticky et_pb_module et_flex_module preset--group--divi-image--divi-spacing--default\"><a href=\"https:\/\/lapieceur.com\/site26\/sol-veste-sur-mesure-en-flanelle-de-laine-bleu-a-rayures-tennis-grise-et-bordeaux\/\"><span class=\"et_pb_image_wrap\"><img loading=\"lazy\" decoding=\"async\" src=\"https:\/\/lapieceur.com\/site26\/wp-content\/uploads\/2026\/03\/PIERRE-costume-prince-de-galles-lapieceur-2.jpg\" title=\"PIERRE-costume-prince-de-galles-lapieceur-2\" width=\"1920\" height=\"1280\" srcset=\"https:\/\/lapieceur.com\/site26\/wp-content\/uploads\/2026\/03\/PIERRE-costume-prince-de-galles-lapieceur-2.jpg 1920w, https:\/\/lapieceur.com\/site26\/wp-content\/uploads\/2026\/03\/PIERRE-costume-prince-de-galles-lapieceur-2-1280x853.jpg 1280w, https:\/\/lapieceur.com\/site26\/wp-content\/uploads\/2026\/03\/PIERRE-costume-prince-de-galles-lapieceur-2-980x653.jpg 980w, https:\/\/lapieceur.com\/site26\/wp-content\/uploads\/2026\/03\/PIERRE-costume-prince-de-galles-lapieceur-2-480x320.jpg 480w\" sizes=\"(min-width: 0px) and (max-width: 480px) 480px, (min-width: 481px) and (max-width: 980px) 980px, (min-width: 981px) and (max-width: 1280px) 1280px, (min-width: 1281px) 1920px, 100vw\" class=\"wp-image-1273\" \/><\/span><\/a><\/div>\n\n<div class=\"et_pb_row_4 et_pb_row et_pb_row_nested et_flex_row preset--group--divi-row--divi-spacing--default\">\n<div class=\"et_pb_column_8 et_pb_column et_flex_column et_pb_css_mix_blend_mode_passthrough et_flex_column_12_24 et_flex_column_12_24_tablet et_flex_column_24_24_phone et_flex_column_24_24_phoneWide et_flex_column_12_24_tabletWide preset--group--divi-column--divi-spacing--default\">\n<div class=\"et_pb_text_7 et_pb_text et_pb_bg_layout_light et_pb_module et_flex_module preset--group--divi-text--divi-spacing--default preset--group--divi-text--divi-font-body--default preset--group--divi-text--divi-font-header--default\"><div class=\"et_pb_text_inner\"><p><em><a href=\"https:\/\/lapieceur.com\/site26\/sol-veste-sur-mesure-en-flanelle-de-laine-bleu-a-rayures-tennis-grise-et-bordeaux\/\">Silhouette Sol &gt;<\/a><\/em><\/p>\n<\/div><\/div>\n<\/div>\n\n<div class=\"et_pb_column_9 et_pb_column et-last-child et_flex_column et_pb_column_empty et_pb_css_mix_blend_mode_passthrough et_flex_column_12_24 et_flex_column_12_24_tablet et_flex_column_24_24_phone et_flex_column_24_24_phoneWide et_flex_column_12_24_tabletWide preset--group--divi-column--divi-spacing--default\"><\/div>\n<\/div>\n<\/div>\n<\/div>\n<\/div>","protected":false},"excerpt":{"rendered":"<p>C\u2019est en bord de mer que l\u2019on se retrouve cet hiver. Un peu perdue, une silhouette se d\u00e9tache dans la foule, une ligne distingu\u00e9e, un univers d\u00e9cal\u00e9.<\/p>","protected":false},"author":1,"featured_media":2308,"parent":898,"menu_order":0,"comment_status":"closed","ping_status":"closed","template":"","meta":{"_et_pb_use_builder":"on","_et_pb_old_content":"","_et_gb_content_width":"","footnotes":""},"class_list":["post-1308","page","type-page","status-publish","has-post-thumbnail","hentry"],"_links":{"self":[{"href":"https:\/\/lapieceur.com\/site26\/wp-json\/wp\/v2\/pages\/1308","targetHints":{"allow":["GET"]}}],"collection":[{"href":"https:\/\/lapieceur.com\/site26\/wp-json\/wp\/v2\/pages"}],"about":[{"href":"https:\/\/lapieceur.com\/site26\/wp-json\/wp\/v2\/types\/page"}],"author":[{"embeddable":true,"href":"https:\/\/lapieceur.com\/site26\/wp-json\/wp\/v2\/users\/1"}],"replies":[{"embeddable":true,"href":"https:\/\/lapieceur.com\/site26\/wp-json\/wp\/v2\/comments?post=1308"}],"version-history":[{"count":9,"href":"https:\/\/lapieceur.com\/site26\/wp-json\/wp\/v2\/pages\/1308\/revisions"}],"predecessor-version":[{"id":2310,"href":"https:\/\/lapieceur.com\/site26\/wp-json\/wp\/v2\/pages\/1308\/revisions\/2310"}],"up":[{"embeddable":true,"href":"https:\/\/lapieceur.com\/site26\/wp-json\/wp\/v2\/pages\/898"}],"wp:featuredmedia":[{"embeddable":true,"href":"https:\/\/lapieceur.com\/site26\/wp-json\/wp\/v2\/media\/2308"}],"wp:attachment":[{"href":"https:\/\/lapieceur.com\/site26\/wp-json\/wp\/v2\/media?parent=1308"}],"curies":[{"name":"wp","href":"https:\/\/api.w.org\/{rel}","templated":true}]}}