{"id":1500,"date":"2026-03-27T10:34:53","date_gmt":"2026-03-27T09:34:53","guid":{"rendered":"https:\/\/lapieceur.com\/site26\/?page_id=1500"},"modified":"2026-04-05T17:15:38","modified_gmt":"2026-04-05T15:15:38","slug":"la-maison","status":"publish","type":"page","link":"https:\/\/lapieceur.com\/site26\/la-maison\/","title":{"rendered":"La maison"},"content":{"rendered":"<div class=\"et_pb_section_0 et_pb_section et_section_regular et_flex_section preset--group--divi-section--divi-spacing--default\">\n<div class=\"et_pb_row_0 et_pb_row et_flex_row preset--group--divi-row--divi-spacing--default\">\n<div class=\"et_pb_column_0 et_pb_column et-last-child et_flex_column et_pb_css_mix_blend_mode_passthrough et_flex_column_24_24 et_flex_column_24_24_tablet et_flex_column_24_24_phone et_flex_column_24_24_phoneWide et_flex_column_24_24_tabletWide preset--group--divi-column--divi-spacing--default\">\n<div class=\"et_pb_text_0 et_pb_text et_pb_bg_layout_light et_pb_module et_flex_module preset--group--divi-text--divi-spacing--default preset--group--divi-text--divi-font-body--default preset--group--divi-text--divi-font-header--default\"><div class=\"et_pb_text_inner\"><h2>LA MAISON<\/h2>\n<\/div><\/div>\n<\/div>\n<\/div>\n\n<div class=\"et_pb_row_1 et_pb_row et_flex_row preset--group--divi-row--divi-spacing--default\">\n<div class=\"et_pb_column_1 et_pb_column et_flex_column et_pb_css_mix_blend_mode_passthrough et_flex_column_12_24 et_flex_column_12_24_tablet et_flex_column_24_24_phone et_flex_column_24_24_phoneWide et_flex_column_12_24_tabletWide preset--group--divi-column--divi-spacing--default\">\n<div class=\"et_pb_text_1 et_pb_text et_pb_bg_layout_light et_pb_module et_flex_module preset--group--divi-text--divi-spacing--default preset--group--divi-text--divi-font-body--default preset--group--divi-text--divi-font-header--default\"><div class=\"et_pb_text_inner\" data-et-mv-hidden-phonewide=\"true\"><h2>CAMILLE, FONDATRICE DE L\u2019API\u00c9CEUR<\/h2>\n<h3>Une vision libre et contemporaine du costume sur mesure.<\/h3>\n<p>Anim\u00e9e par l\u2019art et la mode, j\u2019ai construit mon parcours autour de la cr\u00e9ation et du v\u00eatement. Apr\u00e8s un baccalaur\u00e9at en arts appliqu\u00e9s, je me suis form\u00e9e au stylisme puis au mod\u00e9lisme, avant de d\u00e9couvrir l\u2019univers du tailleur sur mesure \u2014 une \u00e9vidence que je n\u2019ai plus quitt\u00e9e.<br \/>Forte de cette exp\u00e9rience, j\u2019ai fond\u00e9 L\u2019api\u00e9ceur en 2014 avec l\u2019envie de proposer une vision personnelle du costume&nbsp;: \u00e9l\u00e9gante, contemporaine et accessible au quotidien comme aux grands moments. Sans chercher \u00e0 bousculer les codes du tailleur traditionnel, j\u2019ai souhait\u00e9 les interpr\u00e9ter avec plus de libert\u00e9.<br \/>Les collections traduisent cette approche. Inspir\u00e9es par l\u2019art et l\u2019architecture, elles mettent en sc\u00e8ne des silhouettes pens\u00e9es pour \u00eatre port\u00e9es, v\u00e9cues et incarn\u00e9es.<\/p>\n<\/div><\/div>\n<\/div>\n\n<div class=\"et_pb_column_2 et_pb_column et-last-child et_flex_column et_pb_css_mix_blend_mode_passthrough et_flex_column_12_24 et_flex_column_12_24_tablet et_flex_column_24_24_phone et_flex_column_24_24_phoneWide et_flex_column_12_24_tabletWide preset--group--divi-column--divi-spacing--default\">\n<div class=\"et_pb_image_0 et_pb_image et_pb_image_sticky et_pb_module et_flex_module preset--group--divi-image--divi-spacing--default\"><span class=\"et_pb_image_wrap\"><img loading=\"lazy\" decoding=\"async\" src=\"https:\/\/lapieceur.com\/site26\/wp-content\/uploads\/2026\/03\/lapieceur-camille-maison.webp\" title=\"lapieceur-camille-maison\" width=\"900\" height=\"900\" srcset=\"https:\/\/lapieceur.com\/site26\/wp-content\/uploads\/2026\/03\/lapieceur-camille-maison.webp 900w, https:\/\/lapieceur.com\/site26\/wp-content\/uploads\/2026\/03\/lapieceur-camille-maison-480x480.webp 480w\" sizes=\"(min-width: 0px) and (max-width: 480px) 480px, (min-width: 481px) 900px, 100vw\" class=\"wp-image-1502\" \/><\/span><\/div>\n<\/div>\n<\/div>\n\n<div class=\"et_pb_row_2 et_pb_row et_flex_row preset--group--divi-row--divi-spacing--default\">\n<div class=\"et_pb_column_3 et_pb_column et-last-child et_flex_column et_pb_css_mix_blend_mode_passthrough et_flex_column_24_24 et_flex_column_24_24_tablet et_flex_column_24_24_phone et_flex_column_24_24_phoneWide et_flex_column_24_24_tabletWide preset--group--divi-column--divi-spacing--default\">\n<div class=\"et_pb_image_1 et_pb_image et_pb_image_sticky_phone et_pb_module et_flex_module preset--group--divi-image--divi-spacing--default\"><span class=\"et_pb_image_wrap\"><img loading=\"lazy\" decoding=\"async\" src=\"https:\/\/lapieceur.com\/site26\/wp-content\/uploads\/2026\/03\/Costumes-sur-mesure-Paris-lapieceur.webp\" title=\"Costumes sur mesure Paris - l&#039;api\u00e9ceur - t\" width=\"1300\" height=\"731\" srcset=\"https:\/\/lapieceur.com\/site26\/wp-content\/uploads\/2026\/03\/Costumes-sur-mesure-Paris-lapieceur.webp 1300w, https:\/\/lapieceur.com\/site26\/wp-content\/uploads\/2026\/03\/Costumes-sur-mesure-Paris-lapieceur-1280x720.webp 1280w, https:\/\/lapieceur.com\/site26\/wp-content\/uploads\/2026\/03\/Costumes-sur-mesure-Paris-lapieceur-980x551.webp 980w, https:\/\/lapieceur.com\/site26\/wp-content\/uploads\/2026\/03\/Costumes-sur-mesure-Paris-lapieceur-480x270.webp 480w\" sizes=\"(min-width: 0px) and (max-width: 480px) 480px, (min-width: 481px) and (max-width: 980px) 980px, (min-width: 981px) and (max-width: 1280px) 1280px, (min-width: 1281px) 1300px, 100vw\" class=\"wp-image-126 wp-image-185\" \/><\/span><\/div>\n\n<div class=\"et_pb_text_2 et_pb_text et_pb_bg_layout_light et_pb_module et_flex_module preset--group--divi-text--divi-spacing--default preset--group--divi-text--divi-font-body--default preset--group--divi-text--divi-font-header--default\"><div class=\"et_pb_text_inner\"><h2>RENDEZ-VOUS EN BOUTIQUE<\/h2>\n<p>Le rendez-vous est une \u00e9tape essentielle dans la cr\u00e9ation d\u2019un costume sur mesure.<\/p>\n<p>Il permet d\u2019\u00e9changer sur votre projet, de d\u00e9finir vos besoins et de vous accompagner dans le choix des coupes, mati\u00e8res et d\u00e9tails.<\/p>\n<p>Qu\u2019il s\u2019agisse d\u2019un costume de c\u00e9r\u00e9monie ou d\u2019un costume business, chaque rendez-vous est personnalis\u00e9 et sans engagement.<\/p>\n<\/div><\/div>\n\n<div class=\"et_pb_module et_pb_button_module_wrapper et_pb_button_0_wrapper preset--group--divi-button--divi-spacing--default_wrapper preset--group--divi-button--divi-button--default_wrapper preset--group--divi-button--divi-font--default_wrapper\"><a class=\"et_pb_button_0 et_pb_button et_pb_bg_layout_light et_pb_module et_flex_module preset--group--divi-button--divi-spacing--default preset--group--divi-button--divi-button--default preset--group--divi-button--divi-font--default\" href=\"https:\/\/lapieceur.com\/site26\/prendre-rendez-vous\/\">prendre rendez-vous<\/a><\/div>\n<\/div>\n<\/div>\n\n<div class=\"et_pb_row_3 et_pb_row et_flex_row preset--group--divi-row--divi-spacing--default\">\n<div class=\"et_pb_column_4 et_pb_column et_flex_column et_pb_css_mix_blend_mode_passthrough et_flex_column_12_24 et_flex_column_12_24_tablet et_flex_column_24_24_phone et_flex_column_24_24_phoneWide et_flex_column_12_24_tabletWide preset--group--divi-column--divi-spacing--default\">\n<div class=\"et_pb_image_2 et_pb_image et_pb_image_sticky et_pb_module et_flex_module preset--group--divi-image--divi-spacing--default\"><span class=\"et_pb_image_wrap\"><img loading=\"lazy\" decoding=\"async\" src=\"https:\/\/lapieceur.com\/site26\/wp-content\/uploads\/2026\/03\/lapieceur-charlotte-maison.webp\" title=\"lapieceur-charlotte-maison\" width=\"900\" height=\"900\" srcset=\"https:\/\/lapieceur.com\/site26\/wp-content\/uploads\/2026\/03\/lapieceur-charlotte-maison.webp 900w, https:\/\/lapieceur.com\/site26\/wp-content\/uploads\/2026\/03\/lapieceur-charlotte-maison-480x480.webp 480w\" sizes=\"(min-width: 0px) and (max-width: 480px) 480px, (min-width: 481px) 900px, 100vw\" class=\"wp-image-1503\" \/><\/span><\/div>\n<\/div>\n\n<div class=\"et_pb_column_5 et_pb_column et-last-child et_flex_column et_pb_css_mix_blend_mode_passthrough et_flex_column_12_24 et_flex_column_12_24_tablet et_flex_column_24_24_phone et_flex_column_24_24_phoneWide et_flex_column_12_24_tabletWide preset--group--divi-column--divi-spacing--default\">\n<div class=\"et_pb_text_3 et_pb_text et_pb_bg_layout_light et_pb_module et_flex_module preset--group--divi-text--divi-spacing--default preset--group--divi-text--divi-font-body--default preset--group--divi-text--divi-font-header--default\"><div class=\"et_pb_text_inner\"><h2>LE SENS DU CONSEIL<\/h2>\n<h3>Comprendre vos attentes pour mieux vous accompagner.<\/h3>\n<p>Charlotte vous accueille \u00e0 la boutique avec passion et bienveillance.<\/p>\n<p>Souriante et attentive, elle accompagne chaque client avec justesse, en prenant le temps d\u2019\u00e9couter, de conseiller et de guider chaque projet.<\/p>\n<p>Forte d\u2019une solide expertise dans la prise de mesures, elle veille \u00e0 la pr\u00e9cision de chaque \u00e9tape afin de garantir un costume parfaitement ajust\u00e9, fid\u00e8le \u00e0 votre morphologie et \u00e0 votre style<\/p>\n<\/div><\/div>\n<\/div>\n<\/div>\n\n<div class=\"et_pb_row_4 et_pb_row et_flex_row preset--group--divi-row--divi-spacing--default\">\n<div class=\"et_pb_column_6 et_pb_column et_flex_column et_pb_css_mix_blend_mode_passthrough et_flex_column_12_24 et_flex_column_12_24_tablet et_flex_column_24_24_phone et_flex_column_24_24_phoneWide et_flex_column_12_24_tabletWide preset--group--divi-column--divi-spacing--default\">\n<div class=\"et_pb_image_3 et_pb_image et_pb_image_sticky et_pb_module et_flex_module preset--group--divi-image--divi-spacing--default\"><span class=\"et_pb_image_wrap\"><img loading=\"lazy\" decoding=\"async\" src=\"https:\/\/lapieceur.com\/site26\/wp-content\/uploads\/2026\/03\/lapieceur-charlotte-maison.webp\" title=\"lapieceur-MOOD-inspiration\" width=\"900\" height=\"900\" srcset=\"https:\/\/lapieceur.com\/site26\/wp-content\/uploads\/2026\/03\/lapieceur-charlotte-maison.webp 900w, https:\/\/lapieceur.com\/site26\/wp-content\/uploads\/2026\/03\/lapieceur-charlotte-maison-480x480.webp 480w\" sizes=\"(min-width: 0px) and (max-width: 480px) 480px, (min-width: 481px) 900px, 100vw\" class=\"wp-image-1503 wp-image-1504\" \/><\/span><\/div>\n<\/div>\n\n<div class=\"et_pb_column_7 et_pb_column et-last-child et_flex_column et_pb_css_mix_blend_mode_passthrough et_flex_column_12_24 et_flex_column_12_24_tablet et_flex_column_24_24_phone et_flex_column_24_24_phoneWide et_flex_column_12_24_tabletWide preset--group--divi-column--divi-spacing--default\">\n<div class=\"et_pb_text_4 et_pb_text et_pb_bg_layout_light et_pb_module et_flex_module preset--group--divi-text--divi-spacing--default preset--group--divi-text--divi-font-body--default preset--group--divi-text--divi-font-header--default\"><div class=\"et_pb_text_inner\" data-et-mv-hidden-phone=\"true\"><h2>LE SENS DU CONSEIL<\/h2>\n<h3>Comprendre vos attentes pour mieux vous accompagner.<\/h3>\n<p>Charlotte vous accueille \u00e0 la boutique avec passion et bienveillance.<\/p>\n<p>Souriante et attentive, elle accompagne chaque client avec justesse, en prenant le temps d\u2019\u00e9couter, de conseiller et de guider chaque projet.<\/p>\n<p>Forte d\u2019une solide expertise dans la prise de mesures, elle veille \u00e0 la pr\u00e9cision de chaque \u00e9tape afin de garantir un costume parfaitement ajust\u00e9, fid\u00e8le \u00e0 votre morphologie et \u00e0 votre style<\/p>\n<\/div>\n<div class=\"et_pb_module et_pb_button_module_wrapper et_pb_button_1_wrapper preset--group--divi-button--divi-spacing--default_wrapper preset--group--divi-button--divi-button--default_wrapper preset--group--divi-button--divi-font--default_wrapper\"><a class=\"et_pb_button_1 et_pb_button et_pb_bg_layout_light et_pb_module et_flex_module preset--group--divi-button--divi-spacing--default preset--group--divi-button--divi-button--default preset--group--divi-button--divi-font--default\" href=\"https:\/\/fr.pinterest.com\/lapieceur\/\" target=\"_blank\">voir plus d&#039;inspiration sur pinterest<\/a><\/div>\n<\/div>\n<\/div>\n<\/div>\n\n<div class=\"et_pb_row_5 et_pb_row et_flex_row preset--group--divi-row--divi-spacing--default\">\n<div class=\"et_pb_column_8 et_pb_column et-last-child et_flex_column et_pb_css_mix_blend_mode_passthrough et_flex_column_24_24 et_flex_column_24_24_tablet et_flex_column_24_24_phone et_flex_column_24_24_phoneWide et_flex_column_24_24_tabletWide preset--group--divi-column--divi-spacing--default\">\n<div class=\"et_pb_text_5 et_pb_text et_pb_bg_layout_light et_pb_module et_flex_module preset--group--divi-text--divi-spacing--default preset--group--divi-text--divi-font-body--default preset--group--divi-text--divi-font-header--default\"><div class=\"et_pb_text_inner\"><h2>UN UNIVERS SENSIBLE<\/h2>\n<h3>Des inspirations qui nourrissent chaque collection.<\/h3>\n<p>L\u2019univers de L\u2019api\u00e9ceur s\u2019est fa\u00e7onn\u00e9 au fil du temps, entre rencontres, voyages et inspirations visuelles, cin\u00e9matographiques et musicales.<br \/>Une sensibilit\u00e9 que l\u2019on retrouve dans les images des collections comme dans l\u2019exp\u00e9rience v\u00e9cue \u00e0 la boutique.<\/p>\n<\/div>\n<div class=\"et_pb_module et_pb_button_module_wrapper et_pb_button_2_wrapper preset--group--divi-button--divi-spacing--default_wrapper preset--group--divi-button--divi-button--default_wrapper preset--group--divi-button--divi-font--default_wrapper\"><a class=\"et_pb_button_2 et_pb_button et_pb_bg_layout_light et_pb_module et_flex_module preset--group--divi-button--divi-spacing--default preset--group--divi-button--divi-button--default preset--group--divi-button--divi-font--default\" href=\"https:\/\/fr.pinterest.com\/lapieceur\/\" target=\"_blank\">voir plus d&#039;inspiration sur pinterest<\/a><\/div>\n<\/div>\n<\/div>\n<\/div>\n<\/div>","protected":false},"excerpt":{"rendered":"<p>L&#8217;api\u00e9ceur, une vision libre et contemporaine du costume sur mesure, des silhouettes pens\u00e9es pour \u00eatre port\u00e9es, v\u00e9cues et incarn\u00e9es.<\/p>","protected":false},"author":1,"featured_media":185,"parent":0,"menu_order":0,"comment_status":"closed","ping_status":"closed","template":"","meta":{"footnotes":""},"class_list":["post-1500","page","type-page","status-publish","has-post-thumbnail","hentry"],"_links":{"self":[{"href":"https:\/\/lapieceur.com\/site26\/wp-json\/wp\/v2\/pages\/1500","targetHints":{"allow":["GET"]}}],"collection":[{"href":"https:\/\/lapieceur.com\/site26\/wp-json\/wp\/v2\/pages"}],"about":[{"href":"https:\/\/lapieceur.com\/site26\/wp-json\/wp\/v2\/types\/page"}],"author":[{"embeddable":true,"href":"https:\/\/lapieceur.com\/site26\/wp-json\/wp\/v2\/users\/1"}],"replies":[{"embeddable":true,"href":"https:\/\/lapieceur.com\/site26\/wp-json\/wp\/v2\/comments?post=1500"}],"version-history":[{"count":21,"href":"https:\/\/lapieceur.com\/site26\/wp-json\/wp\/v2\/pages\/1500\/revisions"}],"predecessor-version":[{"id":1844,"href":"https:\/\/lapieceur.com\/site26\/wp-json\/wp\/v2\/pages\/1500\/revisions\/1844"}],"wp:featuredmedia":[{"embeddable":true,"href":"https:\/\/lapieceur.com\/site26\/wp-json\/wp\/v2\/media\/185"}],"wp:attachment":[{"href":"https:\/\/lapieceur.com\/site26\/wp-json\/wp\/v2\/media?parent=1500"}],"curies":[{"name":"wp","href":"https:\/\/api.w.org\/{rel}","templated":true}]}}