{"id":1513,"date":"2026-03-28T15:21:24","date_gmt":"2026-03-28T14:21:24","guid":{"rendered":"https:\/\/lapieceur.com\/site26\/?page_id=1513"},"modified":"2026-04-05T16:37:32","modified_gmt":"2026-04-05T14:37:32","slug":"chemise-sur-mesure","status":"publish","type":"page","link":"https:\/\/lapieceur.com\/site26\/chemise-sur-mesure\/","title":{"rendered":"Chemise sur mesure"},"content":{"rendered":"<div class=\"et_pb_section_0 et_pb_section et_section_regular et_flex_section preset--group--divi-section--divi-spacing--default\">\n<div class=\"et_pb_row_0 et_pb_row et_flex_row preset--group--divi-row--divi-spacing--default\">\n<div class=\"et_pb_column_0 et_pb_column et-last-child et_flex_column et_pb_css_mix_blend_mode_passthrough et_flex_column_24_24 et_flex_column_24_24_tablet et_flex_column_24_24_phone et_flex_column_24_24_phoneWide et_flex_column_24_24_tabletWide preset--group--divi-column--divi-spacing--default\">\n<div class=\"et_pb_text_0 et_pb_text et_pb_bg_layout_light et_pb_module et_flex_module preset--group--divi-text--divi-spacing--default preset--group--divi-text--divi-font-body--default preset--group--divi-text--divi-font-header--default\"><div class=\"et_pb_text_inner\"><h2>CHEMISE SUR MESURE<\/h2>\n<\/div><\/div>\n<\/div>\n<\/div>\n\n<div class=\"et_pb_row_1 et_pb_row et_flex_row preset--group--divi-row--divi-spacing--default\">\n<div class=\"et_pb_column_1 et_pb_column et_flex_column et_pb_css_mix_blend_mode_passthrough et_flex_column_12_24 et_flex_column_12_24_tablet et_flex_column_24_24_phone et_flex_column_24_24_phoneWide et_flex_column_12_24_tabletWide preset--group--divi-column--divi-spacing--default\">\n<div class=\"et_pb_text_1 et_pb_text et_pb_bg_layout_light et_pb_module et_flex_module preset--group--divi-text--divi-spacing--default preset--group--divi-text--divi-font-body--default preset--group--divi-text--divi-font-header--default\"><div class=\"et_pb_text_inner\"><h2>UNE CHEMISE UNIQUE<\/h2>\n<p>Plus qu\u2019un essentiel, la chemise est une seconde peau. Elle incarne votre allure, refl\u00e8te votre personnalit\u00e9, et accompagne chacun de vos gestes avec justesse. <\/p>\n<p>Nous la concevons \u00e0 votre image&nbsp;: unique, pr\u00e9cise, raffin\u00e9e.<br \/>Chaque d\u00e9tail compte&nbsp;: de la coupe \u00e0 la mati\u00e8re, du col \u00e0 la boutonni\u00e8re, pour cr\u00e9er une pi\u00e8ce qui s\u2019adapte \u00e0 votre quotidien comme \u00e0 vos instants d\u2019exception.<\/p>\n<p>Notre atelier de chemises, familial et hautement sp\u00e9cialis\u00e9, signe des pi\u00e8ces aux finitions dignes des plus grandes maisons&nbsp;: boutons cousus main, hirondelles ton sur ton et piq\u00fbre d\u2019une grande pr\u00e9cision.<\/p>\n<\/div><\/div>\n<\/div>\n\n<div class=\"et_pb_column_2 et_pb_column et-last-child et_flex_column et_pb_css_mix_blend_mode_passthrough et_flex_column_12_24 et_flex_column_12_24_tablet et_flex_column_24_24_phone et_flex_column_24_24_phoneWide et_flex_column_12_24_tabletWide preset--group--divi-column--divi-spacing--default\">\n<div class=\"et_pb_image_0 et_pb_image et_pb_module et_flex_module preset--group--divi-image--divi-spacing--default\"><span class=\"et_pb_image_wrap\"><img loading=\"lazy\" decoding=\"async\" src=\"https:\/\/lapieceur.com\/site26\/wp-content\/uploads\/2026\/03\/lapieceur-chemise-unique-.webp\" title=\"lapieceur-chemise-unique-\" width=\"1122\" height=\"1122\" srcset=\"https:\/\/lapieceur.com\/site26\/wp-content\/uploads\/2026\/03\/lapieceur-chemise-unique-.webp 1122w, https:\/\/lapieceur.com\/site26\/wp-content\/uploads\/2026\/03\/lapieceur-chemise-unique--980x980.webp 980w, https:\/\/lapieceur.com\/site26\/wp-content\/uploads\/2026\/03\/lapieceur-chemise-unique--480x480.webp 480w\" sizes=\"(min-width: 0px) and (max-width: 480px) 480px, (min-width: 481px) and (max-width: 980px) 980px, (min-width: 981px) 1122px, 100vw\" class=\"wp-image-1403\" \/><\/span><\/div>\n<\/div>\n<\/div>\n\n<div class=\"et_pb_row_2 et_pb_row et_flex_row preset--group--divi-row--divi-spacing--default\">\n<div class=\"et_pb_column_3 et_pb_column et_flex_column et_pb_css_mix_blend_mode_passthrough et_flex_column_12_24 et_flex_column_12_24_tablet et_flex_column_24_24_phone et_flex_column_24_24_phoneWide et_flex_column_12_24_tabletWide preset--group--divi-column--divi-spacing--default\">\n<div class=\"et_pb_image_1 et_pb_image et_pb_module et_flex_module preset--group--divi-image--divi-spacing--default\"><span class=\"et_pb_image_wrap\"><img loading=\"lazy\" decoding=\"async\" src=\"https:\/\/lapieceur.com\/site26\/wp-content\/uploads\/2026\/03\/lapieceur-chemise-sur-mesure-1-1.webp\" title=\"lapieceur-chemise-sur-mesure-\" width=\"1122\" height=\"1122\" srcset=\"https:\/\/lapieceur.com\/site26\/wp-content\/uploads\/2026\/03\/lapieceur-chemise-sur-mesure-1-1.webp 1122w, https:\/\/lapieceur.com\/site26\/wp-content\/uploads\/2026\/03\/lapieceur-chemise-sur-mesure-1-1-980x980.webp 980w, https:\/\/lapieceur.com\/site26\/wp-content\/uploads\/2026\/03\/lapieceur-chemise-sur-mesure-1-1-480x480.webp 480w\" sizes=\"(min-width: 0px) and (max-width: 480px) 480px, (min-width: 481px) and (max-width: 980px) 980px, (min-width: 981px) 1122px, 100vw\" class=\"wp-image-1405\" \/><\/span><\/div>\n<\/div>\n\n<div class=\"et_pb_column_4 et_pb_column et-last-child et_flex_column et_pb_css_mix_blend_mode_passthrough et_flex_column_12_24 et_flex_column_12_24_tablet et_flex_column_24_24_phone et_flex_column_24_24_phoneWide et_flex_column_12_24_tabletWide preset--group--divi-column--divi-spacing--default\">\n<div class=\"et_pb_text_2 et_pb_text et_pb_bg_layout_light et_pb_module et_flex_module preset--group--divi-text--divi-spacing--default preset--group--divi-text--divi-font-body--default preset--group--divi-text--divi-font-header--default\"><div class=\"et_pb_text_inner\"><h2>LA PRISE DE MESURES<\/h2>\n<p>Chaque morphologie est unique&nbsp;: la prise de mesures est l\u2019\u00e9tape essentielle dans la cr\u00e9ation d\u2019une chemise sur mesure. R\u00e9alis\u00e9e avec pr\u00e9cision, elle garantit une coupe \u00e9quilibr\u00e9e, confortable et parfaitement adapt\u00e9e \u00e0 votre posture.<\/p>\n<p>Lors du rendez-vous, nous relevons de nombreuses mesures \u2014 tour de cou, carrure, longueurs, emmanchures, inclinaisons \u2014 afin de d\u00e9finir une base technique juste.<\/p>\n<p>Mais au-del\u00e0 des chiffres, nous observons aussi votre posture et votre mani\u00e8re de bouger.<\/p>\n<p>Cette lecture globale permet d\u2019ajuster chaque ligne du v\u00eatement avec pr\u00e9cision, pour une chemise parfaitement adapt\u00e9e \u00e0 votre morphologie, au tomb\u00e9 naturel, sans tension ni exc\u00e8s de mati\u00e8re.<\/p>\n<\/div><\/div>\n<\/div>\n<\/div>\n\n<div class=\"et_pb_row_3 et_pb_row et_flex_row preset--group--divi-row--divi-spacing--default\">\n<div class=\"et_pb_column_5 et_pb_column et_flex_column et_pb_css_mix_blend_mode_passthrough et_flex_column_12_24 et_flex_column_12_24_tablet et_flex_column_24_24_phone et_flex_column_24_24_phoneWide et_flex_column_12_24_tabletWide preset--group--divi-column--divi-spacing--default\">\n<div class=\"et_pb_text_3 et_pb_text et_pb_bg_layout_light et_pb_module et_flex_module preset--group--divi-text--divi-spacing--default preset--group--divi-text--divi-font-body--default preset--group--divi-text--divi-font-header--default\"><div class=\"et_pb_text_inner\"><h2>CHAQUE D\u00c9TAIL COMPTE<\/h2>\n<p><strong>LE TISSU<\/strong><br \/>Nous proposons une large s\u00e9lection de tissus haut de gamme, provenant de maisons renomm\u00e9es.<\/p>\n<p><strong>LE COL<\/strong><br \/>Le col structure la chemise et influence son style.<br \/>Choisissez parmi une vari\u00e9t\u00e9 de formes selon l\u2019usage et votre morphologie.<\/p>\n<p><strong>LES POIGNETS<\/strong> <br \/>Les poignets finissent la manche et apportent du caract\u00e8re \u00e0 votre chemise.<\/p>\n<p><strong>LA COUPE<\/strong><br \/>Cintr\u00e9e, droite ou oversize, adapt\u00e9e \u00e0 votre silhouette et \u00e0 vos pr\u00e9f\u00e9rences de confort.<\/p>\n<p><strong>LES FINITIONS<\/strong><br \/>Pinces au dos, initiales brod\u00e9es, ... autant de d\u00e9tails qui font la diff\u00e9rence.<\/p>\n<\/div><\/div>\n<\/div>\n\n<div class=\"et_pb_column_6 et_pb_column et-last-child et_flex_column et_pb_css_mix_blend_mode_passthrough et_flex_column_12_24 et_flex_column_12_24_tablet et_flex_column_24_24_phone et_flex_column_24_24_phoneWide et_flex_column_12_24_tabletWide preset--group--divi-column--divi-spacing--default\">\n<div class=\"et_pb_image_2 et_pb_image et_pb_module et_flex_module preset--group--divi-image--divi-spacing--default\"><span class=\"et_pb_image_wrap\"><img loading=\"lazy\" decoding=\"async\" src=\"https:\/\/lapieceur.com\/site26\/wp-content\/uploads\/2026\/03\/lapieceur-chemise-2.gif\" title=\"l&#039;api\u00e9ceur---chemise-2\" width=\"1122\" height=\"1122\" srcset=\"https:\/\/lapieceur.com\/site26\/wp-content\/uploads\/2026\/03\/lapieceur-chemise-2.gif 1122w, https:\/\/lapieceur.com\/site26\/wp-content\/uploads\/2026\/03\/lapieceur-chemise-2-300x300.gif 300w, https:\/\/lapieceur.com\/site26\/wp-content\/uploads\/2026\/03\/lapieceur-chemise-2-100x100.gif 100w, https:\/\/lapieceur.com\/site26\/wp-content\/uploads\/2026\/03\/lapieceur-chemise-2-600x600.gif 600w\" sizes=\"(max-width: 1122px) 100vw, 1122px\" class=\"wp-image-1407\" \/><\/span><\/div>\n<\/div>\n<\/div>\n\n<div class=\"et_pb_row_4 et_pb_row et_flex_row preset--group--divi-row--divi-spacing--default\">\n<div class=\"et_pb_column_7 et_pb_column et-last-child et_flex_column et_pb_css_mix_blend_mode_passthrough et_flex_column_24_24 et_flex_column_24_24_tablet et_flex_column_24_24_phone et_flex_column_24_24_phoneWide et_flex_column_24_24_tabletWide preset--group--divi-column--divi-spacing--default\">\n<div class=\"et_pb_text_4 et_pb_text et_pb_bg_layout_light et_pb_module et_flex_module preset--group--divi-text--divi-spacing--default preset--group--divi-text--divi-font-body--default preset--group--divi-text--divi-font-header--default\"><div class=\"et_pb_text_inner\"><h2>INSCRIRE LA CHEMISE DANS VOTRE QUOTIDIEN<\/h2>\n<\/div><\/div>\n<\/div>\n<\/div>\n\n<div class=\"et_pb_row_5 et_pb_row et_flex_row preset--group--divi-row--divi-spacing--default\">\n<div class=\"et_pb_column_8 et_pb_column et_flex_column et_pb_css_mix_blend_mode_passthrough et_flex_column_4_24 et_flex_column_8_24_tablet et_flex_column_12_24_phone et_flex_column_12_24_phoneWide et_flex_column_8_24_tabletWide preset--group--divi-column--divi-spacing--default\">\n<div class=\"et_pb_image_3 et_pb_image et_pb_module et_flex_module preset--group--divi-image--divi-spacing--default\"><a href=\"https:\/\/lapieceur.com\/site26\/wp-content\/uploads\/2026\/03\/lapieceur-chemise-6.webp\" class=\"et_pb_lightbox_image\"><span class=\"et_pb_image_wrap\"><img loading=\"lazy\" decoding=\"async\" src=\"https:\/\/lapieceur.com\/site26\/wp-content\/uploads\/2026\/03\/lapieceur-chemise-6.webp\" title=\"lapieceur-chemise-1\" width=\"793\" height=\"1122\" srcset=\"https:\/\/lapieceur.com\/site26\/wp-content\/uploads\/2026\/03\/lapieceur-chemise-6.webp 793w, https:\/\/lapieceur.com\/site26\/wp-content\/uploads\/2026\/03\/lapieceur-chemise-6-480x679.webp 480w\" sizes=\"(min-width: 0px) and (max-width: 480px) 480px, (min-width: 481px) 793px, 100vw\" class=\"wp-image-1399\" \/><\/span><\/a><\/div>\n<\/div>\n\n<div class=\"et_pb_column_9 et_pb_column et_flex_column et_pb_css_mix_blend_mode_passthrough et_flex_column_4_24 et_flex_column_8_24_tablet et_flex_column_12_24_phone et_flex_column_12_24_phoneWide et_flex_column_8_24_tabletWide preset--group--divi-column--divi-spacing--default\">\n<div class=\"et_pb_image_4 et_pb_image et_pb_module et_flex_module preset--group--divi-image--divi-spacing--default\"><a href=\"https:\/\/lapieceur.com\/site26\/wp-content\/uploads\/2026\/03\/lapieceur-chemise-5.webp\" class=\"et_pb_lightbox_image\"><span class=\"et_pb_image_wrap\"><img loading=\"lazy\" decoding=\"async\" src=\"https:\/\/lapieceur.com\/site26\/wp-content\/uploads\/2026\/03\/lapieceur-chemise-5.webp\" title=\"lapieceur-chemise-1\" width=\"793\" height=\"1122\" srcset=\"https:\/\/lapieceur.com\/site26\/wp-content\/uploads\/2026\/03\/lapieceur-chemise-5.webp 793w, https:\/\/lapieceur.com\/site26\/wp-content\/uploads\/2026\/03\/lapieceur-chemise-5-480x679.webp 480w\" sizes=\"(min-width: 0px) and (max-width: 480px) 480px, (min-width: 481px) 793px, 100vw\" class=\"wp-image-1398\" \/><\/span><\/a><\/div>\n<\/div>\n\n<div class=\"et_pb_column_10 et_pb_column et_flex_column et_pb_css_mix_blend_mode_passthrough et_flex_column_4_24 et_flex_column_8_24_tablet et_flex_column_12_24_phone et_flex_column_12_24_phoneWide et_flex_column_8_24_tabletWide preset--group--divi-column--divi-spacing--default\">\n<div class=\"et_pb_image_5 et_pb_image et_pb_module et_flex_module preset--group--divi-image--divi-spacing--default\"><a href=\"https:\/\/lapieceur.com\/site26\/wp-content\/uploads\/2026\/03\/lapieceur-chemise-4.webp\" class=\"et_pb_lightbox_image\"><span class=\"et_pb_image_wrap\"><img loading=\"lazy\" decoding=\"async\" src=\"https:\/\/lapieceur.com\/site26\/wp-content\/uploads\/2026\/03\/lapieceur-chemise-4.webp\" title=\"lapieceur-chemise-1\" width=\"793\" height=\"1122\" srcset=\"https:\/\/lapieceur.com\/site26\/wp-content\/uploads\/2026\/03\/lapieceur-chemise-4.webp 793w, https:\/\/lapieceur.com\/site26\/wp-content\/uploads\/2026\/03\/lapieceur-chemise-4-480x679.webp 480w\" sizes=\"(min-width: 0px) and (max-width: 480px) 480px, (min-width: 481px) 793px, 100vw\" class=\"wp-image-1397\" \/><\/span><\/a><\/div>\n<\/div>\n\n<div class=\"et_pb_column_11 et_pb_column et_flex_column et_pb_css_mix_blend_mode_passthrough et_flex_column_4_24 et_flex_column_8_24_tablet et_flex_column_12_24_phone et_flex_column_12_24_phoneWide et_flex_column_8_24_tabletWide preset--group--divi-column--divi-spacing--default\">\n<div class=\"et_pb_image_6 et_pb_image et_pb_module et_flex_module preset--group--divi-image--divi-spacing--default\"><a href=\"https:\/\/lapieceur.com\/site26\/wp-content\/uploads\/2026\/03\/lapieceur-chemise-3.webp\" class=\"et_pb_lightbox_image\"><span class=\"et_pb_image_wrap\"><img loading=\"lazy\" decoding=\"async\" src=\"https:\/\/lapieceur.com\/site26\/wp-content\/uploads\/2026\/03\/lapieceur-chemise-3.webp\" title=\"lapieceur-chemise-1\" width=\"793\" height=\"1122\" srcset=\"https:\/\/lapieceur.com\/site26\/wp-content\/uploads\/2026\/03\/lapieceur-chemise-3.webp 793w, https:\/\/lapieceur.com\/site26\/wp-content\/uploads\/2026\/03\/lapieceur-chemise-3-480x679.webp 480w\" sizes=\"(min-width: 0px) and (max-width: 480px) 480px, (min-width: 481px) 793px, 100vw\" class=\"wp-image-1396\" \/><\/span><\/a><\/div>\n<\/div>\n\n<div class=\"et_pb_column_12 et_pb_column et_flex_column et_pb_css_mix_blend_mode_passthrough et_flex_column_4_24 et_flex_column_8_24_tablet et_flex_column_12_24_phone et_flex_column_12_24_phoneWide et_flex_column_8_24_tabletWide preset--group--divi-column--divi-spacing--default\">\n<div class=\"et_pb_image_7 et_pb_image et_pb_module et_flex_module preset--group--divi-image--divi-spacing--default\"><a href=\"https:\/\/lapieceur.com\/site26\/wp-content\/uploads\/2026\/03\/lapieceur-chemise-2.webp\" class=\"et_pb_lightbox_image\"><span class=\"et_pb_image_wrap\"><img loading=\"lazy\" decoding=\"async\" src=\"https:\/\/lapieceur.com\/site26\/wp-content\/uploads\/2026\/03\/lapieceur-chemise-2.webp\" title=\"lapieceur-chemise-1\" width=\"793\" height=\"1122\" srcset=\"https:\/\/lapieceur.com\/site26\/wp-content\/uploads\/2026\/03\/lapieceur-chemise-2.webp 793w, https:\/\/lapieceur.com\/site26\/wp-content\/uploads\/2026\/03\/lapieceur-chemise-2-480x679.webp 480w\" sizes=\"(min-width: 0px) and (max-width: 480px) 480px, (min-width: 481px) 793px, 100vw\" class=\"wp-image-1395\" \/><\/span><\/a><\/div>\n<\/div>\n\n<div class=\"et_pb_column_13 et_pb_column et-last-child et_flex_column et_pb_css_mix_blend_mode_passthrough et_flex_column_4_24 et_flex_column_8_24_tablet et_flex_column_12_24_phone et_flex_column_12_24_phoneWide et_flex_column_8_24_tabletWide preset--group--divi-column--divi-spacing--default\">\n<div class=\"et_pb_image_8 et_pb_image et_pb_module et_flex_module preset--group--divi-image--divi-spacing--default\"><a href=\"https:\/\/lapieceur.com\/site26\/wp-content\/uploads\/2026\/03\/lapieceur-chemise-1.webp\" class=\"et_pb_lightbox_image\"><span class=\"et_pb_image_wrap\"><img loading=\"lazy\" decoding=\"async\" src=\"https:\/\/lapieceur.com\/site26\/wp-content\/uploads\/2026\/03\/lapieceur-chemise-1.webp\" title=\"lapieceur-chemise-1\" width=\"793\" height=\"1122\" srcset=\"https:\/\/lapieceur.com\/site26\/wp-content\/uploads\/2026\/03\/lapieceur-chemise-1.webp 793w, https:\/\/lapieceur.com\/site26\/wp-content\/uploads\/2026\/03\/lapieceur-chemise-1-480x679.webp 480w\" sizes=\"(min-width: 0px) and (max-width: 480px) 480px, (min-width: 481px) 793px, 100vw\" class=\"wp-image-1394\" \/><\/span><\/a><\/div>\n<\/div>\n<\/div>\n\n<div class=\"et_pb_row_6 et_pb_row et_flex_row preset--group--divi-row--divi-spacing--default\">\n<div class=\"et_pb_column_14 et_pb_column et-last-child et_flex_column et_pb_css_mix_blend_mode_passthrough et_flex_column_24_24 et_flex_column_24_24_tablet et_flex_column_24_24_phone et_flex_column_24_24_phoneWide et_flex_column_24_24_tabletWide preset--group--divi-column--divi-spacing--default\">\n<div class=\"et_pb_text_5 et_pb_text et_pb_bg_layout_light et_pb_module et_flex_module preset--group--divi-text--divi-spacing--default preset--group--divi-text--divi-font-body--default preset--group--divi-text--divi-font-header--default\"><div class=\"et_pb_text_inner\"><p>Longtemps per\u00e7ue comme une pi\u00e8ce formelle, la chemise s\u2019affranchit aujourd\u2019hui des codes pour devenir un v\u00e9ritable compagnon du quotidien.<\/p>\n<p>Qu\u2019elle soit port\u00e9e sous un costume structur\u00e9, gliss\u00e9e dans un jean brut ou jet\u00e9e sur un t-shirt blanc, elle s\u2019adapte \u00e0 tous les rythmes, \u00e0 toutes les saisons, \u00e0 toutes les personnalit\u00e9s.<\/p>\n<p>Chaque chemise est pens\u00e9e pour \u00e9pouser votre style de vie&nbsp;: \u00e9l\u00e9gante sans \u00eatre rigide, confortable sans rien c\u00e9der au raffinement.<br \/>C\u2019est une pi\u00e8ce cam\u00e9l\u00e9on, que vous porterez en rendez-vous comme en week-end, pour affirmer une allure, une intention, une coh\u00e9rence.<\/p>\n<\/div><\/div>\n\n<div class=\"et_pb_module et_pb_button_module_wrapper et_pb_button_0_wrapper preset--group--divi-button--divi-spacing--default_wrapper preset--group--divi-button--divi-button--default_wrapper preset--group--divi-button--divi-font--default_wrapper\"><a class=\"et_pb_button_0 et_pb_button et_pb_bg_layout_light et_pb_module et_flex_module preset--group--divi-button--divi-spacing--default preset--group--divi-button--divi-button--default preset--group--divi-button--divi-font--default\" href=\"https:\/\/lapieceur.com\/site26\/prendre-rendez-vous\/\">prendre rendez-vous<\/a><\/div>\n<\/div>\n<\/div>\n<\/div>","protected":false},"excerpt":{"rendered":"<p>Plus qu\u2019un essentiel, la chemise est une seconde peau. Elle incarne votre allure, refl\u00e8te votre personnalit\u00e9, et accompagne chacun de vos gestes avec justesse. <\/p>","protected":false},"author":1,"featured_media":1400,"parent":0,"menu_order":0,"comment_status":"closed","ping_status":"closed","template":"","meta":{"footnotes":""},"class_list":["post-1513","page","type-page","status-publish","has-post-thumbnail","hentry"],"_links":{"self":[{"href":"https:\/\/lapieceur.com\/site26\/wp-json\/wp\/v2\/pages\/1513","targetHints":{"allow":["GET"]}}],"collection":[{"href":"https:\/\/lapieceur.com\/site26\/wp-json\/wp\/v2\/pages"}],"about":[{"href":"https:\/\/lapieceur.com\/site26\/wp-json\/wp\/v2\/types\/page"}],"author":[{"embeddable":true,"href":"https:\/\/lapieceur.com\/site26\/wp-json\/wp\/v2\/users\/1"}],"replies":[{"embeddable":true,"href":"https:\/\/lapieceur.com\/site26\/wp-json\/wp\/v2\/comments?post=1513"}],"version-history":[{"count":5,"href":"https:\/\/lapieceur.com\/site26\/wp-json\/wp\/v2\/pages\/1513\/revisions"}],"predecessor-version":[{"id":1836,"href":"https:\/\/lapieceur.com\/site26\/wp-json\/wp\/v2\/pages\/1513\/revisions\/1836"}],"wp:featuredmedia":[{"embeddable":true,"href":"https:\/\/lapieceur.com\/site26\/wp-json\/wp\/v2\/media\/1400"}],"wp:attachment":[{"href":"https:\/\/lapieceur.com\/site26\/wp-json\/wp\/v2\/media?parent=1513"}],"curies":[{"name":"wp","href":"https:\/\/api.w.org\/{rel}","templated":true}]}}