{"id":653,"date":"2026-03-20T14:51:45","date_gmt":"2026-03-20T13:51:45","guid":{"rendered":"https:\/\/lapieceur.com\/site26\/?page_id=653"},"modified":"2026-04-08T17:14:25","modified_gmt":"2026-04-08T15:14:25","slug":"in-the-mood","status":"publish","type":"page","link":"https:\/\/lapieceur.com\/site26\/costume-mariage-sur-mesure\/in-the-mood\/","title":{"rendered":"In the mood"},"content":{"rendered":"<div class=\"et_pb_section_0 et_pb_section et_section_regular et_flex_section preset--group--divi-section--divi-spacing--default\">\n<div class=\"et_pb_row_0 et_pb_row et_flex_row preset--group--divi-row--divi-spacing--default\">\n<div class=\"et_pb_column_0 et_pb_column et-last-child et_flex_column et_pb_css_mix_blend_mode_passthrough et_flex_column_24_24 et_flex_column_24_24_tablet et_flex_column_24_24_phone et_flex_column_24_24_phoneWide et_flex_column_24_24_tabletWide preset--group--divi-column--divi-spacing--default\">\n\n\n\n\n<div class=\"et_pb_module et_d4_element lwp_divi_breadcrumbs lwp_divi_breadcrumbs_0\">\n\t\t\t\t\n\t\t\t\t\n\t\t\t\t\n\t\t\t\t\n\t\t\t\t\n\t\t\t\t\n\t\t\t\t<div class=\"et_pb_module_inner\">\n\t\t\t\t\t<div class=\"lwp-breadcrumbs\"> <span class=\"before\"><\/span> <span vocab=\"https:\/\/schema.org\/\" typeof=\"BreadcrumbList\"><span property=\"itemListElement\" typeof=\"ListItem\"><a property=\"item\" typeof=\"WebPage\" href=\"https:\/\/lapieceur.com\/site26\/\" class=\"home\"><span property=\"name\">Accueil<\/span><\/a><meta property=\"position\" content=\"1\"><\/span> <span class=\"separator et-pb-icon\">5<\/span> <\/span><\/div>\n\t\t\t\t<\/div>\n\t\t\t<\/div>\n\n\n\n\n\n<div class=\"et_pb_text_0 et_pb_text et_pb_bg_layout_light et_pb_module et_flex_module preset--group--divi-text--divi-spacing--default preset--group--divi-text--divi-font-body--default preset--group--divi-text--divi-font-header--default\"><div class=\"et_pb_text_inner\"><h1>In the mood<\/h1>\n<\/div><\/div>\n\n<div class=\"et_pb_text_1 et_pb_text et_pb_bg_layout_light et_pb_module et_flex_module preset--group--divi-text--divi-spacing--default preset--group--divi-text--divi-font-body--default preset--group--divi-text--divi-font-header--default\"><div class=\"et_pb_text_inner\"><h3><span>L\u2019amour, l\u2019allure, la libert\u00e9.<\/span><\/h3>\n<p><span>Le costume sur mesure s\u2019affranchit des codes traditionnels du mariage.<\/span><br \/><span><\/span><\/p>\n<p><span>La collection In the Mood propose une \u00e9l\u00e9gance d\u00e9contract\u00e9e et contemporaine, pens\u00e9e pour un costume de mariage moderne, o\u00f9 la pr\u00e9cision de la coupe rencontre la libert\u00e9 du geste et de l\u2019attitude.<\/span><br \/><span><\/span><\/p>\n<p><span>Shoot\u00e9e en collaboration avec\u00a0<\/span><span><a href=\"https:\/\/www.uniparis.com\/\" target=\"_blank\" rel=\"noopener external noreferrer\" data-wpel-link=\"external\">Uni Paris<\/a><\/span><span>, la collection met en sc\u00e8ne un couple complice et amoureux, entre humour d\u00e9cal\u00e9 et esprit british. Les mati\u00e8res riches en texture, les couleurs douces et naturelles, le smoking chic port\u00e9 sans raideur et les cravates \u00e0 motifs aux accents vintage dessinent un vestiaire estival, \u00e9l\u00e9gant sans effort.<\/span><\/p>\n<\/div><\/div>\n\n<div class=\"et_pb_image_0 et_pb_image et_pb_image_sticky et_pb_module et_flex_module preset--group--divi-image--divi-spacing--default\"><a href=\"https:\/\/lapieceur.com\/site26\/jack-costume-2-pieces-en-serge-vert-de-gris-pastel-sur-mesure\/\"><span class=\"et_pb_image_wrap\"><img loading=\"lazy\" decoding=\"async\" src=\"https:\/\/lapieceur.com\/site26\/wp-content\/uploads\/2026\/03\/lapieceur-jack-costume-sur-mesure-vert-gris-pastel6.webp\" title=\"l&#039;api\u00e9ceur - jack-costume-sur-mesure-vert-gris-pastel6\" width=\"1360\" height=\"2040\" srcset=\"https:\/\/lapieceur.com\/site26\/wp-content\/uploads\/2026\/03\/lapieceur-jack-costume-sur-mesure-vert-gris-pastel6.webp 1360w, https:\/\/lapieceur.com\/site26\/wp-content\/uploads\/2026\/03\/lapieceur-jack-costume-sur-mesure-vert-gris-pastel6-1280x1920.webp 1280w, https:\/\/lapieceur.com\/site26\/wp-content\/uploads\/2026\/03\/lapieceur-jack-costume-sur-mesure-vert-gris-pastel6-980x1470.webp 980w, https:\/\/lapieceur.com\/site26\/wp-content\/uploads\/2026\/03\/lapieceur-jack-costume-sur-mesure-vert-gris-pastel6-480x720.webp 480w\" sizes=\"(min-width: 0px) and (max-width: 480px) 480px, (min-width: 481px) and (max-width: 980px) 980px, (min-width: 981px) and (max-width: 1280px) 1280px, (min-width: 1281px) 1360px, 100vw\" class=\"wp-image-334\" \/><\/span><\/a><\/div>\n\n<div class=\"et_pb_text_2 et_pb_text et_pb_bg_layout_light et_pb_module et_flex_module preset--group--divi-text--divi-spacing--default preset--group--divi-text--divi-font-body--default preset--group--divi-text--divi-font-header--default\"><div class=\"et_pb_text_inner\"><p><em><a href=\"https:\/\/lapieceur.com\/site26\/jack-costume-2-pieces-en-serge-vert-de-gris-pastel-sur-mesure\/\">Silhouette Jack &gt;<\/a><\/em><\/p>\n<\/div><\/div>\n<\/div>\n<\/div>\n\n<div class=\"et_pb_row_1 et_pb_row et_flex_row preset--group--divi-row--divi-spacing--default\">\n<div class=\"et_pb_column_1 et_pb_column et_flex_column et_pb_css_mix_blend_mode_passthrough et_flex_column_12_24 et_flex_column_12_24_tablet et_flex_column_24_24_phone et_flex_column_24_24_phoneWide et_flex_column_12_24_tabletWide preset--group--divi-column--divi-spacing--default\">\n<div class=\"et_pb_image_1 et_pb_image et_pb_image_sticky et_pb_image_sticky_phone et_pb_module et_flex_module preset--group--divi-image--divi-spacing--default\"><a href=\"https:\/\/lapieceur.com\/site26\/damon-costume-2-pieces-en-toile-chinee-beige-grisee-sur-mesure\/\"><span class=\"et_pb_image_wrap\"><img loading=\"lazy\" decoding=\"async\" src=\"https:\/\/lapieceur.com\/site26\/wp-content\/uploads\/2026\/02\/lapieceur-damon-costume-sur-mesure-texture-beige1.webp\" title=\"lapieceur-damon-costume-sur-mesure-texture-beige1\" width=\"1360\" height=\"2040\" srcset=\"https:\/\/lapieceur.com\/site26\/wp-content\/uploads\/2026\/02\/lapieceur-damon-costume-sur-mesure-texture-beige1.webp 1360w, https:\/\/lapieceur.com\/site26\/wp-content\/uploads\/2026\/02\/lapieceur-damon-costume-sur-mesure-texture-beige1-1280x1920.webp 1280w, https:\/\/lapieceur.com\/site26\/wp-content\/uploads\/2026\/02\/lapieceur-damon-costume-sur-mesure-texture-beige1-980x1470.webp 980w, https:\/\/lapieceur.com\/site26\/wp-content\/uploads\/2026\/02\/lapieceur-damon-costume-sur-mesure-texture-beige1-480x720.webp 480w\" sizes=\"(min-width: 0px) and (max-width: 480px) 480px, (min-width: 481px) and (max-width: 980px) 980px, (min-width: 981px) and (max-width: 1280px) 1280px, (min-width: 1281px) 1360px, 100vw\" class=\"wp-image-87\" \/><\/span><\/a><\/div>\n\n<div class=\"et_pb_row_2 et_pb_row et_pb_row_nested et_flex_row preset--group--divi-row--divi-spacing--default\">\n<div class=\"et_pb_column_2 et_pb_column et-last-child et_flex_column et_pb_css_mix_blend_mode_passthrough et_flex_column_12_24 et_flex_column_12_24_tablet et_flex_column_24_24_phone et_flex_column_24_24_phoneWide et_flex_column_12_24_tabletWide preset--group--divi-column--divi-spacing--default\">\n<div class=\"et_pb_text_3 et_pb_text et_pb_bg_layout_light et_pb_module et_flex_module preset--group--divi-text--divi-spacing--default preset--group--divi-text--divi-font-body--default preset--group--divi-text--divi-font-header--default\"><div class=\"et_pb_text_inner\"><p><em><a href=\"https:\/\/lapieceur.com\/site26\/damon-costume-2-pieces-en-toile-chinee-beige-grisee-sur-mesure\/\">Silhouette Damon &gt;<\/a><\/em><\/p>\n<\/div><\/div>\n<\/div>\n<\/div>\n<\/div>\n\n<div class=\"et_pb_column_3 et_pb_column et-last-child et_flex_column et_pb_css_mix_blend_mode_passthrough et_flex_column_12_24 et_flex_column_12_24_tablet et_flex_column_24_24_phone et_flex_column_24_24_phoneWide et_flex_column_12_24_tabletWide preset--group--divi-column--divi-spacing--default\">\n<div class=\"et_pb_image_2 et_pb_image et_pb_module et_flex_module preset--group--divi-image--divi-spacing--default\"><a href=\"https:\/\/lapieceur.com\/site26\/glen-costume-2-pieces-beige-dore-sur-mesure\/\"><span class=\"et_pb_image_wrap\"><img loading=\"lazy\" decoding=\"async\" src=\"https:\/\/lapieceur.com\/site26\/wp-content\/uploads\/2026\/03\/lapieceur-glen-costume-sur-mesure-soie-beige1.webp\" title=\"l&#039;api\u00e9ceur - glen-costume-sur-mesure-soie-beige1\" width=\"1360\" height=\"2040\" srcset=\"https:\/\/lapieceur.com\/site26\/wp-content\/uploads\/2026\/03\/lapieceur-glen-costume-sur-mesure-soie-beige1.webp 1360w, https:\/\/lapieceur.com\/site26\/wp-content\/uploads\/2026\/03\/lapieceur-glen-costume-sur-mesure-soie-beige1-1280x1920.webp 1280w, https:\/\/lapieceur.com\/site26\/wp-content\/uploads\/2026\/03\/lapieceur-glen-costume-sur-mesure-soie-beige1-980x1470.webp 980w, https:\/\/lapieceur.com\/site26\/wp-content\/uploads\/2026\/03\/lapieceur-glen-costume-sur-mesure-soie-beige1-480x720.webp 480w\" sizes=\"(min-width: 0px) and (max-width: 480px) 480px, (min-width: 481px) and (max-width: 980px) 980px, (min-width: 981px) and (max-width: 1280px) 1280px, (min-width: 1281px) 1360px, 100vw\" class=\"wp-image-320\" \/><\/span><\/a><\/div>\n\n<div class=\"et_pb_text_4 et_pb_text et_pb_bg_layout_light et_pb_module et_flex_module preset--group--divi-text--divi-spacing--default preset--group--divi-text--divi-font-body--default preset--group--divi-text--divi-font-header--default\"><div class=\"et_pb_text_inner\"><p><em><a href=\"https:\/\/lapieceur.com\/site26\/glen-costume-2-pieces-beige-dore-sur-mesure\/\">Silhouette Glen &gt;<\/a><\/em><\/p>\n<\/div><\/div>\n<\/div>\n<\/div>\n\n<div class=\"et_pb_row_3 et_pb_row et_flex_row preset--group--divi-row--divi-spacing--default\">\n<div class=\"et_pb_column_4 et_pb_column et_flex_column et_pb_css_mix_blend_mode_passthrough et_flex_column_12_24 et_flex_column_24_24_tablet et_flex_column_24_24_phone et_flex_column_24_24_phoneWide et_flex_column_24_24_tabletWide preset--group--divi-column--divi-spacing--default\">\n<div class=\"et_pb_image_3 et_pb_image et_pb_image_sticky et_pb_module et_flex_module preset--group--divi-image--divi-spacing--default\"><a href=\"https:\/\/lapieceur.com\/site26\/martin-costume-croise-en-serge-ivoire-sur-mesure\/\"><span class=\"et_pb_image_wrap\"><img loading=\"lazy\" decoding=\"async\" src=\"https:\/\/lapieceur.com\/site26\/wp-content\/uploads\/2026\/03\/lapieceur-martin-costume-sur-mesure-ivoire-croise1.webp\" title=\"l&#039;api\u00e9ceur - martin-costume-sur-mesure-ivoire-croise1\" width=\"1360\" height=\"2040\" srcset=\"https:\/\/lapieceur.com\/site26\/wp-content\/uploads\/2026\/03\/lapieceur-martin-costume-sur-mesure-ivoire-croise1.webp 1360w, https:\/\/lapieceur.com\/site26\/wp-content\/uploads\/2026\/03\/lapieceur-martin-costume-sur-mesure-ivoire-croise1-1280x1920.webp 1280w, https:\/\/lapieceur.com\/site26\/wp-content\/uploads\/2026\/03\/lapieceur-martin-costume-sur-mesure-ivoire-croise1-980x1470.webp 980w, https:\/\/lapieceur.com\/site26\/wp-content\/uploads\/2026\/03\/lapieceur-martin-costume-sur-mesure-ivoire-croise1-480x720.webp 480w\" sizes=\"(min-width: 0px) and (max-width: 480px) 480px, (min-width: 481px) and (max-width: 980px) 980px, (min-width: 981px) and (max-width: 1280px) 1280px, (min-width: 1281px) 1360px, 100vw\" class=\"wp-image-338\" \/><\/span><\/a><\/div>\n\n<div class=\"et_pb_row_4 et_pb_row et_pb_row_nested et_flex_row preset--group--divi-row--divi-spacing--default\">\n<div class=\"et_pb_column_5 et_pb_column et_flex_column et_pb_css_mix_blend_mode_passthrough et_flex_column_12_24 et_flex_column_12_24_tablet et_flex_column_24_24_phone et_flex_column_24_24_phoneWide et_flex_column_12_24_tabletWide preset--group--divi-column--divi-spacing--default\">\n<div class=\"et_pb_text_5 et_pb_text et_pb_bg_layout_light et_pb_module et_flex_module preset--group--divi-text--divi-spacing--default preset--group--divi-text--divi-font-body--default preset--group--divi-text--divi-font-header--default\"><div class=\"et_pb_text_inner\"><p><em><a href=\"https:\/\/lapieceur.com\/site26\/martin-costume-croise-en-serge-ivoire-sur-mesure\/\">Silhouette Martin &gt;<\/a><\/em><\/p>\n<\/div><\/div>\n<\/div>\n\n<div class=\"et_pb_column_6 et_pb_column et-last-child et_flex_column et_pb_column_empty et_pb_css_mix_blend_mode_passthrough et_flex_column_12_24 et_flex_column_12_24_tablet et_flex_column_24_24_phone et_flex_column_24_24_phoneWide et_flex_column_12_24_tabletWide preset--group--divi-column--divi-spacing--default\"><\/div>\n<\/div>\n<\/div>\n\n<div class=\"et_pb_column_7 et_pb_column et_flex_column et_pb_css_mix_blend_mode_passthrough et_flex_column_6_24 et_flex_column_12_24_tablet et_flex_column_24_24_phone et_flex_column_24_24_phoneWide et_flex_column_12_24_tabletWide preset--group--divi-column--divi-spacing--default\">\n<div class=\"et_pb_image_4 et_pb_image et_pb_image_sticky_phone et_pb_module et_flex_module preset--group--divi-image--divi-spacing--default\"><a href=\"https:\/\/lapieceur.com\/site26\/sergio-smoking-croise-2-pieces-bleu-nuit-sur-mesure\/\"><span class=\"et_pb_image_wrap\"><img loading=\"lazy\" decoding=\"async\" src=\"https:\/\/lapieceur.com\/site26\/wp-content\/uploads\/2026\/03\/lapieceur-sergio-smoking-sur-mesure-belu-nuit5.webp\" title=\"l&#039;api\u00e9ceur - sergio-smoking-sur-mesure-belu-nuit5\" width=\"1360\" height=\"2040\" srcset=\"https:\/\/lapieceur.com\/site26\/wp-content\/uploads\/2026\/03\/lapieceur-sergio-smoking-sur-mesure-belu-nuit5.webp 1360w, https:\/\/lapieceur.com\/site26\/wp-content\/uploads\/2026\/03\/lapieceur-sergio-smoking-sur-mesure-belu-nuit5-1280x1920.webp 1280w, https:\/\/lapieceur.com\/site26\/wp-content\/uploads\/2026\/03\/lapieceur-sergio-smoking-sur-mesure-belu-nuit5-980x1470.webp 980w, https:\/\/lapieceur.com\/site26\/wp-content\/uploads\/2026\/03\/lapieceur-sergio-smoking-sur-mesure-belu-nuit5-480x720.webp 480w\" sizes=\"(min-width: 0px) and (max-width: 480px) 480px, (min-width: 481px) and (max-width: 980px) 980px, (min-width: 981px) and (max-width: 1280px) 1280px, (min-width: 1281px) 1360px, 100vw\" class=\"wp-image-360\" \/><\/span><\/a><\/div>\n\n<div class=\"et_pb_text_6 et_pb_text et_pb_bg_layout_light et_pb_module et_flex_module preset--group--divi-text--divi-spacing--default preset--group--divi-text--divi-font-body--default preset--group--divi-text--divi-font-header--default\"><div class=\"et_pb_text_inner\"><p><em><a href=\"https:\/\/lapieceur.com\/site26\/sergio-smoking-croise-2-pieces-bleu-nuit-sur-mesure\/\">Silhouette Sergio &gt;<\/a><\/em><\/p>\n<\/div><\/div>\n<\/div>\n\n<div class=\"et_pb_column_8 et_pb_column et-last-child et_flex_column et_pb_css_mix_blend_mode_passthrough et_flex_column_6_24 et_flex_column_12_24_tablet et_flex_column_24_24_phone et_flex_column_24_24_phoneWide et_flex_column_12_24_tabletWide preset--group--divi-column--divi-spacing--default\">\n<div class=\"et_pb_image_5 et_pb_image et_pb_image_sticky et_pb_module et_flex_module preset--group--divi-image--divi-spacing--default\"><a href=\"https:\/\/lapieceur.com\/site26\/robin-costume-2-pieces-croise-camel-sur-mesure\/\"><span class=\"et_pb_image_wrap\"><img loading=\"lazy\" decoding=\"async\" src=\"https:\/\/lapieceur.com\/site26\/wp-content\/uploads\/2026\/03\/lapieceur-robin-costume-sur-mesure-croise-camel6.webp\" title=\"l&#039;api\u00e9ceur - robin-costume-sur-mesure-croise-camel6\" width=\"1340\" height=\"894\" srcset=\"https:\/\/lapieceur.com\/site26\/wp-content\/uploads\/2026\/03\/lapieceur-robin-costume-sur-mesure-croise-camel6.webp 1340w, https:\/\/lapieceur.com\/site26\/wp-content\/uploads\/2026\/03\/lapieceur-robin-costume-sur-mesure-croise-camel6-1280x854.webp 1280w, https:\/\/lapieceur.com\/site26\/wp-content\/uploads\/2026\/03\/lapieceur-robin-costume-sur-mesure-croise-camel6-980x654.webp 980w, https:\/\/lapieceur.com\/site26\/wp-content\/uploads\/2026\/03\/lapieceur-robin-costume-sur-mesure-croise-camel6-480x320.webp 480w\" sizes=\"(min-width: 0px) and (max-width: 480px) 480px, (min-width: 481px) and (max-width: 980px) 980px, (min-width: 981px) and (max-width: 1280px) 1280px, (min-width: 1281px) 1340px, 100vw\" class=\"wp-image-352\" \/><\/span><\/a><\/div>\n\n<div class=\"et_pb_text_7 et_pb_text et_pb_bg_layout_light et_pb_module et_flex_module preset--group--divi-text--divi-spacing--default preset--group--divi-text--divi-font-body--default preset--group--divi-text--divi-font-header--default\"><div class=\"et_pb_text_inner\"><p><em><a href=\"https:\/\/lapieceur.com\/site26\/robin-costume-2-pieces-croise-camel-sur-mesure\/\">Silhouette Robin &gt;<\/a><\/em><\/p>\n<\/div><\/div>\n<\/div>\n<\/div>\n<\/div>","protected":false},"excerpt":{"rendered":"<p>L\u2019amour, l\u2019allure, la libert\u00e9. Le costume sur mesure s\u2019affranchit des codes traditionnels du mariage. La collection In the Mood propose une \u00e9l\u00e9gance d\u00e9contract\u00e9e et contemporaine, pens\u00e9e pour un costume de mariage moderne, o\u00f9 la pr\u00e9cision de la coupe rencontre la libert\u00e9 du geste et de l\u2019attitude.<\/p>","protected":false},"author":1,"featured_media":354,"parent":900,"menu_order":0,"comment_status":"closed","ping_status":"closed","template":"","meta":{"_et_pb_use_builder":"on","_et_pb_old_content":"","_et_gb_content_width":"","footnotes":""},"class_list":["post-653","page","type-page","status-publish","has-post-thumbnail","hentry"],"_links":{"self":[{"href":"https:\/\/lapieceur.com\/site26\/wp-json\/wp\/v2\/pages\/653","targetHints":{"allow":["GET"]}}],"collection":[{"href":"https:\/\/lapieceur.com\/site26\/wp-json\/wp\/v2\/pages"}],"about":[{"href":"https:\/\/lapieceur.com\/site26\/wp-json\/wp\/v2\/types\/page"}],"author":[{"embeddable":true,"href":"https:\/\/lapieceur.com\/site26\/wp-json\/wp\/v2\/users\/1"}],"replies":[{"embeddable":true,"href":"https:\/\/lapieceur.com\/site26\/wp-json\/wp\/v2\/comments?post=653"}],"version-history":[{"count":11,"href":"https:\/\/lapieceur.com\/site26\/wp-json\/wp\/v2\/pages\/653\/revisions"}],"predecessor-version":[{"id":2194,"href":"https:\/\/lapieceur.com\/site26\/wp-json\/wp\/v2\/pages\/653\/revisions\/2194"}],"up":[{"embeddable":true,"href":"https:\/\/lapieceur.com\/site26\/wp-json\/wp\/v2\/pages\/900"}],"wp:featuredmedia":[{"embeddable":true,"href":"https:\/\/lapieceur.com\/site26\/wp-json\/wp\/v2\/media\/354"}],"wp:attachment":[{"href":"https:\/\/lapieceur.com\/site26\/wp-json\/wp\/v2\/media?parent=653"}],"curies":[{"name":"wp","href":"https:\/\/api.w.org\/{rel}","templated":true}]}}