{"id":737,"date":"2026-03-20T17:36:36","date_gmt":"2026-03-20T16:36:36","guid":{"rendered":"https:\/\/lapieceur.com\/site26\/?page_id=737"},"modified":"2026-04-07T15:59:58","modified_gmt":"2026-04-07T13:59:58","slug":"variations","status":"publish","type":"page","link":"https:\/\/lapieceur.com\/site26\/costume-business-sur-mesure\/variations\/","title":{"rendered":"Variations"},"content":{"rendered":"<div class=\"et_pb_section_0 et_pb_section et_section_regular et_flex_section preset--group--divi-section--divi-spacing--default\">\n<div class=\"et_pb_row_0 et_pb_row et_flex_row preset--group--divi-row--divi-spacing--default\">\n<div class=\"et_pb_column_0 et_pb_column et-last-child et_flex_column et_pb_css_mix_blend_mode_passthrough et_flex_column_24_24 et_flex_column_24_24_tablet et_flex_column_24_24_phone et_flex_column_24_24_phoneWide et_flex_column_24_24_tabletWide preset--group--divi-column--divi-spacing--default\">\n\n\n\n\n<div class=\"et_pb_module et_d4_element lwp_divi_breadcrumbs lwp_divi_breadcrumbs_0\">\n\t\t\t\t\n\t\t\t\t\n\t\t\t\t\n\t\t\t\t\n\t\t\t\t\n\t\t\t\t\n\t\t\t\t<div class=\"et_pb_module_inner\">\n\t\t\t\t\t<div class=\"lwp-breadcrumbs\"> <span class=\"before\"><\/span> <span vocab=\"https:\/\/schema.org\/\" typeof=\"BreadcrumbList\"><span property=\"itemListElement\" typeof=\"ListItem\"><a property=\"item\" typeof=\"WebPage\" href=\"https:\/\/lapieceur.com\/site26\/\" class=\"home\"><span property=\"name\">Accueil<\/span><\/a><meta property=\"position\" content=\"1\"><\/span> <span class=\"separator et-pb-icon\">5<\/span> <\/span><\/div>\n\t\t\t\t<\/div>\n\t\t\t<\/div>\n\n\n\n\n\n<div class=\"et_pb_text_0 et_pb_text et_pb_bg_layout_light et_pb_module et_flex_module preset--group--divi-text--divi-spacing--default preset--group--divi-text--divi-font-body--default preset--group--divi-text--divi-font-header--default\"><div class=\"et_pb_text_inner\"><h1>Variations<\/h1>\n<\/div><\/div>\n\n<div class=\"et_pb_text_1 et_pb_text et_pb_bg_layout_light et_pb_module et_flex_module preset--group--divi-text--divi-spacing--default preset--group--divi-text--divi-font-body--default preset--group--divi-text--divi-font-header--default\"><div class=\"et_pb_text_inner\"><p>L\u2019atelier explore une nouvelle partition&nbsp;: une collection qui marie la pr\u00e9cision du tailoring \u00e0 la libert\u00e9 du mouvement.<\/p>\n<p>Deux costumes business, coup\u00e9s avec la rigueur qui nous est ch\u00e8re, posent la base&nbsp;: silhouettes nettes, \u00e9paules franches, lignes impeccables.<\/p>\n<p>Autour d\u2019eux, quatre silhouettes \u00e9largissent le champ&nbsp;: pantalons amples, vestes souples, volumes g\u00e9n\u00e9reux qui dansent autour du corps. Pour la premi\u00e8re fois, un blouson zipp\u00e9 et une work jacket entrent dans la collection, apportant un souffle utilitaire et d\u00e9contract\u00e9.<\/p>\n<p>Une collection qui invite \u00e0 bouger, \u00e0 jouer avec les codes et \u00e0 s\u2019approprier chaque pi\u00e8ce avec son propre tempo.<\/p>\n<\/div><\/div>\n\n<div class=\"et_pb_image_0 et_pb_image et_pb_image_sticky et_pb_module et_flex_module preset--group--divi-image--divi-spacing--default\"><a href=\"https:\/\/lapieceur.com\/site26\/james-costume-2-pieces-a-motif-prince-de-galles-gris-sur-mesure\/\"><span class=\"et_pb_image_wrap\"><img loading=\"lazy\" decoding=\"async\" src=\"https:\/\/lapieceur.com\/site26\/wp-content\/uploads\/2026\/03\/james-costume-sur-mesure-prince-de-galles-gris1.webp\" title=\"james-costume-sur-mesure-prince-de-galles-gris1\" width=\"1360\" height=\"2040\" srcset=\"https:\/\/lapieceur.com\/site26\/wp-content\/uploads\/2026\/03\/james-costume-sur-mesure-prince-de-galles-gris1.webp 1360w, https:\/\/lapieceur.com\/site26\/wp-content\/uploads\/2026\/03\/james-costume-sur-mesure-prince-de-galles-gris1-1280x1920.webp 1280w, https:\/\/lapieceur.com\/site26\/wp-content\/uploads\/2026\/03\/james-costume-sur-mesure-prince-de-galles-gris1-980x1470.webp 980w, https:\/\/lapieceur.com\/site26\/wp-content\/uploads\/2026\/03\/james-costume-sur-mesure-prince-de-galles-gris1-480x720.webp 480w\" sizes=\"(min-width: 0px) and (max-width: 480px) 480px, (min-width: 481px) and (max-width: 980px) 980px, (min-width: 981px) and (max-width: 1280px) 1280px, (min-width: 1281px) 1360px, 100vw\" class=\"wp-image-383\" \/><\/span><\/a><\/div>\n\n<div class=\"et_pb_text_2 et_pb_text et_pb_bg_layout_light et_pb_module et_flex_module preset--group--divi-text--divi-spacing--default preset--group--divi-text--divi-font-body--default preset--group--divi-text--divi-font-header--default\"><div class=\"et_pb_text_inner\"><p><em><a href=\"https:\/\/lapieceur.com\/site26\/james-costume-2-pieces-a-motif-prince-de-galles-gris-sur-mesure\/\">Silhouette James &gt;<\/a><\/em><\/p>\n<\/div><\/div>\n<\/div>\n<\/div>\n\n<div class=\"et_pb_row_1 et_pb_row et_flex_row preset--group--divi-row--divi-spacing--default\">\n<div class=\"et_pb_column_1 et_pb_column et_flex_column et_pb_css_mix_blend_mode_passthrough et_flex_column_12_24 et_flex_column_12_24_tablet et_flex_column_24_24_phone et_flex_column_24_24_phoneWide et_flex_column_12_24_tabletWide preset--group--divi-column--divi-spacing--default\">\n<div class=\"et_pb_image_1 et_pb_image et_pb_image_sticky et_pb_image_sticky_phone et_pb_module et_flex_module preset--group--divi-image--divi-spacing--default\"><a href=\"https:\/\/lapieceur.com\/site26\/richard-costume-3-pieces-en-flanelle-kaki-sur-mesure\/\"><span class=\"et_pb_image_wrap\"><img loading=\"lazy\" decoding=\"async\" src=\"https:\/\/lapieceur.com\/site26\/wp-content\/uploads\/2026\/03\/richard-3-pieces-flanelle-kaki1.webp\" title=\"richard-3-pieces-flanelle-kaki1\" width=\"1360\" height=\"2040\" srcset=\"https:\/\/lapieceur.com\/site26\/wp-content\/uploads\/2026\/03\/richard-3-pieces-flanelle-kaki1.webp 1360w, https:\/\/lapieceur.com\/site26\/wp-content\/uploads\/2026\/03\/richard-3-pieces-flanelle-kaki1-1280x1920.webp 1280w, https:\/\/lapieceur.com\/site26\/wp-content\/uploads\/2026\/03\/richard-3-pieces-flanelle-kaki1-980x1470.webp 980w, https:\/\/lapieceur.com\/site26\/wp-content\/uploads\/2026\/03\/richard-3-pieces-flanelle-kaki1-480x720.webp 480w\" sizes=\"(min-width: 0px) and (max-width: 480px) 480px, (min-width: 481px) and (max-width: 980px) 980px, (min-width: 981px) and (max-width: 1280px) 1280px, (min-width: 1281px) 1360px, 100vw\" class=\"wp-image-371\" \/><\/span><\/a><\/div>\n\n<div class=\"et_pb_row_2 et_pb_row et_pb_row_nested et_flex_row preset--group--divi-row--divi-spacing--default\">\n<div class=\"et_pb_column_2 et_pb_column et_flex_column et_pb_column_empty et_pb_css_mix_blend_mode_passthrough et_flex_column_12_24 et_flex_column_12_24_tablet et_flex_column_24_24_phone et_flex_column_24_24_phoneWide et_flex_column_12_24_tabletWide preset--group--divi-column--divi-spacing--default\"><\/div>\n\n<div class=\"et_pb_column_3 et_pb_column et-last-child et_flex_column et_pb_css_mix_blend_mode_passthrough et_flex_column_12_24 et_flex_column_12_24_tablet et_flex_column_24_24_phone et_flex_column_24_24_phoneWide et_flex_column_12_24_tabletWide preset--group--divi-column--divi-spacing--default\">\n<div class=\"et_pb_text_3 et_pb_text et_pb_bg_layout_light et_pb_module et_flex_module preset--group--divi-text--divi-spacing--default preset--group--divi-text--divi-font-body--default preset--group--divi-text--divi-font-header--default\"><div class=\"et_pb_text_inner\"><p><em><a href=\"https:\/\/lapieceur.com\/site26\/richard-costume-3-pieces-en-flanelle-kaki-sur-mesure\/\">Silhouette Richard &gt;<\/a><\/em><\/p>\n<\/div><\/div>\n<\/div>\n<\/div>\n<\/div>\n\n<div class=\"et_pb_column_4 et_pb_column et-last-child et_flex_column et_pb_css_mix_blend_mode_passthrough et_flex_column_12_24 et_flex_column_12_24_tablet et_flex_column_24_24_phone et_flex_column_24_24_phoneWide et_flex_column_12_24_tabletWide preset--group--divi-column--divi-spacing--default\">\n<div class=\"et_pb_image_2 et_pb_image et_pb_module et_flex_module preset--group--divi-image--divi-spacing--default\"><a href=\"https:\/\/lapieceur.com\/site26\/jack-costume-2-pieces-en-serge-vert-de-gris-pastel-sur-mesure-2\/\"><span class=\"et_pb_image_wrap\"><img loading=\"lazy\" decoding=\"async\" src=\"https:\/\/lapieceur.com\/site26\/wp-content\/uploads\/2026\/03\/jack-costume-sur-mesure-vert-pastel1.webp\" title=\"jack-costume-sur-mesure-vert-pastel1\" width=\"1360\" height=\"2040\" srcset=\"https:\/\/lapieceur.com\/site26\/wp-content\/uploads\/2026\/03\/jack-costume-sur-mesure-vert-pastel1.webp 1360w, https:\/\/lapieceur.com\/site26\/wp-content\/uploads\/2026\/03\/jack-costume-sur-mesure-vert-pastel1-1280x1920.webp 1280w, https:\/\/lapieceur.com\/site26\/wp-content\/uploads\/2026\/03\/jack-costume-sur-mesure-vert-pastel1-980x1470.webp 980w, https:\/\/lapieceur.com\/site26\/wp-content\/uploads\/2026\/03\/jack-costume-sur-mesure-vert-pastel1-480x720.webp 480w\" sizes=\"(min-width: 0px) and (max-width: 480px) 480px, (min-width: 481px) and (max-width: 980px) 980px, (min-width: 981px) and (max-width: 1280px) 1280px, (min-width: 1281px) 1360px, 100vw\" class=\"wp-image-388\" \/><\/span><\/a><\/div>\n\n<div class=\"et_pb_text_4 et_pb_text et_pb_bg_layout_light et_pb_module et_flex_module preset--group--divi-text--divi-spacing--default preset--group--divi-text--divi-font-body--default preset--group--divi-text--divi-font-header--default\"><div class=\"et_pb_text_inner\"><p><em><a href=\"https:\/\/lapieceur.com\/site26\/jack-costume-2-pieces-en-serge-vert-de-gris-pastel-sur-mesure-2\/\">Silhouette Jack &gt;<\/a><\/em><\/p>\n<\/div><\/div>\n<\/div>\n<\/div>\n\n<div class=\"et_pb_row_3 et_pb_row et_flex_row preset--group--divi-row--divi-spacing--default\">\n<div class=\"et_pb_column_5 et_pb_column et_flex_column et_pb_css_mix_blend_mode_passthrough et_flex_column_12_24 et_flex_column_24_24_tablet et_flex_column_24_24_phone et_flex_column_24_24_phoneWide et_flex_column_24_24_tabletWide preset--group--divi-column--divi-spacing--default\">\n<div class=\"et_pb_image_3 et_pb_image et_pb_image_sticky et_pb_module et_flex_module preset--group--divi-image--divi-spacing--default\"><a href=\"https:\/\/lapieceur.com\/site26\/thelonious-veste-a-motif-pied-de-poule-vieux-rose-et-beige-sur-mesure\/\"><span class=\"et_pb_image_wrap\"><img loading=\"lazy\" decoding=\"async\" src=\"https:\/\/lapieceur.com\/site26\/wp-content\/uploads\/2026\/03\/thelonious-veste-sur-mesure-pied-de-poule-beige1.webp\" title=\"thelonious-veste-sur-mesure-pied-de-poule-beige1\" width=\"1360\" height=\"2040\" srcset=\"https:\/\/lapieceur.com\/site26\/wp-content\/uploads\/2026\/03\/thelonious-veste-sur-mesure-pied-de-poule-beige1.webp 1360w, https:\/\/lapieceur.com\/site26\/wp-content\/uploads\/2026\/03\/thelonious-veste-sur-mesure-pied-de-poule-beige1-1280x1920.webp 1280w, https:\/\/lapieceur.com\/site26\/wp-content\/uploads\/2026\/03\/thelonious-veste-sur-mesure-pied-de-poule-beige1-980x1470.webp 980w, https:\/\/lapieceur.com\/site26\/wp-content\/uploads\/2026\/03\/thelonious-veste-sur-mesure-pied-de-poule-beige1-480x720.webp 480w\" sizes=\"(min-width: 0px) and (max-width: 480px) 480px, (min-width: 481px) and (max-width: 980px) 980px, (min-width: 981px) and (max-width: 1280px) 1280px, (min-width: 1281px) 1360px, 100vw\" class=\"wp-image-370\" \/><\/span><\/a><\/div>\n\n<div class=\"et_pb_row_4 et_pb_row et_pb_row_nested et_flex_row preset--group--divi-row--divi-spacing--default\">\n<div class=\"et_pb_column_6 et_pb_column et_flex_column et_pb_css_mix_blend_mode_passthrough et_flex_column_12_24 et_flex_column_12_24_tablet et_flex_column_24_24_phone et_flex_column_24_24_phoneWide et_flex_column_12_24_tabletWide preset--group--divi-column--divi-spacing--default\">\n<div class=\"et_pb_text_5 et_pb_text et_pb_bg_layout_light et_pb_module et_flex_module preset--group--divi-text--divi-spacing--default preset--group--divi-text--divi-font-body--default preset--group--divi-text--divi-font-header--default\"><div class=\"et_pb_text_inner\"><p><em><a href=\"https:\/\/lapieceur.com\/site26\/thelonious-veste-a-motif-pied-de-poule-vieux-rose-et-beige-sur-mesure\/\">Silhouette Thelonious &gt;<\/a><\/em><\/p>\n<\/div><\/div>\n<\/div>\n\n<div class=\"et_pb_column_7 et_pb_column et-last-child et_flex_column et_pb_column_empty et_pb_css_mix_blend_mode_passthrough et_flex_column_12_24 et_flex_column_12_24_tablet et_flex_column_24_24_phone et_flex_column_24_24_phoneWide et_flex_column_12_24_tabletWide preset--group--divi-column--divi-spacing--default\"><\/div>\n<\/div>\n<\/div>\n\n<div class=\"et_pb_column_8 et_pb_column et_flex_column et_pb_css_mix_blend_mode_passthrough et_flex_column_6_24 et_flex_column_12_24_tablet et_flex_column_24_24_phone et_flex_column_24_24_phoneWide et_flex_column_12_24_tabletWide preset--group--divi-column--divi-spacing--default\">\n<div class=\"et_pb_image_4 et_pb_image et_pb_image_sticky et_pb_module et_flex_module preset--group--divi-image--divi-spacing--default\"><a href=\"https:\/\/lapieceur.com\/site26\/miles-veste-facon-work-jacket-en-denim-sur-mesure\/\"><span class=\"et_pb_image_wrap\"><img loading=\"lazy\" decoding=\"async\" src=\"https:\/\/lapieceur.com\/site26\/wp-content\/uploads\/2026\/03\/miles-surchemise-denim-sur-mesure1.webp\" title=\"miles-surchemise-denim-sur-mesure1\" width=\"1360\" height=\"2040\" srcset=\"https:\/\/lapieceur.com\/site26\/wp-content\/uploads\/2026\/03\/miles-surchemise-denim-sur-mesure1.webp 1360w, https:\/\/lapieceur.com\/site26\/wp-content\/uploads\/2026\/03\/miles-surchemise-denim-sur-mesure1-1280x1920.webp 1280w, https:\/\/lapieceur.com\/site26\/wp-content\/uploads\/2026\/03\/miles-surchemise-denim-sur-mesure1-980x1470.webp 980w, https:\/\/lapieceur.com\/site26\/wp-content\/uploads\/2026\/03\/miles-surchemise-denim-sur-mesure1-480x720.webp 480w\" sizes=\"(min-width: 0px) and (max-width: 480px) 480px, (min-width: 481px) and (max-width: 980px) 980px, (min-width: 981px) and (max-width: 1280px) 1280px, (min-width: 1281px) 1360px, 100vw\" class=\"wp-image-377\" \/><\/span><\/a><\/div>\n\n<div class=\"et_pb_text_6 et_pb_text et_pb_bg_layout_light et_pb_module et_flex_module preset--group--divi-text--divi-spacing--default preset--group--divi-text--divi-font-body--default preset--group--divi-text--divi-font-header--default\"><div class=\"et_pb_text_inner\"><p><em><a href=\"https:\/\/lapieceur.com\/site26\/miles-veste-facon-work-jacket-en-denim-sur-mesure\/\">Silhouette Miles &gt;<\/a><\/em><\/p>\n<\/div><\/div>\n<\/div>\n\n<div class=\"et_pb_column_9 et_pb_column et-last-child et_flex_column et_pb_css_mix_blend_mode_passthrough et_flex_column_6_24 et_flex_column_12_24_tablet et_flex_column_24_24_phone et_flex_column_24_24_phoneWide et_flex_column_12_24_tabletWide preset--group--divi-column--divi-spacing--default\">\n<div class=\"et_pb_image_5 et_pb_image et_pb_image_sticky et_pb_image_sticky_phone et_pb_module et_flex_module preset--group--divi-image--divi-spacing--default\"><a href=\"https:\/\/lapieceur.com\/site26\/beauford-blouson-en-flanelle-beige-sur-mesure\/\"><span class=\"et_pb_image_wrap\"><img loading=\"lazy\" decoding=\"async\" src=\"https:\/\/lapieceur.com\/site26\/wp-content\/uploads\/2026\/03\/beauford-blouson-flanelle-sur-mesure1.webp\" title=\"beauford-blouson-flanelle-sur-mesure1\" width=\"1360\" height=\"2040\" srcset=\"https:\/\/lapieceur.com\/site26\/wp-content\/uploads\/2026\/03\/beauford-blouson-flanelle-sur-mesure1.webp 1360w, https:\/\/lapieceur.com\/site26\/wp-content\/uploads\/2026\/03\/beauford-blouson-flanelle-sur-mesure1-1280x1920.webp 1280w, https:\/\/lapieceur.com\/site26\/wp-content\/uploads\/2026\/03\/beauford-blouson-flanelle-sur-mesure1-980x1470.webp 980w, https:\/\/lapieceur.com\/site26\/wp-content\/uploads\/2026\/03\/beauford-blouson-flanelle-sur-mesure1-480x720.webp 480w\" sizes=\"(min-width: 0px) and (max-width: 480px) 480px, (min-width: 481px) and (max-width: 980px) 980px, (min-width: 981px) and (max-width: 1280px) 1280px, (min-width: 1281px) 1360px, 100vw\" class=\"wp-image-395\" \/><\/span><\/a><\/div>\n\n<div class=\"et_pb_text_7 et_pb_text et_pb_bg_layout_light et_pb_module et_flex_module preset--group--divi-text--divi-spacing--default preset--group--divi-text--divi-font-body--default preset--group--divi-text--divi-font-header--default\"><div class=\"et_pb_text_inner\"><p><em><a href=\"#\">Silhouette Beauford &gt;<\/a><\/em><\/p>\n<\/div><\/div>\n<\/div>\n<\/div>\n<\/div>","protected":false},"excerpt":{"rendered":"<p>L\u2019atelier explore une nouvelle partition&nbsp;: une collection qui marie la pr\u00e9cision du tailoring \u00e0 la libert\u00e9 du mouvement.<\/p>","protected":false},"author":1,"featured_media":371,"parent":898,"menu_order":0,"comment_status":"closed","ping_status":"closed","template":"","meta":{"_et_pb_use_builder":"on","_et_pb_old_content":"","_et_gb_content_width":"","footnotes":""},"class_list":["post-737","page","type-page","status-publish","has-post-thumbnail","hentry"],"_links":{"self":[{"href":"https:\/\/lapieceur.com\/site26\/wp-json\/wp\/v2\/pages\/737","targetHints":{"allow":["GET"]}}],"collection":[{"href":"https:\/\/lapieceur.com\/site26\/wp-json\/wp\/v2\/pages"}],"about":[{"href":"https:\/\/lapieceur.com\/site26\/wp-json\/wp\/v2\/types\/page"}],"author":[{"embeddable":true,"href":"https:\/\/lapieceur.com\/site26\/wp-json\/wp\/v2\/users\/1"}],"replies":[{"embeddable":true,"href":"https:\/\/lapieceur.com\/site26\/wp-json\/wp\/v2\/comments?post=737"}],"version-history":[{"count":9,"href":"https:\/\/lapieceur.com\/site26\/wp-json\/wp\/v2\/pages\/737\/revisions"}],"predecessor-version":[{"id":2182,"href":"https:\/\/lapieceur.com\/site26\/wp-json\/wp\/v2\/pages\/737\/revisions\/2182"}],"up":[{"embeddable":true,"href":"https:\/\/lapieceur.com\/site26\/wp-json\/wp\/v2\/pages\/898"}],"wp:featuredmedia":[{"embeddable":true,"href":"https:\/\/lapieceur.com\/site26\/wp-json\/wp\/v2\/media\/371"}],"wp:attachment":[{"href":"https:\/\/lapieceur.com\/site26\/wp-json\/wp\/v2\/media?parent=737"}],"curies":[{"name":"wp","href":"https:\/\/api.w.org\/{rel}","templated":true}]}}