{"id":866,"date":"2026-03-21T15:35:44","date_gmt":"2026-03-21T14:35:44","guid":{"rendered":"https:\/\/lapieceur.com\/site26\/?page_id=866"},"modified":"2026-04-13T13:59:10","modified_gmt":"2026-04-13T11:59:10","slug":"painting-n7","status":"publish","type":"page","link":"https:\/\/lapieceur.com\/site26\/costume-mariage-sur-mesure\/painting-n7\/","title":{"rendered":"Painting n\u00b07"},"content":{"rendered":"<div class=\"et_pb_section_0 et_pb_section et_section_regular et_flex_section preset--group--divi-section--divi-spacing--default\">\n<div class=\"et_pb_row_0 et_pb_row et_flex_row preset--group--divi-row--divi-spacing--default\">\n<div class=\"et_pb_column_0 et_pb_column et-last-child et_flex_column et_pb_css_mix_blend_mode_passthrough et_flex_column_24_24 et_flex_column_24_24_tablet et_flex_column_24_24_phone et_flex_column_24_24_phoneWide et_flex_column_24_24_tabletWide preset--group--divi-column--divi-spacing--default\">\n\n\n\n\n<div class=\"et_pb_module et_d4_element lwp_divi_breadcrumbs lwp_divi_breadcrumbs_0\">\n\t\t\t\t\n\t\t\t\t\n\t\t\t\t\n\t\t\t\t\n\t\t\t\t\n\t\t\t\t\n\t\t\t\t<div class=\"et_pb_module_inner\">\n\t\t\t\t\t<div class=\"lwp-breadcrumbs\"> <span class=\"before\"><\/span> <span vocab=\"https:\/\/schema.org\/\" typeof=\"BreadcrumbList\"><span property=\"itemListElement\" typeof=\"ListItem\"><a property=\"item\" typeof=\"WebPage\" href=\"https:\/\/lapieceur.com\/site26\/\" class=\"home\"><span property=\"name\">Accueil<\/span><\/a><meta property=\"position\" content=\"1\"><\/span> <span class=\"separator et-pb-icon\">5<\/span> <\/span><\/div>\n\t\t\t\t<\/div>\n\t\t\t<\/div>\n\n\n\n\n\n<div class=\"et_pb_text_0 et_pb_text et_pb_bg_layout_light et_pb_module et_flex_module preset--group--divi-text--divi-spacing--default preset--group--divi-text--divi-font-body--default preset--group--divi-text--divi-font-header--default\"><div class=\"et_pb_text_inner\"><h1>Painting N\u00b07<\/h1>\n<\/div><\/div>\n\n<div class=\"et_pb_text_1 et_pb_text et_pb_bg_layout_light et_pb_module et_flex_module preset--group--divi-text--divi-spacing--default preset--group--divi-text--divi-font-body--default preset--group--divi-text--divi-font-header--default\"><div class=\"et_pb_text_inner\"><p>Avec la collection Painting N\u00b07, L\u2019api\u00e9ceur transforme le costume homme en v\u00e9ritable terrain d\u2019expression. Inspir\u00e9e de l\u2019univers de l\u2019atelier, chaque pi\u00e8ce joue avec les couleurs, les textures et les \u00e9motions.<\/p>\n<p>Du vert d\u2019eau au violet profond, en passant par l\u2019ivoire lumineux, chaque teinte affirme un style unique&nbsp;: chic estival, \u00e9l\u00e9gance Dolce Vita ou allure audacieuse. Les tissus deviennent une palette, pens\u00e9e pour cr\u00e9er des costumes \u00e0 forte personnalit\u00e9.<\/p>\n<p>Le smoking revisite les codes avec un jacquard \u00e0 motif camouflage discret, apportant une touche contemporaine \u00e0 une pi\u00e8ce iconique.<\/p>\n<p>Une collection de costumes \u00e9l\u00e9gants et originaux, entre cr\u00e9ativit\u00e9, couleur et modernit\u00e9.<\/p>\n<\/div><\/div>\n\n<div class=\"et_pb_image_0 et_pb_image et_pb_image_sticky et_pb_module et_flex_module preset--group--divi-image--divi-spacing--default\"><a href=\"https:\/\/lapieceur.com\/site26\/allen-costume-sur-mesure-en-toile-chinee-menthe-a-leau\/\"><span class=\"et_pb_image_wrap\"><img loading=\"lazy\" decoding=\"async\" src=\"https:\/\/lapieceur.com\/site26\/wp-content\/uploads\/2026\/03\/lapieceur-costume-sur-mesure-vert-Allen-6.webp\" title=\"l&#039;api\u00e9ceur - costume sur mesure vert - Allen 6\" width=\"1920\" height=\"1080\" srcset=\"https:\/\/lapieceur.com\/site26\/wp-content\/uploads\/2026\/03\/lapieceur-costume-sur-mesure-vert-Allen-6.webp 1920w, https:\/\/lapieceur.com\/site26\/wp-content\/uploads\/2026\/03\/lapieceur-costume-sur-mesure-vert-Allen-6-1280x720.webp 1280w, https:\/\/lapieceur.com\/site26\/wp-content\/uploads\/2026\/03\/lapieceur-costume-sur-mesure-vert-Allen-6-980x551.webp 980w, https:\/\/lapieceur.com\/site26\/wp-content\/uploads\/2026\/03\/lapieceur-costume-sur-mesure-vert-Allen-6-480x270.webp 480w\" sizes=\"(min-width: 0px) and (max-width: 480px) 480px, (min-width: 481px) and (max-width: 980px) 980px, (min-width: 981px) and (max-width: 1280px) 1280px, (min-width: 1281px) 1920px, 100vw\" class=\"wp-image-487\" \/><\/span><\/a><\/div>\n\n<div class=\"et_pb_text_2 et_pb_text et_pb_bg_layout_light et_pb_module et_flex_module preset--group--divi-text--divi-spacing--default preset--group--divi-text--divi-font-body--default preset--group--divi-text--divi-font-header--default\"><div class=\"et_pb_text_inner\"><p><em><a href=\"https:\/\/lapieceur.com\/site26\/allen-costume-sur-mesure-en-toile-chinee-menthe-a-leau\/\">Silhouette Allen &gt;<\/a><\/em><\/p>\n<\/div><\/div>\n<\/div>\n<\/div>\n\n<div class=\"et_pb_row_1 et_pb_row et_flex_row preset--group--divi-row--divi-spacing--default\">\n<div class=\"et_pb_column_1 et_pb_column et_flex_column et_pb_css_mix_blend_mode_passthrough et_flex_column_12_24 et_flex_column_12_24_tablet et_flex_column_24_24_phone et_flex_column_24_24_phoneWide et_flex_column_12_24_tabletWide preset--group--divi-column--divi-spacing--default\">\n<div class=\"et_pb_image_1 et_pb_image et_pb_image_sticky et_pb_image_sticky_phone et_pb_module et_flex_module preset--group--divi-image--divi-spacing--default\"><a href=\"https:\/\/lapieceur.com\/site26\/thomas-costume-sur-mesure-trois-pieces-en-toile-nattee-beige\/\"><span class=\"et_pb_image_wrap\"><img loading=\"lazy\" decoding=\"async\" src=\"https:\/\/lapieceur.com\/site26\/wp-content\/uploads\/2026\/03\/lapieceur-costume-sur-mesure-thomas-.webp\" title=\"l&#039;api\u00e9ceur - costume sur mesure - thomas\" width=\"900\" height=\"1100\" srcset=\"https:\/\/lapieceur.com\/site26\/wp-content\/uploads\/2026\/03\/lapieceur-costume-sur-mesure-thomas-.webp 900w, https:\/\/lapieceur.com\/site26\/wp-content\/uploads\/2026\/03\/lapieceur-costume-sur-mesure-thomas--480x587.webp 480w\" sizes=\"(min-width: 0px) and (max-width: 480px) 480px, (min-width: 481px) 900px, 100vw\" class=\"wp-image-468\" \/><\/span><\/a><\/div>\n\n<div class=\"et_pb_row_2 et_pb_row et_pb_row_nested et_flex_row preset--group--divi-row--divi-spacing--default\">\n<div class=\"et_pb_column_2 et_pb_column et_flex_column et_pb_column_empty et_pb_css_mix_blend_mode_passthrough et_flex_column_12_24 et_flex_column_12_24_tablet et_flex_column_24_24_phone et_flex_column_24_24_phoneWide et_flex_column_12_24_tabletWide preset--group--divi-column--divi-spacing--default\"><\/div>\n\n<div class=\"et_pb_column_3 et_pb_column et-last-child et_flex_column et_pb_css_mix_blend_mode_passthrough et_flex_column_12_24 et_flex_column_12_24_tablet et_flex_column_24_24_phone et_flex_column_24_24_phoneWide et_flex_column_12_24_tabletWide preset--group--divi-column--divi-spacing--default\">\n<div class=\"et_pb_text_3 et_pb_text et_pb_bg_layout_light et_pb_module et_flex_module preset--group--divi-text--divi-spacing--default preset--group--divi-text--divi-font-body--default preset--group--divi-text--divi-font-header--default\"><div class=\"et_pb_text_inner\"><p><em><a href=\"https:\/\/lapieceur.com\/site26\/thomas-costume-sur-mesure-trois-pieces-en-toile-nattee-beige\/\">Silhouette thomas &gt;<\/a><\/em><\/p>\n<\/div><\/div>\n<\/div>\n<\/div>\n<\/div>\n\n<div class=\"et_pb_column_4 et_pb_column et-last-child et_flex_column et_pb_css_mix_blend_mode_passthrough et_flex_column_12_24 et_flex_column_12_24_tablet et_flex_column_24_24_phone et_flex_column_24_24_phoneWide et_flex_column_12_24_tabletWide preset--group--divi-column--divi-spacing--default\">\n<div class=\"et_pb_image_2 et_pb_image et_pb_module et_flex_module preset--group--divi-image--divi-spacing--default\"><a href=\"https:\/\/lapieceur.com\/site26\/leo-costume-sur-mesure-en-jacquard-noir-a-motif-camouflage\/\"><span class=\"et_pb_image_wrap\"><img loading=\"lazy\" decoding=\"async\" src=\"https:\/\/lapieceur.com\/site26\/wp-content\/uploads\/2026\/03\/lapieceur-costume-sur-mesure-leo-4.webp\" title=\"l&#039;api\u00e9ceur - costume sur mesure - leo 4\" width=\"1920\" height=\"1080\" srcset=\"https:\/\/lapieceur.com\/site26\/wp-content\/uploads\/2026\/03\/lapieceur-costume-sur-mesure-leo-4.webp 1920w, https:\/\/lapieceur.com\/site26\/wp-content\/uploads\/2026\/03\/lapieceur-costume-sur-mesure-leo-4-1280x720.webp 1280w, https:\/\/lapieceur.com\/site26\/wp-content\/uploads\/2026\/03\/lapieceur-costume-sur-mesure-leo-4-980x551.webp 980w, https:\/\/lapieceur.com\/site26\/wp-content\/uploads\/2026\/03\/lapieceur-costume-sur-mesure-leo-4-480x270.webp 480w\" sizes=\"(min-width: 0px) and (max-width: 480px) 480px, (min-width: 481px) and (max-width: 980px) 980px, (min-width: 981px) and (max-width: 1280px) 1280px, (min-width: 1281px) 1920px, 100vw\" class=\"wp-image-458\" \/><\/span><\/a><\/div>\n\n<div class=\"et_pb_text_4 et_pb_text et_pb_bg_layout_light et_pb_module et_flex_module preset--group--divi-text--divi-spacing--default preset--group--divi-text--divi-font-body--default preset--group--divi-text--divi-font-header--default\"><div class=\"et_pb_text_inner\"><p><em><a href=\"https:\/\/lapieceur.com\/site26\/leo-costume-sur-mesure-en-jacquard-noir-a-motif-camouflage\/\">Silhouette Leo&gt;<\/a><\/em><\/p>\n<\/div><\/div>\n<\/div>\n<\/div>\n\n<div class=\"et_pb_row_3 et_pb_row et_flex_row preset--group--divi-row--divi-spacing--default\">\n<div class=\"et_pb_column_5 et_pb_column et_flex_column et_pb_css_mix_blend_mode_passthrough et_flex_column_8_24 et_flex_column_8_24_tablet et_flex_column_24_24_phone et_flex_column_24_24_phoneWide et_flex_column_8_24_tabletWide preset--group--divi-column--divi-spacing--default\">\n<div class=\"et_pb_image_3 et_pb_image et_pb_module et_flex_module preset--group--divi-image--divi-spacing--default\"><a href=\"https:\/\/lapieceur.com\/site26\/vaslav-costume-sur-mesure-en-toile-grise-chinee\/\"><span class=\"et_pb_image_wrap\"><img loading=\"lazy\" decoding=\"async\" src=\"https:\/\/lapieceur.com\/site26\/wp-content\/uploads\/2026\/03\/lapieceur-costume-sur-mesure-vaslav-2.webp\" title=\"l&#039;api\u00e9ceur - costume sur mesure - vaslav 2\" width=\"1920\" height=\"1080\" srcset=\"https:\/\/lapieceur.com\/site26\/wp-content\/uploads\/2026\/03\/lapieceur-costume-sur-mesure-vaslav-2.webp 1920w, https:\/\/lapieceur.com\/site26\/wp-content\/uploads\/2026\/03\/lapieceur-costume-sur-mesure-vaslav-2-1280x720.webp 1280w, https:\/\/lapieceur.com\/site26\/wp-content\/uploads\/2026\/03\/lapieceur-costume-sur-mesure-vaslav-2-980x551.webp 980w, https:\/\/lapieceur.com\/site26\/wp-content\/uploads\/2026\/03\/lapieceur-costume-sur-mesure-vaslav-2-480x270.webp 480w\" sizes=\"(min-width: 0px) and (max-width: 480px) 480px, (min-width: 481px) and (max-width: 980px) 980px, (min-width: 981px) and (max-width: 1280px) 1280px, (min-width: 1281px) 1920px, 100vw\" class=\"wp-image-475\" \/><\/span><\/a><\/div>\n\n<div class=\"et_pb_row_4 et_pb_row et_pb_row_nested et_flex_row preset--group--divi-row--divi-spacing--default\">\n<div class=\"et_pb_column_6 et_pb_column et_flex_column et_pb_css_mix_blend_mode_passthrough et_flex_column_12_24 et_flex_column_12_24_tablet et_flex_column_24_24_phone et_flex_column_24_24_phoneWide et_flex_column_12_24_tabletWide preset--group--divi-column--divi-spacing--default\">\n<div class=\"et_pb_text_5 et_pb_text et_pb_bg_layout_light et_pb_module et_flex_module preset--group--divi-text--divi-spacing--default preset--group--divi-text--divi-font-body--default preset--group--divi-text--divi-font-header--default\"><div class=\"et_pb_text_inner\"><p><em><a href=\"https:\/\/lapieceur.com\/site26\/vaslav-costume-sur-mesure-en-toile-grise-chinee\/\">Silhouette Vaslav &gt;<\/a><\/em><\/p>\n<\/div><\/div>\n<\/div>\n\n<div class=\"et_pb_column_7 et_pb_column et-last-child et_flex_column et_pb_column_empty et_pb_css_mix_blend_mode_passthrough et_flex_column_12_24 et_flex_column_12_24_tablet et_flex_column_24_24_phone et_flex_column_24_24_phoneWide et_flex_column_12_24_tabletWide preset--group--divi-column--divi-spacing--default\"><\/div>\n<\/div>\n<\/div>\n\n<div class=\"et_pb_column_8 et_pb_column et_flex_column et_pb_css_mix_blend_mode_passthrough et_flex_column_8_24 et_flex_column_8_24_tablet et_flex_column_24_24_phone et_flex_column_24_24_phoneWide et_flex_column_8_24_tabletWide preset--group--divi-column--divi-spacing--default\">\n<div class=\"et_pb_image_4 et_pb_image et_pb_module et_flex_module preset--group--divi-image--divi-spacing--default\"><a href=\"https:\/\/lapieceur.com\/site26\/johann-costume-sur-mesure-en-toile-changeante-violet\/\"><span class=\"et_pb_image_wrap\"><img loading=\"lazy\" decoding=\"async\" src=\"https:\/\/lapieceur.com\/site26\/wp-content\/uploads\/2026\/04\/johann-costume-sur-mesure-violet.webp\" title=\"johann-costume-sur-mesure-violet\" width=\"1440\" height=\"2160\" srcset=\"https:\/\/lapieceur.com\/site26\/wp-content\/uploads\/2026\/04\/johann-costume-sur-mesure-violet.webp 1440w, https:\/\/lapieceur.com\/site26\/wp-content\/uploads\/2026\/04\/johann-costume-sur-mesure-violet-1280x1920.webp 1280w, https:\/\/lapieceur.com\/site26\/wp-content\/uploads\/2026\/04\/johann-costume-sur-mesure-violet-980x1470.webp 980w, https:\/\/lapieceur.com\/site26\/wp-content\/uploads\/2026\/04\/johann-costume-sur-mesure-violet-480x720.webp 480w\" sizes=\"(min-width: 0px) and (max-width: 480px) 480px, (min-width: 481px) and (max-width: 980px) 980px, (min-width: 981px) and (max-width: 1280px) 1280px, (min-width: 1281px) 1440px, 100vw\" class=\"wp-image-2328\" \/><\/span><\/a><\/div>\n\n<div class=\"et_pb_text_6 et_pb_text et_pb_bg_layout_light et_pb_module et_flex_module preset--group--divi-text--divi-spacing--default preset--group--divi-text--divi-font-body--default preset--group--divi-text--divi-font-header--default\"><div class=\"et_pb_text_inner\"><p><em><a href=\"https:\/\/lapieceur.com\/site26\/johann-costume-sur-mesure-en-toile-changeante-violet\/\">Silhouette Johann &gt;<\/a><\/em><\/p>\n<\/div><\/div>\n<\/div>\n\n<div class=\"et_pb_column_9 et_pb_column et-last-child et_flex_column et_pb_css_mix_blend_mode_passthrough et_flex_column_8_24 et_flex_column_8_24_tablet et_flex_column_24_24_phone et_flex_column_24_24_phoneWide et_flex_column_8_24_tabletWide preset--group--divi-column--divi-spacing--default\">\n<div class=\"et_pb_image_5 et_pb_image et_pb_image_sticky_phone et_pb_module et_flex_module preset--group--divi-image--divi-spacing--default\"><a href=\"https:\/\/lapieceur.com\/site26\/mikhail-costume-sur-mesure-en-toile-ivoire-unie\/\"><span class=\"et_pb_image_wrap\"><img loading=\"lazy\" decoding=\"async\" src=\"https:\/\/lapieceur.com\/site26\/wp-content\/uploads\/2026\/04\/mikhail-costume-sur-mesure-ivoire2.webp\" title=\"mikhail-costume-sur-mesure-ivoire2\" width=\"1440\" height=\"2160\" srcset=\"https:\/\/lapieceur.com\/site26\/wp-content\/uploads\/2026\/04\/mikhail-costume-sur-mesure-ivoire2.webp 1440w, https:\/\/lapieceur.com\/site26\/wp-content\/uploads\/2026\/04\/mikhail-costume-sur-mesure-ivoire2-1280x1920.webp 1280w, https:\/\/lapieceur.com\/site26\/wp-content\/uploads\/2026\/04\/mikhail-costume-sur-mesure-ivoire2-980x1470.webp 980w, https:\/\/lapieceur.com\/site26\/wp-content\/uploads\/2026\/04\/mikhail-costume-sur-mesure-ivoire2-480x720.webp 480w\" sizes=\"(min-width: 0px) and (max-width: 480px) 480px, (min-width: 481px) and (max-width: 980px) 980px, (min-width: 981px) and (max-width: 1280px) 1280px, (min-width: 1281px) 1440px, 100vw\" class=\"wp-image-2337\" \/><\/span><\/a><\/div>\n\n<div class=\"et_pb_text_7 et_pb_text et_pb_bg_layout_light et_pb_module et_flex_module preset--group--divi-text--divi-spacing--default preset--group--divi-text--divi-font-body--default preset--group--divi-text--divi-font-header--default\"><div class=\"et_pb_text_inner\"><p><em><a href=\"https:\/\/lapieceur.com\/site26\/mikhail-costume-sur-mesure-en-toile-ivoire-unie\/\">Silhouette Mikha\u00efl &gt;<\/a><\/em><\/p>\n<\/div><\/div>\n<\/div>\n<\/div>\n<\/div>","protected":false},"excerpt":{"rendered":"<p>L\u2019api\u00e9ceur transforme le costume homme en v\u00e9ritable terrain d\u2019expression o\u00f9 chaque pi\u00e8ce joue avec les couleurs, les textures et les \u00e9motions.<\/p>","protected":false},"author":1,"featured_media":2337,"parent":900,"menu_order":0,"comment_status":"closed","ping_status":"closed","template":"","meta":{"_et_pb_use_builder":"on","_et_pb_old_content":"","_et_gb_content_width":"","footnotes":""},"class_list":["post-866","page","type-page","status-publish","has-post-thumbnail","hentry"],"_links":{"self":[{"href":"https:\/\/lapieceur.com\/site26\/wp-json\/wp\/v2\/pages\/866","targetHints":{"allow":["GET"]}}],"collection":[{"href":"https:\/\/lapieceur.com\/site26\/wp-json\/wp\/v2\/pages"}],"about":[{"href":"https:\/\/lapieceur.com\/site26\/wp-json\/wp\/v2\/types\/page"}],"author":[{"embeddable":true,"href":"https:\/\/lapieceur.com\/site26\/wp-json\/wp\/v2\/users\/1"}],"replies":[{"embeddable":true,"href":"https:\/\/lapieceur.com\/site26\/wp-json\/wp\/v2\/comments?post=866"}],"version-history":[{"count":6,"href":"https:\/\/lapieceur.com\/site26\/wp-json\/wp\/v2\/pages\/866\/revisions"}],"predecessor-version":[{"id":2341,"href":"https:\/\/lapieceur.com\/site26\/wp-json\/wp\/v2\/pages\/866\/revisions\/2341"}],"up":[{"embeddable":true,"href":"https:\/\/lapieceur.com\/site26\/wp-json\/wp\/v2\/pages\/900"}],"wp:featuredmedia":[{"embeddable":true,"href":"https:\/\/lapieceur.com\/site26\/wp-json\/wp\/v2\/media\/2337"}],"wp:attachment":[{"href":"https:\/\/lapieceur.com\/site26\/wp-json\/wp\/v2\/media?parent=866"}],"curies":[{"name":"wp","href":"https:\/\/api.w.org\/{rel}","templated":true}]}}