{"id":898,"date":"2026-03-21T16:00:06","date_gmt":"2026-03-21T15:00:06","guid":{"rendered":"https:\/\/lapieceur.com\/site26\/?page_id=898"},"modified":"2026-04-13T13:56:36","modified_gmt":"2026-04-13T11:56:36","slug":"costume-business-sur-mesure","status":"publish","type":"page","link":"https:\/\/lapieceur.com\/site26\/costume-business-sur-mesure\/","title":{"rendered":"Costume business sur mesure"},"content":{"rendered":"<div class=\"et_pb_section_0 et_pb_section et_section_regular et_flex_section preset--group--divi-section--divi-spacing--default\">\n<div class=\"et_pb_row_0 et_pb_row et_flex_row preset--group--divi-row--divi-spacing--default\">\n<div class=\"et_pb_column_0 et_pb_column et-last-child et_flex_column et_pb_css_mix_blend_mode_passthrough et_flex_column_24_24 et_flex_column_24_24_tablet et_flex_column_24_24_phone et_flex_column_24_24_phoneWide et_flex_column_24_24_tabletWide preset--group--divi-column--divi-spacing--default\">\n<div class=\"et_pb_text_0 et_pb_text et_pb_bg_layout_light et_pb_module et_flex_module preset--group--divi-text--divi-spacing--default preset--group--divi-text--divi-font-body--default preset--group--divi-text--divi-font-header--default\"><div class=\"et_pb_text_inner\" data-et-mv-hidden-phone=\"true\"><h2>COSTUME BUSINESS &amp; CASUAL<\/h2>\n<p>Pens\u00e9es pour le quotidien professionnel, nos collections de costumes sur mesure sont cr\u00e9\u00e9es chaque saison afin de composer un vestiaire \u00e9l\u00e9gant, fonctionnel et contemporain.<\/p>\n<\/div><\/div>\n<\/div>\n<\/div>\n\n<div class=\"et_pb_row_1 et_pb_row et_flex_row preset--group--divi-row--divi-spacing--default\">\n<div class=\"et_pb_column_1 et_pb_column et_flex_column et_pb_css_mix_blend_mode_passthrough et_flex_column_8_24 et_flex_column_8_24_tablet et_flex_column_24_24_phone et_flex_column_24_24_phoneWide et_flex_column_8_24_tabletWide preset--group--divi-column--divi-spacing--default\">\n<div class=\"et_pb_image_0 et_pb_image et_pb_module et_flex_module preset--group--divi-image--divi-spacing--default\"><a href=\"https:\/\/lapieceur.com\/site26\/costume-business-sur-mesure\/variations\/\"><span class=\"et_pb_image_wrap\"><img loading=\"lazy\" decoding=\"async\" src=\"https:\/\/lapieceur.com\/site26\/wp-content\/uploads\/2026\/03\/richard-3-pieces-flanelle-kaki4.webp\" title=\"richard-3-pieces-flanelle-kaki4\" width=\"1360\" height=\"2040\" srcset=\"https:\/\/lapieceur.com\/site26\/wp-content\/uploads\/2026\/03\/richard-3-pieces-flanelle-kaki4.webp 1360w, https:\/\/lapieceur.com\/site26\/wp-content\/uploads\/2026\/03\/richard-3-pieces-flanelle-kaki4-1280x1920.webp 1280w, https:\/\/lapieceur.com\/site26\/wp-content\/uploads\/2026\/03\/richard-3-pieces-flanelle-kaki4-980x1470.webp 980w, https:\/\/lapieceur.com\/site26\/wp-content\/uploads\/2026\/03\/richard-3-pieces-flanelle-kaki4-480x720.webp 480w\" sizes=\"(min-width: 0px) and (max-width: 480px) 480px, (min-width: 481px) and (max-width: 980px) 980px, (min-width: 981px) and (max-width: 1280px) 1280px, (min-width: 1281px) 1360px, 100vw\" class=\"wp-image-374\" \/><\/span><\/a><\/div>\n\n<div class=\"et_pb_text_1 et_pb_text et_pb_bg_layout_light et_clickable et_pb_module et_flex_module preset--group--divi-text--divi-spacing--default preset--group--divi-text--divi-font-body--default preset--group--divi-text--divi-font-header--default\"><div class=\"et_pb_text_inner\"><h2>Variations<\/h2>\n<h3>Collection costume business N\u00b06\u00a0<\/h3>\n<\/div><\/div>\n<\/div>\n\n<div class=\"et_pb_column_2 et_pb_column et_flex_column et_pb_css_mix_blend_mode_passthrough et_flex_column_8_24 et_flex_column_8_24_tablet et_flex_column_24_24_phone et_flex_column_24_24_phoneWide et_flex_column_8_24_tabletWide preset--group--divi-column--divi-spacing--default\">\n<div class=\"et_pb_image_1 et_pb_image et_pb_module et_flex_module preset--group--divi-image--divi-spacing--default\"><a href=\"https:\/\/lapieceur.com\/site26\/costume-business-sur-mesure\/sky-above-clouds\/\"><span class=\"et_pb_image_wrap\"><img loading=\"lazy\" decoding=\"async\" src=\"https:\/\/lapieceur.com\/site26\/wp-content\/uploads\/2026\/03\/GEORGE-costume-sur-mesure-lapieceur.jpg\" title=\"GEORGE-costume-sur-mesure-lapieceur\" width=\"1280\" height=\"1920\" srcset=\"https:\/\/lapieceur.com\/site26\/wp-content\/uploads\/2026\/03\/GEORGE-costume-sur-mesure-lapieceur.jpg 1280w, https:\/\/lapieceur.com\/site26\/wp-content\/uploads\/2026\/03\/GEORGE-costume-sur-mesure-lapieceur-980x1470.jpg 980w, https:\/\/lapieceur.com\/site26\/wp-content\/uploads\/2026\/03\/GEORGE-costume-sur-mesure-lapieceur-480x720.jpg 480w\" sizes=\"(min-width: 0px) and (max-width: 480px) 480px, (min-width: 481px) and (max-width: 980px) 980px, (min-width: 981px) 1280px, 100vw\" class=\"wp-image-498\" \/><\/span><\/a><\/div>\n\n<div class=\"et_pb_text_2 et_pb_text et_pb_bg_layout_light et_clickable et_pb_module et_flex_module preset--group--divi-text--divi-spacing--default preset--group--divi-text--divi-font-body--default preset--group--divi-text--divi-font-header--default\"><div class=\"et_pb_text_inner\"><h2>sky above clouds<\/h2>\n<h3>Collection costume business N\u00b05\u00a0<\/h3>\n<\/div><\/div>\n<\/div>\n\n<div class=\"et_pb_column_3 et_pb_column et-last-child et_flex_column et_pb_css_mix_blend_mode_passthrough et_flex_column_8_24 et_flex_column_8_24_tablet et_flex_column_24_24_phone et_flex_column_24_24_phoneWide et_flex_column_8_24_tabletWide preset--group--divi-column--divi-spacing--default\">\n<div class=\"et_pb_image_2 et_pb_image et_pb_module et_flex_module preset--group--divi-image--divi-spacing--default\"><a href=\"https:\/\/lapieceur.com\/site26\/costume-business-sur-mesure\/landscape\/\"><span class=\"et_pb_image_wrap\"><img loading=\"lazy\" decoding=\"async\" src=\"https:\/\/lapieceur.com\/site26\/wp-content\/uploads\/2026\/04\/MARIO-costume-prince-de-galles-bleu-rouge-lapieceur.webp\" title=\"MARIO costume prince de galles bleu rouge lapieceur\" width=\"1440\" height=\"2160\" srcset=\"https:\/\/lapieceur.com\/site26\/wp-content\/uploads\/2026\/04\/MARIO-costume-prince-de-galles-bleu-rouge-lapieceur.webp 1440w, https:\/\/lapieceur.com\/site26\/wp-content\/uploads\/2026\/04\/MARIO-costume-prince-de-galles-bleu-rouge-lapieceur-1280x1920.webp 1280w, https:\/\/lapieceur.com\/site26\/wp-content\/uploads\/2026\/04\/MARIO-costume-prince-de-galles-bleu-rouge-lapieceur-980x1470.webp 980w, https:\/\/lapieceur.com\/site26\/wp-content\/uploads\/2026\/04\/MARIO-costume-prince-de-galles-bleu-rouge-lapieceur-480x720.webp 480w\" sizes=\"(min-width: 0px) and (max-width: 480px) 480px, (min-width: 481px) and (max-width: 980px) 980px, (min-width: 981px) and (max-width: 1280px) 1280px, (min-width: 1281px) 1440px, 100vw\" class=\"wp-image-2279\" \/><\/span><\/a><\/div>\n\n<div class=\"et_pb_text_3 et_pb_text et_pb_bg_layout_light et_clickable et_pb_module et_flex_module preset--group--divi-text--divi-spacing--default preset--group--divi-text--divi-font-body--default preset--group--divi-text--divi-font-header--default\"><div class=\"et_pb_text_inner\"><h2>landscape<\/h2>\n<h3>Collection costume business N\u00b04\u00a0<\/h3>\n<\/div><\/div>\n<\/div>\n<\/div>\n\n<div class=\"et_pb_row_2 et_pb_row et_flex_row preset--group--divi-row--divi-spacing--default\">\n<div class=\"et_pb_column_4 et_pb_column et_flex_column et_pb_css_mix_blend_mode_passthrough et_flex_column_8_24 et_flex_column_8_24_tablet et_flex_column_24_24_phone et_flex_column_24_24_phoneWide et_flex_column_8_24_tabletWide preset--group--divi-column--divi-spacing--default\">\n<div class=\"et_pb_image_3 et_pb_image et_pb_module et_flex_module preset--group--divi-image--divi-spacing--default\"><a href=\"https:\/\/lapieceur.com\/site26\/costume-business-sur-mesure\/composition-n-10\/\"><span class=\"et_pb_image_wrap\"><img loading=\"lazy\" decoding=\"async\" src=\"https:\/\/lapieceur.com\/site26\/wp-content\/uploads\/2026\/04\/STEVEN-costume-flanelle-beige-lapieceur.webp\" title=\"STEVEN costume flanelle beige lapieceur\" width=\"1440\" height=\"2160\" srcset=\"https:\/\/lapieceur.com\/site26\/wp-content\/uploads\/2026\/04\/STEVEN-costume-flanelle-beige-lapieceur.webp 1440w, https:\/\/lapieceur.com\/site26\/wp-content\/uploads\/2026\/04\/STEVEN-costume-flanelle-beige-lapieceur-1280x1920.webp 1280w, https:\/\/lapieceur.com\/site26\/wp-content\/uploads\/2026\/04\/STEVEN-costume-flanelle-beige-lapieceur-980x1470.webp 980w, https:\/\/lapieceur.com\/site26\/wp-content\/uploads\/2026\/04\/STEVEN-costume-flanelle-beige-lapieceur-480x720.webp 480w\" sizes=\"(min-width: 0px) and (max-width: 480px) 480px, (min-width: 481px) and (max-width: 980px) 980px, (min-width: 981px) and (max-width: 1280px) 1280px, (min-width: 1281px) 1440px, 100vw\" class=\"wp-image-2244\" \/><\/span><\/a><\/div>\n\n<div class=\"et_pb_text_4 et_pb_text et_pb_bg_layout_light et_clickable et_pb_module et_flex_module preset--group--divi-text--divi-spacing--default preset--group--divi-text--divi-font-body--default preset--group--divi-text--divi-font-header--default\"><div class=\"et_pb_text_inner\"><h2>Composition n\u00b010<\/h2>\n<h3>Collection costume business N\u00b03<\/h3>\n<\/div><\/div>\n<\/div>\n\n<div class=\"et_pb_column_5 et_pb_column et_flex_column et_pb_css_mix_blend_mode_passthrough et_flex_column_8_24 et_flex_column_8_24_tablet et_flex_column_24_24_phone et_flex_column_24_24_phoneWide et_flex_column_8_24_tabletWide preset--group--divi-column--divi-spacing--default\">\n<div class=\"et_pb_image_4 et_pb_image et_pb_module et_flex_module preset--group--divi-image--divi-spacing--default\"><a href=\"https:\/\/lapieceur.com\/site26\/costume-business-sur-mesure\/stranger-in-town\/\"><span class=\"et_pb_image_wrap\"><img loading=\"lazy\" decoding=\"async\" src=\"https:\/\/lapieceur.com\/site26\/wp-content\/uploads\/2026\/04\/merce-costume-flanelle-marine-2_.webp\" title=\"merce-costume-flanelle-marine-2_\" width=\"1440\" height=\"2160\" srcset=\"https:\/\/lapieceur.com\/site26\/wp-content\/uploads\/2026\/04\/merce-costume-flanelle-marine-2_.webp 1440w, https:\/\/lapieceur.com\/site26\/wp-content\/uploads\/2026\/04\/merce-costume-flanelle-marine-2_-1280x1920.webp 1280w, https:\/\/lapieceur.com\/site26\/wp-content\/uploads\/2026\/04\/merce-costume-flanelle-marine-2_-980x1470.webp 980w, https:\/\/lapieceur.com\/site26\/wp-content\/uploads\/2026\/04\/merce-costume-flanelle-marine-2_-480x720.webp 480w\" sizes=\"(min-width: 0px) and (max-width: 480px) 480px, (min-width: 481px) and (max-width: 980px) 980px, (min-width: 981px) and (max-width: 1280px) 1280px, (min-width: 1281px) 1440px, 100vw\" class=\"wp-image-2305\" \/><\/span><\/a><\/div>\n\n<div class=\"et_pb_text_5 et_pb_text et_pb_bg_layout_light et_clickable et_pb_module et_flex_module preset--group--divi-text--divi-spacing--default preset--group--divi-text--divi-font-body--default preset--group--divi-text--divi-font-header--default\"><div class=\"et_pb_text_inner\"><h2>Stranger in town<\/h2>\n<h3>Collection costume business N\u00b02<\/h3>\n<\/div><\/div>\n<\/div>\n\n<div class=\"et_pb_column_6 et_pb_column et-last-child et_flex_column et_pb_css_mix_blend_mode_passthrough et_flex_column_8_24 et_flex_column_8_24_tablet et_flex_column_24_24_phone et_flex_column_24_24_phoneWide et_flex_column_8_24_tabletWide preset--group--divi-column--divi-spacing--default\">\n<div class=\"et_pb_image_5 et_pb_image et_pb_module et_flex_module preset--group--divi-image--divi-spacing--default\"><a href=\"https:\/\/lapieceur.com\/site26\/costume-business-sur-mesure\/greens-crossing-greens\/\"><span class=\"et_pb_image_wrap\"><img loading=\"lazy\" decoding=\"async\" src=\"https:\/\/lapieceur.com\/site26\/wp-content\/uploads\/2026\/04\/jasper-portrait.webp\" title=\"jasper-portrait\" width=\"1440\" height=\"2160\" srcset=\"https:\/\/lapieceur.com\/site26\/wp-content\/uploads\/2026\/04\/jasper-portrait.webp 1440w, https:\/\/lapieceur.com\/site26\/wp-content\/uploads\/2026\/04\/jasper-portrait-1280x1920.webp 1280w, https:\/\/lapieceur.com\/site26\/wp-content\/uploads\/2026\/04\/jasper-portrait-980x1470.webp 980w, https:\/\/lapieceur.com\/site26\/wp-content\/uploads\/2026\/04\/jasper-portrait-480x720.webp 480w\" sizes=\"(min-width: 0px) and (max-width: 480px) 480px, (min-width: 481px) and (max-width: 980px) 980px, (min-width: 981px) and (max-width: 1280px) 1280px, (min-width: 1281px) 1440px, 100vw\" class=\"wp-image-2220\" \/><\/span><\/a><\/div>\n\n<div class=\"et_pb_text_6 et_pb_text et_pb_bg_layout_light et_clickable et_pb_module et_flex_module preset--group--divi-text--divi-spacing--default preset--group--divi-text--divi-font-body--default preset--group--divi-text--divi-font-header--default\"><div class=\"et_pb_text_inner\"><h2>Greens crossing greens<\/h2>\n<h3>Collection costume business N\u00b01<\/h3>\n<\/div><\/div>\n<\/div>\n<\/div>\n\n<div class=\"et_pb_row_3 et_pb_row et_flex_row preset--group--divi-row--divi-spacing--default\">\n<div class=\"et_pb_column_7 et_pb_column et-last-child et_flex_column et_pb_css_mix_blend_mode_passthrough et_flex_column_24_24 et_flex_column_24_24_tablet et_flex_column_24_24_phone et_flex_column_24_24_phoneWide et_flex_column_24_24_tabletWide preset--group--divi-column--divi-spacing--default\">\n<div class=\"et_pb_text_7 et_pb_text et_pb_bg_layout_light et_pb_module et_flex_module preset--group--divi-text--divi-spacing--default preset--group--divi-text--divi-font-body--default preset--group--divi-text--divi-font-header--default\"><div class=\"et_pb_text_inner\"><h1>COSTUME BUSINESS SUR MESURE A PARIS<\/h1>\n<\/div><\/div>\n<\/div>\n<\/div>\n\n<div class=\"et_pb_row_4 et_pb_row et_flex_row preset--group--divi-row--divi-spacing--default\">\n<div class=\"et_pb_column_8 et_pb_column et_flex_column et_pb_css_mix_blend_mode_passthrough et_flex_column_12_24 et_flex_column_12_24_tablet et_flex_column_24_24_phone et_flex_column_24_24_phoneWide et_flex_column_12_24_tabletWide preset--group--divi-column--divi-spacing--default\">\n<div class=\"et_pb_text_8 et_pb_text et_pb_bg_layout_light et_pb_module et_flex_module preset--group--divi-text--divi-spacing--default preset--group--divi-text--divi-font-body--default preset--group--divi-text--divi-font-header--default\"><div class=\"et_pb_text_inner\"><p>Dans le monde professionnel, l'\u00e9l\u00e9gance n'est pas une option, c'est un langage.<\/p>\n<p>Opter pour un costume business r\u00e9alis\u00e9 par un tailleur exp\u00e9riment\u00e9 \u00e0 Paris, c'est faire le choix d'une allure irr\u00e9prochable qui respecte votre morphologie tout en affirmant votre statut. Contrairement au pr\u00eat-\u00e0-porter standardis\u00e9, la grande mesure ou la demi-mesure permettent de travailler chaque d\u00e9tail pour que le v\u00eatement devienne une seconde peau. Pour vos journ\u00e9es de travail, le choix du tissu est primordial. Nous privil\u00e9gions des laines froides de drapiers renomm\u00e9s, italiens ou anglais, qui offrent une r\u00e9sistance naturelle au froissement tout en garantissant une respirabilit\u00e9 optimale.<\/p>\n<p>Un costume business doit \u00eatre une armure de confort&nbsp;; c'est pourquoi la coupe doit \u00eatre ajust\u00e9e sans jamais \u00eatre \u00e9triqu\u00e9e, permettant une libert\u00e9 de mouvement totale entre deux r\u00e9unions.<\/p>\n<\/div><\/div>\n\n<div class=\"et_pb_image_6 et_pb_image et_pb_module et_flex_module preset--group--divi-image--divi-spacing--default\"><span class=\"et_pb_image_wrap\"><img loading=\"lazy\" decoding=\"async\" src=\"https:\/\/lapieceur.com\/site26\/wp-content\/uploads\/2026\/03\/jack-costume-sur-mesure-vert-pastel4.webp\" title=\"jack-costume-sur-mesure-vert-pastel4\" width=\"1360\" height=\"2040\" srcset=\"https:\/\/lapieceur.com\/site26\/wp-content\/uploads\/2026\/03\/jack-costume-sur-mesure-vert-pastel4.webp 1360w, https:\/\/lapieceur.com\/site26\/wp-content\/uploads\/2026\/03\/jack-costume-sur-mesure-vert-pastel4-1280x1920.webp 1280w, https:\/\/lapieceur.com\/site26\/wp-content\/uploads\/2026\/03\/jack-costume-sur-mesure-vert-pastel4-980x1470.webp 980w, https:\/\/lapieceur.com\/site26\/wp-content\/uploads\/2026\/03\/jack-costume-sur-mesure-vert-pastel4-480x720.webp 480w\" sizes=\"(min-width: 0px) and (max-width: 480px) 480px, (min-width: 481px) and (max-width: 980px) 980px, (min-width: 981px) and (max-width: 1280px) 1280px, (min-width: 1281px) 1360px, 100vw\" class=\"wp-image-391\" \/><\/span><\/div>\n<\/div>\n\n<div class=\"et_pb_column_9 et_pb_column et-last-child et_flex_column et_pb_css_mix_blend_mode_passthrough et_flex_column_12_24 et_flex_column_12_24_tablet et_flex_column_24_24_phone et_flex_column_24_24_phoneWide et_flex_column_12_24_tabletWide preset--group--divi-column--divi-spacing--default\">\n<div class=\"et_pb_image_7 et_pb_image et_pb_module et_flex_module preset--group--divi-image--divi-spacing--default\"><span class=\"et_pb_image_wrap\"><img loading=\"lazy\" decoding=\"async\" src=\"https:\/\/lapieceur.com\/site26\/wp-content\/uploads\/2026\/03\/james-costume-sur-mesure-prince-de-galles-gris4.webp\" title=\"james-costume-sur-mesure-prince-de-galles-gris4\" width=\"1360\" height=\"2040\" srcset=\"https:\/\/lapieceur.com\/site26\/wp-content\/uploads\/2026\/03\/james-costume-sur-mesure-prince-de-galles-gris4.webp 1360w, https:\/\/lapieceur.com\/site26\/wp-content\/uploads\/2026\/03\/james-costume-sur-mesure-prince-de-galles-gris4-1280x1920.webp 1280w, https:\/\/lapieceur.com\/site26\/wp-content\/uploads\/2026\/03\/james-costume-sur-mesure-prince-de-galles-gris4-980x1470.webp 980w, https:\/\/lapieceur.com\/site26\/wp-content\/uploads\/2026\/03\/james-costume-sur-mesure-prince-de-galles-gris4-480x720.webp 480w\" sizes=\"(min-width: 0px) and (max-width: 480px) 480px, (min-width: 481px) and (max-width: 980px) 980px, (min-width: 981px) and (max-width: 1280px) 1280px, (min-width: 1281px) 1360px, 100vw\" class=\"wp-image-386\" \/><\/span><\/div>\n\n<div class=\"et_pb_text_9 et_pb_text et_pb_bg_layout_light et_pb_module et_flex_module preset--group--divi-text--divi-spacing--default preset--group--divi-text--divi-font-body--default preset--group--divi-text--divi-font-header--default\"><div class=\"et_pb_text_inner\"><p>Le style sartorial se niche dans les finitions qui font toute la diff\u00e9rence.<\/p>\n<p>Que vous soyez adepte d'un costume crois\u00e9 pour une prestance accrue ou d'un costume deux pi\u00e8ces plus classique avec des revers \u00e0 crans, chaque \u00e9l\u00e9ment est personnalisable. L'entoilage de la veste semi-entoil\u00e9 assure un tomb\u00e9 parfait et une durabilit\u00e9 sup\u00e9rieure dans le temps. En mati\u00e8re de coloris, si le bleu marine et le gris anthracite restent des incontournables du vestiaire business, nous vous invitons \u00e0 explorer des textures subtiles comme la flanelle pour l'hiver ou des tissages \u0153il-de-perdrix pour apporter du relief.<\/p>\n<p>Porter un costume ajust\u00e9 r\u00e9alis\u00e9 dans notre atelier, c'est aussi b\u00e9n\u00e9ficier de conseils avis\u00e9s sur l'association chemise et cravate, pour une harmonie visuelle sans fausse note. L'investissement dans un costume haut de gamme sur mesure est rapidement rentabilis\u00e9 par sa long\u00e9vit\u00e9 et l'assurance qu'il procure au quotidien.<\/p>\n<\/div><\/div>\n<\/div>\n<\/div>\n<\/div>","protected":false},"excerpt":{"rendered":"<p>Pens\u00e9es pour le quotidien professionnel, nos collections de costumes sur mesure sont cr\u00e9\u00e9es chaque saison afin de composer un vestiaire \u00e9l\u00e9gant, fonctionnel et contemporain.<\/p>","protected":false},"author":1,"featured_media":374,"parent":0,"menu_order":0,"comment_status":"closed","ping_status":"closed","template":"","meta":{"footnotes":""},"class_list":["post-898","page","type-page","status-publish","has-post-thumbnail","hentry"],"_links":{"self":[{"href":"https:\/\/lapieceur.com\/site26\/wp-json\/wp\/v2\/pages\/898","targetHints":{"allow":["GET"]}}],"collection":[{"href":"https:\/\/lapieceur.com\/site26\/wp-json\/wp\/v2\/pages"}],"about":[{"href":"https:\/\/lapieceur.com\/site26\/wp-json\/wp\/v2\/types\/page"}],"author":[{"embeddable":true,"href":"https:\/\/lapieceur.com\/site26\/wp-json\/wp\/v2\/users\/1"}],"replies":[{"embeddable":true,"href":"https:\/\/lapieceur.com\/site26\/wp-json\/wp\/v2\/comments?post=898"}],"version-history":[{"count":15,"href":"https:\/\/lapieceur.com\/site26\/wp-json\/wp\/v2\/pages\/898\/revisions"}],"predecessor-version":[{"id":2321,"href":"https:\/\/lapieceur.com\/site26\/wp-json\/wp\/v2\/pages\/898\/revisions\/2321"}],"wp:featuredmedia":[{"embeddable":true,"href":"https:\/\/lapieceur.com\/site26\/wp-json\/wp\/v2\/media\/374"}],"wp:attachment":[{"href":"https:\/\/lapieceur.com\/site26\/wp-json\/wp\/v2\/media?parent=898"}],"curies":[{"name":"wp","href":"https:\/\/api.w.org\/{rel}","templated":true}]}}