{"id":933,"date":"2026-03-21T16:22:44","date_gmt":"2026-03-21T15:22:44","guid":{"rendered":"https:\/\/lapieceur.com\/site26\/?page_id=933"},"modified":"2026-04-13T16:46:03","modified_gmt":"2026-04-13T14:46:03","slug":"closer-than-it-appears","status":"publish","type":"page","link":"https:\/\/lapieceur.com\/site26\/costume-mariage-sur-mesure\/closer-than-it-appears\/","title":{"rendered":"Closer than it appears"},"content":{"rendered":"<div class=\"et_pb_section_0 et_pb_section et_section_regular et_flex_section preset--group--divi-section--divi-spacing--default\">\n<div class=\"et_pb_row_0 et_pb_row et_flex_row preset--group--divi-row--divi-spacing--default\">\n<div class=\"et_pb_column_0 et_pb_column et-last-child et_flex_column et_pb_css_mix_blend_mode_passthrough et_flex_column_24_24 et_flex_column_24_24_tablet et_flex_column_24_24_phone et_flex_column_24_24_phoneWide et_flex_column_24_24_tabletWide preset--group--divi-column--divi-spacing--default\">\n\n\n\n\n\n\n<div class=\"et_pb_module et_d4_element lwp_divi_breadcrumbs lwp_divi_breadcrumbs_0\">\n\t\t\t\t\n\t\t\t\t\n\t\t\t\t\n\t\t\t\t\n\t\t\t\t\n\t\t\t\t\n\t\t\t\t<div class=\"et_pb_module_inner\">\n\t\t\t\t\t<div class=\"lwp-breadcrumbs\"> <span class=\"before\"><\/span> <span vocab=\"https:\/\/schema.org\/\" typeof=\"BreadcrumbList\"><span property=\"itemListElement\" typeof=\"ListItem\"><a property=\"item\" typeof=\"WebPage\" href=\"https:\/\/lapieceur.com\/site26\/\" class=\"home\"><span property=\"name\">Accueil<\/span><\/a><meta property=\"position\" content=\"1\"><\/span> <span class=\"separator et-pb-icon\">5<\/span> <\/span><\/div>\n\t\t\t\t<\/div>\n\t\t\t<\/div>\n\n\n\n\n\n\n\n<div class=\"et_pb_text_0 et_pb_text et_pb_bg_layout_light et_pb_module et_flex_module preset--group--divi-text--divi-spacing--default preset--group--divi-text--divi-font-body--default preset--group--divi-text--divi-font-header--default\"><div class=\"et_pb_text_inner\"><h1>Closer than it appears<\/h1>\n<\/div><\/div>\n\n<div class=\"et_pb_text_1 et_pb_text et_pb_bg_layout_light et_pb_module et_flex_module preset--group--divi-text--divi-spacing--default preset--group--divi-text--divi-font-body--default preset--group--divi-text--divi-font-header--default\"><div class=\"et_pb_text_inner\"><p>Un vent de libert\u00e9 se fait sentir, on vous donne rendez-vous au bord de l\u2019eau dans un lieu empreint de culture et baign\u00e9 de soleil. Fra\u00eecheur et l\u00e9g\u00e8ret\u00e9 sont les ma\u00eetres mots de cette collection construite \u00e0 partir de mati\u00e8res telles que le lin, le coton mais aussi des toiles de laine fines. Quant aux couleurs, elles sont douces et d\u00e9satur\u00e9es \u00e0 l\u2019exception du bleu azur chin\u00e9 du mod\u00e8le Ren\u00e9.<\/p>\n<p>La ligne se fait plus d\u00e9contract\u00e9e avec notamment la silhouette Raoul compos\u00e9e d\u2019une chemise \u00e0 manches courtes, avec une coupe droite et un col cubain et d\u2019un pantalon en coton \u00e0 pinces.<br \/>Et dans un esprit riviera, on ose le costume blanc en lin avec le mod\u00e8le<\/p>\n<p>Diego ici pr\u00e9sent\u00e9 en veste crois\u00e9e avec une chemise \u00e0 col ouvert pour un look \u00e9l\u00e9gant sans trop en faire\u00a0!<\/p>\n<\/div><\/div>\n\n<div class=\"et_pb_image_0 et_pb_image et_pb_image_sticky et_pb_module et_flex_module preset--group--divi-image--divi-spacing--default\"><a href=\"https:\/\/lapieceur.com\/site26\/adel-toile-de-laine-vert-amande\/\"><span class=\"et_pb_image_wrap\"><img loading=\"lazy\" decoding=\"async\" src=\"https:\/\/lapieceur.com\/site26\/wp-content\/uploads\/2026\/04\/lapieceur-costume-vert-ADEL.webp\" title=\"lapieceur-costume-vert-ADEL\" width=\"1440\" height=\"2160\" srcset=\"https:\/\/lapieceur.com\/site26\/wp-content\/uploads\/2026\/04\/lapieceur-costume-vert-ADEL.webp 1440w, https:\/\/lapieceur.com\/site26\/wp-content\/uploads\/2026\/04\/lapieceur-costume-vert-ADEL-1280x1920.webp 1280w, https:\/\/lapieceur.com\/site26\/wp-content\/uploads\/2026\/04\/lapieceur-costume-vert-ADEL-980x1470.webp 980w, https:\/\/lapieceur.com\/site26\/wp-content\/uploads\/2026\/04\/lapieceur-costume-vert-ADEL-480x720.webp 480w\" sizes=\"(min-width: 0px) and (max-width: 480px) 480px, (min-width: 481px) and (max-width: 980px) 980px, (min-width: 981px) and (max-width: 1280px) 1280px, (min-width: 1281px) 1440px, 100vw\" class=\"wp-image-2357\" \/><\/span><\/a><\/div>\n\n<div class=\"et_pb_text_2 et_pb_text et_pb_bg_layout_light et_pb_module et_flex_module preset--group--divi-text--divi-spacing--default preset--group--divi-text--divi-font-body--default preset--group--divi-text--divi-font-header--default\"><div class=\"et_pb_text_inner\"><p><em><a href=\"https:\/\/lapieceur.com\/site26\/adel-toile-de-laine-vert-amande\/\">Silhouette Adel &gt;<\/a><\/em><\/p>\n<\/div><\/div>\n<\/div>\n<\/div>\n\n<div class=\"et_pb_row_1 et_pb_row et_flex_row preset--group--divi-row--divi-spacing--default\">\n<div class=\"et_pb_column_1 et_pb_column et_flex_column et_pb_css_mix_blend_mode_passthrough et_flex_column_12_24 et_flex_column_12_24_tablet et_flex_column_24_24_phone et_flex_column_24_24_phoneWide et_flex_column_12_24_tabletWide preset--group--divi-column--divi-spacing--default\">\n<div class=\"et_pb_image_1 et_pb_image et_pb_image_sticky et_pb_image_sticky_phone et_pb_module et_flex_module preset--group--divi-image--divi-spacing--default\"><a href=\"https:\/\/lapieceur.com\/site26\/diego-costume-2-pieces-toile-de-lin-blanc\/\"><span class=\"et_pb_image_wrap\"><img loading=\"lazy\" decoding=\"async\" src=\"https:\/\/lapieceur.com\/site26\/wp-content\/uploads\/2026\/04\/lapieceur-costume-lin-blanc-DIEGO3-1.webp\" title=\"lapieceur-costume-lin-blanc-DIEGO3-1\" width=\"1440\" height=\"2160\" srcset=\"https:\/\/lapieceur.com\/site26\/wp-content\/uploads\/2026\/04\/lapieceur-costume-lin-blanc-DIEGO3-1.webp 1440w, https:\/\/lapieceur.com\/site26\/wp-content\/uploads\/2026\/04\/lapieceur-costume-lin-blanc-DIEGO3-1-1280x1920.webp 1280w, https:\/\/lapieceur.com\/site26\/wp-content\/uploads\/2026\/04\/lapieceur-costume-lin-blanc-DIEGO3-1-980x1470.webp 980w, https:\/\/lapieceur.com\/site26\/wp-content\/uploads\/2026\/04\/lapieceur-costume-lin-blanc-DIEGO3-1-480x720.webp 480w\" sizes=\"(min-width: 0px) and (max-width: 480px) 480px, (min-width: 481px) and (max-width: 980px) 980px, (min-width: 981px) and (max-width: 1280px) 1280px, (min-width: 1281px) 1440px, 100vw\" class=\"wp-image-2356\" \/><\/span><\/a><\/div>\n\n<div class=\"et_pb_row_2 et_pb_row et_pb_row_nested et_flex_row preset--group--divi-row--divi-spacing--default\">\n<div class=\"et_pb_column_2 et_pb_column et_flex_column et_pb_column_empty et_pb_css_mix_blend_mode_passthrough et_flex_column_12_24 et_flex_column_12_24_tablet et_flex_column_24_24_phone et_flex_column_24_24_phoneWide et_flex_column_12_24_tabletWide preset--group--divi-column--divi-spacing--default\"><\/div>\n\n<div class=\"et_pb_column_3 et_pb_column et-last-child et_flex_column et_pb_css_mix_blend_mode_passthrough et_flex_column_12_24 et_flex_column_12_24_tablet et_flex_column_24_24_phone et_flex_column_24_24_phoneWide et_flex_column_12_24_tabletWide preset--group--divi-column--divi-spacing--default\">\n<div class=\"et_pb_text_3 et_pb_text et_pb_bg_layout_light et_pb_module et_flex_module preset--group--divi-text--divi-spacing--default preset--group--divi-text--divi-font-body--default preset--group--divi-text--divi-font-header--default\"><div class=\"et_pb_text_inner\"><p><em><a href=\"https:\/\/lapieceur.com\/site26\/robin-costume-en-toile-nattee-camel\/https:\/\/lapieceur.com\/site26\/diego-costume-2-pieces-toile-de-lin-blanc\/\">Silhouette Diego &gt;<\/a><\/em><\/p>\n<\/div><\/div>\n<\/div>\n<\/div>\n<\/div>\n\n<div class=\"et_pb_column_4 et_pb_column et-last-child et_flex_column et_pb_css_mix_blend_mode_passthrough et_flex_column_12_24 et_flex_column_12_24_tablet et_flex_column_24_24_phone et_flex_column_24_24_phoneWide et_flex_column_12_24_tabletWide preset--group--divi-column--divi-spacing--default\">\n<div class=\"et_pb_image_2 et_pb_image et_pb_module et_flex_module preset--group--divi-image--divi-spacing--default\"><a href=\"https:\/\/lapieceur.com\/site26\/paul-veste-toile-texturee-chinee-bleu-rouge-et-blanc\/\"><span class=\"et_pb_image_wrap\"><img loading=\"lazy\" decoding=\"async\" src=\"https:\/\/lapieceur.com\/site26\/wp-content\/uploads\/2026\/04\/lapieceur-veste-chinee-PAUL4-1.webp\" title=\"lapieceur-veste-chinee-PAUL4-1\" width=\"1440\" height=\"2160\" srcset=\"https:\/\/lapieceur.com\/site26\/wp-content\/uploads\/2026\/04\/lapieceur-veste-chinee-PAUL4-1.webp 1440w, https:\/\/lapieceur.com\/site26\/wp-content\/uploads\/2026\/04\/lapieceur-veste-chinee-PAUL4-1-1280x1920.webp 1280w, https:\/\/lapieceur.com\/site26\/wp-content\/uploads\/2026\/04\/lapieceur-veste-chinee-PAUL4-1-980x1470.webp 980w, https:\/\/lapieceur.com\/site26\/wp-content\/uploads\/2026\/04\/lapieceur-veste-chinee-PAUL4-1-480x720.webp 480w\" sizes=\"(min-width: 0px) and (max-width: 480px) 480px, (min-width: 481px) and (max-width: 980px) 980px, (min-width: 981px) and (max-width: 1280px) 1280px, (min-width: 1281px) 1440px, 100vw\" class=\"wp-image-2362\" \/><\/span><\/a><\/div>\n\n<div class=\"et_pb_text_4 et_pb_text et_pb_bg_layout_light et_pb_module et_flex_module preset--group--divi-text--divi-spacing--default preset--group--divi-text--divi-font-body--default preset--group--divi-text--divi-font-header--default\"><div class=\"et_pb_text_inner\"><p><em><a href=\"https:\/\/lapieceur.com\/site26\/paul-veste-toile-texturee-chinee-bleu-rouge-et-blanc\/\">Silhouette Paul &gt;<\/a><\/em><\/p>\n<\/div><\/div>\n<\/div>\n<\/div>\n\n<div class=\"et_pb_row_3 et_pb_row et_flex_row preset--group--divi-row--divi-spacing--default\">\n<div class=\"et_pb_column_5 et_pb_column et_flex_column et_pb_css_mix_blend_mode_passthrough et_flex_column_8_24 et_flex_column_8_24_tablet et_flex_column_24_24_phone et_flex_column_24_24_phoneWide et_flex_column_8_24_tabletWide preset--group--divi-column--divi-spacing--default\">\n<div class=\"et_pb_image_3 et_pb_image et_pb_image_sticky et_pb_module et_flex_module preset--group--divi-image--divi-spacing--default\"><a href=\"https:\/\/lapieceur.com\/site26\/claude-costume-2-pieces-toile-de-laine-stretch-beige-ros\/\"><span class=\"et_pb_image_wrap\"><img loading=\"lazy\" decoding=\"async\" src=\"https:\/\/lapieceur.com\/site26\/wp-content\/uploads\/2026\/04\/lapieceur-costume-claude.webp\" title=\"lapieceur-costume-claude\" width=\"1440\" height=\"2160\" srcset=\"https:\/\/lapieceur.com\/site26\/wp-content\/uploads\/2026\/04\/lapieceur-costume-claude.webp 1440w, https:\/\/lapieceur.com\/site26\/wp-content\/uploads\/2026\/04\/lapieceur-costume-claude-1280x1920.webp 1280w, https:\/\/lapieceur.com\/site26\/wp-content\/uploads\/2026\/04\/lapieceur-costume-claude-980x1470.webp 980w, https:\/\/lapieceur.com\/site26\/wp-content\/uploads\/2026\/04\/lapieceur-costume-claude-480x720.webp 480w\" sizes=\"(min-width: 0px) and (max-width: 480px) 480px, (min-width: 481px) and (max-width: 980px) 980px, (min-width: 981px) and (max-width: 1280px) 1280px, (min-width: 1281px) 1440px, 100vw\" class=\"wp-image-2355\" \/><\/span><\/a><\/div>\n\n<div class=\"et_pb_row_4 et_pb_row et_pb_row_nested et_flex_row preset--group--divi-row--divi-spacing--default\">\n<div class=\"et_pb_column_6 et_pb_column et_flex_column et_pb_css_mix_blend_mode_passthrough et_flex_column_12_24 et_flex_column_12_24_tablet et_flex_column_24_24_phone et_flex_column_24_24_phoneWide et_flex_column_12_24_tabletWide preset--group--divi-column--divi-spacing--default\">\n<div class=\"et_pb_text_5 et_pb_text et_pb_bg_layout_light et_pb_module et_flex_module preset--group--divi-text--divi-spacing--default preset--group--divi-text--divi-font-body--default preset--group--divi-text--divi-font-header--default\"><div class=\"et_pb_text_inner\"><p><em><a href=\"https:\/\/lapieceur.com\/site26\/claude-costume-2-pieces-toile-de-laine-stretch-beige-ros\/\">Silhouette Claude &gt;<\/a><\/em><\/p>\n<\/div><\/div>\n<\/div>\n\n<div class=\"et_pb_column_7 et_pb_column et-last-child et_flex_column et_pb_column_empty et_pb_css_mix_blend_mode_passthrough et_flex_column_12_24 et_flex_column_12_24_tablet et_flex_column_24_24_phone et_flex_column_24_24_phoneWide et_flex_column_12_24_tabletWide preset--group--divi-column--divi-spacing--default\"><\/div>\n<\/div>\n<\/div>\n\n<div class=\"et_pb_column_8 et_pb_column et_flex_column et_pb_css_mix_blend_mode_passthrough et_flex_column_8_24 et_flex_column_8_24_tablet et_flex_column_24_24_phone et_flex_column_24_24_phoneWide et_flex_column_8_24_tabletWide preset--group--divi-column--divi-spacing--default\">\n<div class=\"et_pb_image_4 et_pb_image et_pb_image_sticky et_pb_module et_flex_module preset--group--divi-image--divi-spacing--default\"><a href=\"https:\/\/lapieceur.com\/site26\/raoul-chemise-popeline-de-coton-a-rayures-blanches-et-bleues\/\"><span class=\"et_pb_image_wrap\"><img loading=\"lazy\" decoding=\"async\" src=\"https:\/\/lapieceur.com\/site26\/wp-content\/uploads\/2026\/04\/lapieceur-chemise-sur-mesure-raoul-1.webp\" title=\"lapieceur-chemise-sur-mesure-raoul\" width=\"1440\" height=\"2160\" srcset=\"https:\/\/lapieceur.com\/site26\/wp-content\/uploads\/2026\/04\/lapieceur-chemise-sur-mesure-raoul-1.webp 1440w, https:\/\/lapieceur.com\/site26\/wp-content\/uploads\/2026\/04\/lapieceur-chemise-sur-mesure-raoul-1-1280x1920.webp 1280w, https:\/\/lapieceur.com\/site26\/wp-content\/uploads\/2026\/04\/lapieceur-chemise-sur-mesure-raoul-1-980x1470.webp 980w, https:\/\/lapieceur.com\/site26\/wp-content\/uploads\/2026\/04\/lapieceur-chemise-sur-mesure-raoul-1-480x720.webp 480w\" sizes=\"(min-width: 0px) and (max-width: 480px) 480px, (min-width: 481px) and (max-width: 980px) 980px, (min-width: 981px) and (max-width: 1280px) 1280px, (min-width: 1281px) 1440px, 100vw\" class=\"wp-image-2367\" \/><\/span><\/a><\/div>\n\n<div class=\"et_pb_text_6 et_pb_text et_pb_bg_layout_light et_pb_module et_flex_module preset--group--divi-text--divi-spacing--default preset--group--divi-text--divi-font-body--default preset--group--divi-text--divi-font-header--default\"><div class=\"et_pb_text_inner\"><p><em><a href=\"https:\/\/lapieceur.com\/site26\/raoul-chemise-popeline-de-coton-a-rayures-blanches-et-bleues\/\">Silhouette Raoul &gt;<\/a><\/em><\/p>\n<\/div><\/div>\n<\/div>\n\n<div class=\"et_pb_column_9 et_pb_column et-last-child et_flex_column et_pb_css_mix_blend_mode_passthrough et_flex_column_8_24 et_flex_column_8_24_tablet et_flex_column_24_24_phone et_flex_column_24_24_phoneWide et_flex_column_8_24_tabletWide preset--group--divi-column--divi-spacing--default\">\n<div class=\"et_pb_image_5 et_pb_image et_pb_image_sticky et_pb_image_sticky_phone et_pb_module et_flex_module preset--group--divi-image--divi-spacing--default\"><a href=\"https:\/\/lapieceur.com\/site26\/rene-costume-3-pieces-toile-de-laine-bleu-a-micro-motifs-irreguliers-gris\/\"><span class=\"et_pb_image_wrap\"><img loading=\"lazy\" decoding=\"async\" src=\"https:\/\/lapieceur.com\/site26\/wp-content\/uploads\/2026\/04\/Rene-costume-bleu-lapieceur.webp\" title=\"Rene-costume-bleu-lapieceur\" width=\"1440\" height=\"2160\" srcset=\"https:\/\/lapieceur.com\/site26\/wp-content\/uploads\/2026\/04\/Rene-costume-bleu-lapieceur.webp 1440w, https:\/\/lapieceur.com\/site26\/wp-content\/uploads\/2026\/04\/Rene-costume-bleu-lapieceur-1280x1920.webp 1280w, https:\/\/lapieceur.com\/site26\/wp-content\/uploads\/2026\/04\/Rene-costume-bleu-lapieceur-980x1470.webp 980w, https:\/\/lapieceur.com\/site26\/wp-content\/uploads\/2026\/04\/Rene-costume-bleu-lapieceur-480x720.webp 480w\" sizes=\"(min-width: 0px) and (max-width: 480px) 480px, (min-width: 481px) and (max-width: 980px) 980px, (min-width: 981px) and (max-width: 1280px) 1280px, (min-width: 1281px) 1440px, 100vw\" class=\"wp-image-2365\" \/><\/span><\/a><\/div>\n\n<div class=\"et_pb_text_7 et_pb_text et_pb_bg_layout_light et_pb_module et_flex_module preset--group--divi-text--divi-spacing--default preset--group--divi-text--divi-font-body--default preset--group--divi-text--divi-font-header--default\"><div class=\"et_pb_text_inner\"><p><em><a href=\"https:\/\/lapieceur.com\/site26\/rene-costume-3-pieces-toile-de-laine-bleu-a-micro-motifs-irreguliers-gris\/\">Silhouette Ren\u00e9 &gt;<\/a><\/em><\/p>\n<\/div><\/div>\n<\/div>\n<\/div>\n<\/div>","protected":false},"excerpt":{"rendered":"<p>Un vent de libert\u00e9 se fait sentir, on vous donne rendez-vous au bord de l\u2019eau dans un lieu empreint de culture et baign\u00e9 de soleil. <\/p>","protected":false},"author":1,"featured_media":2365,"parent":900,"menu_order":0,"comment_status":"closed","ping_status":"closed","template":"","meta":{"_et_pb_use_builder":"on","_et_pb_old_content":"","_et_gb_content_width":"","footnotes":""},"class_list":["post-933","page","type-page","status-publish","has-post-thumbnail","hentry"],"_links":{"self":[{"href":"https:\/\/lapieceur.com\/site26\/wp-json\/wp\/v2\/pages\/933","targetHints":{"allow":["GET"]}}],"collection":[{"href":"https:\/\/lapieceur.com\/site26\/wp-json\/wp\/v2\/pages"}],"about":[{"href":"https:\/\/lapieceur.com\/site26\/wp-json\/wp\/v2\/types\/page"}],"author":[{"embeddable":true,"href":"https:\/\/lapieceur.com\/site26\/wp-json\/wp\/v2\/users\/1"}],"replies":[{"embeddable":true,"href":"https:\/\/lapieceur.com\/site26\/wp-json\/wp\/v2\/comments?post=933"}],"version-history":[{"count":7,"href":"https:\/\/lapieceur.com\/site26\/wp-json\/wp\/v2\/pages\/933\/revisions"}],"predecessor-version":[{"id":2444,"href":"https:\/\/lapieceur.com\/site26\/wp-json\/wp\/v2\/pages\/933\/revisions\/2444"}],"up":[{"embeddable":true,"href":"https:\/\/lapieceur.com\/site26\/wp-json\/wp\/v2\/pages\/900"}],"wp:featuredmedia":[{"embeddable":true,"href":"https:\/\/lapieceur.com\/site26\/wp-json\/wp\/v2\/media\/2365"}],"wp:attachment":[{"href":"https:\/\/lapieceur.com\/site26\/wp-json\/wp\/v2\/media?parent=933"}],"curies":[{"name":"wp","href":"https:\/\/api.w.org\/{rel}","templated":true}]}}