{"id":967,"date":"2026-03-21T16:50:08","date_gmt":"2026-03-21T15:50:08","guid":{"rendered":"https:\/\/lapieceur.com\/site26\/?page_id=967"},"modified":"2026-04-08T17:12:46","modified_gmt":"2026-04-08T15:12:46","slug":"sky-above-clouds","status":"publish","type":"page","link":"https:\/\/lapieceur.com\/site26\/costume-business-sur-mesure\/sky-above-clouds\/","title":{"rendered":"Sky above clouds"},"content":{"rendered":"<div class=\"et_pb_section_0 et_pb_section et_section_regular et_flex_section preset--group--divi-section--divi-spacing--default\">\n<div class=\"et_pb_row_0 et_pb_row et_flex_row preset--group--divi-row--divi-spacing--default\">\n<div class=\"et_pb_column_0 et_pb_column et-last-child et_flex_column et_pb_css_mix_blend_mode_passthrough et_flex_column_24_24 et_flex_column_24_24_tablet et_flex_column_24_24_phone et_flex_column_24_24_phoneWide et_flex_column_24_24_tabletWide preset--group--divi-column--divi-spacing--default\">\n\n\n\n\n\n\n\n<div class=\"et_pb_module et_d4_element lwp_divi_breadcrumbs lwp_divi_breadcrumbs_0\">\n\t\t\t\t\n\t\t\t\t\n\t\t\t\t\n\t\t\t\t\n\t\t\t\t\n\t\t\t\t\n\t\t\t\t<div class=\"et_pb_module_inner\">\n\t\t\t\t\t<div class=\"lwp-breadcrumbs\"> <span class=\"before\"><\/span> <span vocab=\"https:\/\/schema.org\/\" typeof=\"BreadcrumbList\"><span property=\"itemListElement\" typeof=\"ListItem\"><a property=\"item\" typeof=\"WebPage\" href=\"https:\/\/lapieceur.com\/site26\/\" class=\"home\"><span property=\"name\">Accueil<\/span><\/a><meta property=\"position\" content=\"1\"><\/span> <span class=\"separator et-pb-icon\">5<\/span> <\/span><\/div>\n\t\t\t\t<\/div>\n\t\t\t<\/div>\n\n\n\n\n\n\n\n\n<div class=\"et_pb_text_0 et_pb_text et_pb_bg_layout_light et_pb_module et_flex_module preset--group--divi-text--divi-spacing--default preset--group--divi-text--divi-font-body--default preset--group--divi-text--divi-font-header--default\"><div class=\"et_pb_text_inner\"><h1>Sky above clouds<\/h1>\n<\/div><\/div>\n\n<div class=\"et_pb_text_1 et_pb_text et_pb_bg_layout_light et_pb_module et_flex_module preset--group--divi-text--divi-spacing--default preset--group--divi-text--divi-font-body--default preset--group--divi-text--divi-font-header--default\"><div class=\"et_pb_text_inner\"><p>Nous nous plongeons dans un paysage singulier ou les reliefs abrupts de la roche rouge font \u00e9cho les mati\u00e8res brutes utilis\u00e9es pour la cr\u00e9ation de ces silhouettes.<\/p>\n<p>En effet, nous retrouvons le Donegal, ce tweed irlandais particuli\u00e8rement mouchet\u00e9 dans une version \u00e0 gros chevrons sur le manteau Pedro ou alors plus l\u00e9g\u00e8re sur le pantalon de la silhouette Willy. Mais \u00e9galement, un tweed anglais plus l\u00e9ger qui compose le costume Martial dans une nuance beige l\u00e9g\u00e8rement chin\u00e9e ou alors tiss\u00e9 en twill bleu marine pour la veste du look Willy.<\/p>\n<p>La flanelle revient sur le mod\u00e8le George sous une forme plus traditionnelle \u00e0 motifs Prince de Galles gris et nous vous proposons pour la premi\u00e8re fois un velours c\u00f4tel\u00e9 ici dans une teinte vert olive pour apporter un peu de chaleur.<\/p>\n<\/div><\/div>\n\n<div class=\"et_pb_image_0 et_pb_image et_pb_image_sticky et_pb_module et_flex_module preset--group--divi-image--divi-spacing--default\"><a href=\"https:\/\/lapieceur.com\/site26\/eugene-costume-2-pieces-sur-mesure-velours-cotele-vert-olive\/\"><span class=\"et_pb_image_wrap\"><img loading=\"lazy\" decoding=\"async\" src=\"https:\/\/lapieceur.com\/site26\/wp-content\/uploads\/2026\/03\/EUGENE-costume-sur-mesure-velours-lapieceur4-.jpg\" title=\"EUGENE-costume-sur-mesure-velours-lapieceur4-\" width=\"1920\" height=\"1080\" srcset=\"https:\/\/lapieceur.com\/site26\/wp-content\/uploads\/2026\/03\/EUGENE-costume-sur-mesure-velours-lapieceur4-.jpg 1920w, https:\/\/lapieceur.com\/site26\/wp-content\/uploads\/2026\/03\/EUGENE-costume-sur-mesure-velours-lapieceur4--1280x720.jpg 1280w, https:\/\/lapieceur.com\/site26\/wp-content\/uploads\/2026\/03\/EUGENE-costume-sur-mesure-velours-lapieceur4--980x551.jpg 980w, https:\/\/lapieceur.com\/site26\/wp-content\/uploads\/2026\/03\/EUGENE-costume-sur-mesure-velours-lapieceur4--480x270.jpg 480w\" sizes=\"(min-width: 0px) and (max-width: 480px) 480px, (min-width: 481px) and (max-width: 980px) 980px, (min-width: 981px) and (max-width: 1280px) 1280px, (min-width: 1281px) 1920px, 100vw\" class=\"wp-image-492\" \/><\/span><\/a><\/div>\n\n<div class=\"et_pb_text_2 et_pb_text et_pb_bg_layout_light et_pb_module et_flex_module preset--group--divi-text--divi-spacing--default preset--group--divi-text--divi-font-body--default preset--group--divi-text--divi-font-header--default\"><div class=\"et_pb_text_inner\"><p><em><a href=\"https:\/\/lapieceur.com\/site26\/eugene-costume-2-pieces-sur-mesure-velours-cotele-vert-olive\/\">Silhouette Eug\u00e8ne &gt;<\/a><\/em><\/p>\n<\/div><\/div>\n<\/div>\n<\/div>\n\n<div class=\"et_pb_row_1 et_pb_row et_flex_row preset--group--divi-row--divi-spacing--default\">\n<div class=\"et_pb_column_1 et_pb_column et_flex_column et_pb_css_mix_blend_mode_passthrough et_flex_column_12_24 et_flex_column_12_24_tablet et_flex_column_24_24_phone et_flex_column_24_24_phoneWide et_flex_column_12_24_tabletWide preset--group--divi-column--divi-spacing--default\">\n<div class=\"et_pb_image_1 et_pb_image et_pb_module et_flex_module preset--group--divi-image--divi-spacing--default\"><a href=\"https:\/\/lapieceur.com\/site26\/raymond-costume-3-pieces-sur-mesure-toile-texturee-chinee-bordeaux\/\"><span class=\"et_pb_image_wrap\"><img loading=\"lazy\" decoding=\"async\" src=\"https:\/\/lapieceur.com\/site26\/wp-content\/uploads\/2026\/03\/RAYMOND-costume-sur-mesure-bordeaux-lapieceur.jpg\" title=\"RAYMOND-costume-sur-mesure-bordeaux-lapieceur\" width=\"1280\" height=\"1920\" srcset=\"https:\/\/lapieceur.com\/site26\/wp-content\/uploads\/2026\/03\/RAYMOND-costume-sur-mesure-bordeaux-lapieceur.jpg 1280w, https:\/\/lapieceur.com\/site26\/wp-content\/uploads\/2026\/03\/RAYMOND-costume-sur-mesure-bordeaux-lapieceur-980x1470.jpg 980w, https:\/\/lapieceur.com\/site26\/wp-content\/uploads\/2026\/03\/RAYMOND-costume-sur-mesure-bordeaux-lapieceur-480x720.jpg 480w\" sizes=\"(min-width: 0px) and (max-width: 480px) 480px, (min-width: 481px) and (max-width: 980px) 980px, (min-width: 981px) 1280px, 100vw\" class=\"wp-image-517\" \/><\/span><\/a><\/div>\n\n<div class=\"et_pb_text_3 et_pb_text et_pb_bg_layout_light et_pb_module et_flex_module preset--group--divi-text--divi-spacing--default preset--group--divi-text--divi-font-body--default preset--group--divi-text--divi-font-header--default\"><div class=\"et_pb_text_inner\"><p><em><a href=\"https:\/\/lapieceur.com\/site26\/raymond-costume-3-pieces-sur-mesure-toile-texturee-chinee-bordeaux\/\">Silhouette Raymond &gt;<\/a><\/em><\/p>\n<\/div><\/div>\n<\/div>\n\n<div class=\"et_pb_column_2 et_pb_column et-last-child et_flex_column et_pb_css_mix_blend_mode_passthrough et_flex_column_12_24 et_flex_column_12_24_tablet et_flex_column_24_24_phone et_flex_column_24_24_phoneWide et_flex_column_12_24_tabletWide preset--group--divi-column--divi-spacing--default\">\n<div class=\"et_pb_image_2 et_pb_image et_pb_image_sticky et_pb_image_sticky_phone et_pb_module et_flex_module preset--group--divi-image--divi-spacing--default\"><a href=\"https:\/\/lapieceur.com\/site26\/martial-costume-2-pieces-sur-mesure-tweed-beige\/\"><span class=\"et_pb_image_wrap\"><img loading=\"lazy\" decoding=\"async\" src=\"https:\/\/lapieceur.com\/site26\/wp-content\/uploads\/2026\/03\/MARTIAL-costume-sur-mesure-tweed-lapieceur.jpg\" title=\"MARTIAL-costume-sur-mesure-tweed-lapieceur\" width=\"1280\" height=\"1920\" srcset=\"https:\/\/lapieceur.com\/site26\/wp-content\/uploads\/2026\/03\/MARTIAL-costume-sur-mesure-tweed-lapieceur.jpg 1280w, https:\/\/lapieceur.com\/site26\/wp-content\/uploads\/2026\/03\/MARTIAL-costume-sur-mesure-tweed-lapieceur-980x1470.jpg 980w, https:\/\/lapieceur.com\/site26\/wp-content\/uploads\/2026\/03\/MARTIAL-costume-sur-mesure-tweed-lapieceur-480x720.jpg 480w\" sizes=\"(min-width: 0px) and (max-width: 480px) 480px, (min-width: 481px) and (max-width: 980px) 980px, (min-width: 981px) 1280px, 100vw\" class=\"wp-image-503\" \/><\/span><\/a><\/div>\n\n<div class=\"et_pb_row_2 et_pb_row et_pb_row_nested et_flex_row preset--group--divi-row--divi-spacing--default\">\n<div class=\"et_pb_column_3 et_pb_column et_flex_column et_pb_column_empty et_pb_css_mix_blend_mode_passthrough et_flex_column_12_24 et_flex_column_12_24_tablet et_flex_column_24_24_phone et_flex_column_24_24_phoneWide et_flex_column_12_24_tabletWide preset--group--divi-column--divi-spacing--default\"><\/div>\n\n<div class=\"et_pb_column_4 et_pb_column et-last-child et_flex_column et_pb_css_mix_blend_mode_passthrough et_flex_column_12_24 et_flex_column_12_24_tablet et_flex_column_24_24_phone et_flex_column_24_24_phoneWide et_flex_column_12_24_tabletWide preset--group--divi-column--divi-spacing--default\">\n<div class=\"et_pb_text_4 et_pb_text et_pb_bg_layout_light et_pb_module et_flex_module preset--group--divi-text--divi-spacing--default preset--group--divi-text--divi-font-body--default preset--group--divi-text--divi-font-header--default\"><div class=\"et_pb_text_inner\"><p><em><a href=\"https:\/\/lapieceur.com\/site26\/martial-costume-2-pieces-sur-mesure-tweed-beige\/\">Silhouette Martial &gt;<\/a><\/em><\/p>\n<\/div><\/div>\n<\/div>\n<\/div>\n<\/div>\n<\/div>\n\n<div class=\"et_pb_row_3 et_pb_row et_flex_row preset--group--divi-row--divi-spacing--default\">\n<div class=\"et_pb_column_5 et_pb_column et_flex_column et_pb_css_mix_blend_mode_passthrough et_flex_column_6_24 et_flex_column_12_24_tablet et_flex_column_24_24_phone et_flex_column_24_24_phoneWide et_flex_column_12_24_tabletWide preset--group--divi-column--divi-spacing--default\">\n<div class=\"et_pb_image_3 et_pb_image et_pb_image_sticky et_pb_module et_flex_module preset--group--divi-image--divi-spacing--default\"><a href=\"https:\/\/lapieceur.com\/site26\/georges-costume-2-pieces-sur-mesure-flanelle-de-laine-grise-a-motif-prince-de-galles\/\"><span class=\"et_pb_image_wrap\"><img loading=\"lazy\" decoding=\"async\" src=\"https:\/\/lapieceur.com\/site26\/wp-content\/uploads\/2026\/03\/GEORGE-costume-sur-mesure-lapieceur.jpg\" title=\"GEORGE-costume-sur-mesure-lapieceur\" width=\"1280\" height=\"1920\" srcset=\"https:\/\/lapieceur.com\/site26\/wp-content\/uploads\/2026\/03\/GEORGE-costume-sur-mesure-lapieceur.jpg 1280w, https:\/\/lapieceur.com\/site26\/wp-content\/uploads\/2026\/03\/GEORGE-costume-sur-mesure-lapieceur-980x1470.jpg 980w, https:\/\/lapieceur.com\/site26\/wp-content\/uploads\/2026\/03\/GEORGE-costume-sur-mesure-lapieceur-480x720.jpg 480w\" sizes=\"(min-width: 0px) and (max-width: 480px) 480px, (min-width: 481px) and (max-width: 980px) 980px, (min-width: 981px) 1280px, 100vw\" class=\"wp-image-498\" \/><\/span><\/a><\/div>\n\n<div class=\"et_pb_text_5 et_pb_text et_pb_bg_layout_light et_pb_module et_flex_module preset--group--divi-text--divi-spacing--default preset--group--divi-text--divi-font-body--default preset--group--divi-text--divi-font-header--default\"><div class=\"et_pb_text_inner\"><p><em><a href=\"https:\/\/lapieceur.com\/site26\/georges-costume-2-pieces-sur-mesure-flanelle-de-laine-grise-a-motif-prince-de-galles\/\">Silhouette Georges &gt;<\/a><\/em><\/p>\n<\/div><\/div>\n<\/div>\n\n<div class=\"et_pb_column_6 et_pb_column et_flex_column et_pb_css_mix_blend_mode_passthrough et_flex_column_6_24 et_flex_column_12_24_tablet et_flex_column_24_24_phone et_flex_column_24_24_phoneWide et_flex_column_12_24_tabletWide preset--group--divi-column--divi-spacing--default\">\n<div class=\"et_pb_image_4 et_pb_image et_pb_image_sticky et_pb_image_sticky_phone et_pb_module et_flex_module preset--group--divi-image--divi-spacing--default\"><a href=\"https:\/\/lapieceur.com\/site26\/willy-veste-sur-mesure-a-col-droit-twill-de-laine-bleu-texture\/\"><span class=\"et_pb_image_wrap\"><img loading=\"lazy\" decoding=\"async\" src=\"https:\/\/lapieceur.com\/site26\/wp-content\/uploads\/2026\/03\/WILLY-costume-sur-mesure-lapieceur.jpg\" title=\"WILLY-costume-sur-mesure-lapieceur\" width=\"1280\" height=\"1920\" srcset=\"https:\/\/lapieceur.com\/site26\/wp-content\/uploads\/2026\/03\/WILLY-costume-sur-mesure-lapieceur.jpg 1280w, https:\/\/lapieceur.com\/site26\/wp-content\/uploads\/2026\/03\/WILLY-costume-sur-mesure-lapieceur-980x1470.jpg 980w, https:\/\/lapieceur.com\/site26\/wp-content\/uploads\/2026\/03\/WILLY-costume-sur-mesure-lapieceur-480x720.jpg 480w\" sizes=\"(min-width: 0px) and (max-width: 480px) 480px, (min-width: 481px) and (max-width: 980px) 980px, (min-width: 981px) 1280px, 100vw\" class=\"wp-image-521\" \/><\/span><\/a><\/div>\n\n<div class=\"et_pb_text_6 et_pb_text et_pb_bg_layout_light et_pb_module et_flex_module preset--group--divi-text--divi-spacing--default preset--group--divi-text--divi-font-body--default preset--group--divi-text--divi-font-header--default\"><div class=\"et_pb_text_inner\"><p><em><a href=\"https:\/\/lapieceur.com\/site26\/willy-veste-sur-mesure-a-col-droit-twill-de-laine-bleu-texture\/\">Silhouette Willy &gt;<\/a><\/em><\/p>\n<\/div><\/div>\n<\/div>\n\n<div class=\"et_pb_column_7 et_pb_column et-last-child et_flex_column et_pb_css_mix_blend_mode_passthrough et_flex_column_12_24 et_flex_column_24_24_tablet et_flex_column_24_24_phone et_flex_column_24_24_phoneWide et_flex_column_24_24_tabletWide preset--group--divi-column--divi-spacing--default\">\n<div class=\"et_pb_image_5 et_pb_image et_pb_image_sticky et_pb_module et_flex_module preset--group--divi-image--divi-spacing--default\"><a href=\"https:\/\/lapieceur.com\/site26\/pedro-manteau-croise-a-col-pointe-tweed-donegal-a-chevrons-noir-et-blanc\/\"><span class=\"et_pb_image_wrap\"><img loading=\"lazy\" decoding=\"async\" src=\"https:\/\/lapieceur.com\/site26\/wp-content\/uploads\/2026\/03\/PEDRO-manteau-sur-mesure-lapieceur3.jpg\" title=\"PEDRO-manteau-sur-mesure-lapieceur3\" width=\"1280\" height=\"1920\" srcset=\"https:\/\/lapieceur.com\/site26\/wp-content\/uploads\/2026\/03\/PEDRO-manteau-sur-mesure-lapieceur3.jpg 1280w, https:\/\/lapieceur.com\/site26\/wp-content\/uploads\/2026\/03\/PEDRO-manteau-sur-mesure-lapieceur3-980x1470.jpg 980w, https:\/\/lapieceur.com\/site26\/wp-content\/uploads\/2026\/03\/PEDRO-manteau-sur-mesure-lapieceur3-480x720.jpg 480w\" sizes=\"(min-width: 0px) and (max-width: 480px) 480px, (min-width: 481px) and (max-width: 980px) 980px, (min-width: 981px) 1280px, 100vw\" class=\"wp-image-510\" \/><\/span><\/a><\/div>\n\n<div class=\"et_pb_row_4 et_pb_row et_pb_row_nested et_flex_row preset--group--divi-row--divi-spacing--default\">\n<div class=\"et_pb_column_8 et_pb_column et_flex_column et_pb_css_mix_blend_mode_passthrough et_flex_column_12_24 et_flex_column_12_24_tablet et_flex_column_24_24_phone et_flex_column_24_24_phoneWide et_flex_column_12_24_tabletWide preset--group--divi-column--divi-spacing--default\">\n<div class=\"et_pb_text_7 et_pb_text et_pb_bg_layout_light et_pb_module et_flex_module preset--group--divi-text--divi-spacing--default preset--group--divi-text--divi-font-body--default preset--group--divi-text--divi-font-header--default\"><div class=\"et_pb_text_inner\"><p><em><a href=\"https:\/\/lapieceur.com\/site26\/pedro-manteau-croise-a-col-pointe-tweed-donegal-a-chevrons-noir-et-blanc\/\">Silhouette Pedro &gt;<\/a><\/em><\/p>\n<\/div><\/div>\n<\/div>\n\n<div class=\"et_pb_column_9 et_pb_column et-last-child et_flex_column et_pb_column_empty et_pb_css_mix_blend_mode_passthrough et_flex_column_12_24 et_flex_column_12_24_tablet et_flex_column_24_24_phone et_flex_column_24_24_phoneWide et_flex_column_12_24_tabletWide preset--group--divi-column--divi-spacing--default\"><\/div>\n<\/div>\n<\/div>\n<\/div>\n<\/div>","protected":false},"excerpt":{"rendered":"<p>Nous nous plongeons dans un paysage singulier ou les reliefs abrupts de la roche rouge font \u00e9cho les mati\u00e8res brutes utilis\u00e9es pour la cr\u00e9ation de ces silhouettes.<\/p>","protected":false},"author":1,"featured_media":498,"parent":898,"menu_order":0,"comment_status":"closed","ping_status":"closed","template":"","meta":{"_et_pb_use_builder":"on","_et_pb_old_content":"","_et_gb_content_width":"","footnotes":""},"class_list":["post-967","page","type-page","status-publish","has-post-thumbnail","hentry"],"_links":{"self":[{"href":"https:\/\/lapieceur.com\/site26\/wp-json\/wp\/v2\/pages\/967","targetHints":{"allow":["GET"]}}],"collection":[{"href":"https:\/\/lapieceur.com\/site26\/wp-json\/wp\/v2\/pages"}],"about":[{"href":"https:\/\/lapieceur.com\/site26\/wp-json\/wp\/v2\/types\/page"}],"author":[{"embeddable":true,"href":"https:\/\/lapieceur.com\/site26\/wp-json\/wp\/v2\/users\/1"}],"replies":[{"embeddable":true,"href":"https:\/\/lapieceur.com\/site26\/wp-json\/wp\/v2\/comments?post=967"}],"version-history":[{"count":8,"href":"https:\/\/lapieceur.com\/site26\/wp-json\/wp\/v2\/pages\/967\/revisions"}],"predecessor-version":[{"id":2184,"href":"https:\/\/lapieceur.com\/site26\/wp-json\/wp\/v2\/pages\/967\/revisions\/2184"}],"up":[{"embeddable":true,"href":"https:\/\/lapieceur.com\/site26\/wp-json\/wp\/v2\/pages\/898"}],"wp:featuredmedia":[{"embeddable":true,"href":"https:\/\/lapieceur.com\/site26\/wp-json\/wp\/v2\/media\/498"}],"wp:attachment":[{"href":"https:\/\/lapieceur.com\/site26\/wp-json\/wp\/v2\/media?parent=967"}],"curies":[{"name":"wp","href":"https:\/\/api.w.org\/{rel}","templated":true}]}}