{"id":1579,"date":"2026-03-29T11:32:33","date_gmt":"2026-03-29T09:32:33","guid":{"rendered":"https:\/\/lapieceur.com\/site26\/?post_type=product&#038;p=1579"},"modified":"2026-04-05T17:20:07","modified_gmt":"2026-04-05T15:20:07","slug":"carte-cadeau","status":"publish","type":"product","link":"https:\/\/lapieceur.com\/site26\/produit\/carte-cadeau\/","title":{"rendered":"Carte cadeau"},"content":{"rendered":"<div class=\"et_pb_section_0 et_pb_section et_section_regular et_block_section preset--group--divi-section--divi-spacing--default\">\n<div class=\"et_pb_row_0 et_pb_row et_flex_row preset--group--divi-row--divi-spacing--default\">\n<div class=\"et_pb_column_0 et_pb_column et-last-child et_flex_column et_pb_css_mix_blend_mode_passthrough et_flex_column_24_24 et_flex_column_24_24_tablet et_flex_column_24_24_phone et_flex_column_24_24_phoneWide et_flex_column_24_24_tabletWide preset--group--divi-column--divi-spacing--default\">\n<div class=\"et_pb_text_0 et_pb_text et_pb_bg_layout_light et_pb_module et_flex_module preset--group--divi-text--divi-spacing--default preset--group--divi-text--divi-font-body--default preset--group--divi-text--divi-font-header--default\"><div class=\"et_pb_text_inner\"><h2>CARTE CAdeau<\/h2>\n<\/div><\/div>\n<\/div>\n<\/div>\n\n<div class=\"et_pb_row_1 et_pb_row et_flex_row preset--group--divi-row--divi-spacing--default\">\n<div class=\"et_pb_column_1 et_pb_column et-last-child et_flex_column et_pb_css_mix_blend_mode_passthrough et_flex_column_24_24 et_flex_column_24_24_tablet et_flex_column_24_24_phone et_flex_column_24_24_phoneWide et_flex_column_24_24_tabletWide preset--group--divi-column--divi-spacing--default\">\n<div class=\"et_pb_wc_cart_notice_0 et_pb_wc_cart_notice et_pb_fields_layout_default et_pb_woo_custom_button_icon et_pb_module preset--group--divi-woocommerce-cart-notice--divi-spacing--default preset--group--divi-woocommerce-cart-notice--divi-font-body--default preset--group--divi-woocommerce-cart-notice--divi-font--default preset--group--divi-woocommerce-cart-notice--divi-button--default\" data-button-class=\"single_add_to_cart_button\" data-button-icon=\"\uf073\" data-button-icon-tablet=\"\" data-button-icon-phone=\"\"><div class=\"et_pb_module_inner\">\n\t<div class=\"woocommerce-message\" role=\"alert\">\n\t\t&ldquo;Product Name&rdquo; has been added to cart.\t<\/div>\n<\/div><\/div>\n\n<div class=\"et_pb_text_1 et_pb_text et_pb_bg_layout_light et_pb_module et_flex_module preset--group--divi-text--divi-spacing--default preset--group--divi-text--divi-font-body--default preset--group--divi-text--divi-font-header--default\"><div class=\"et_pb_text_inner\"><p><strong>Offrez une exp\u00e9rience sur-mesure gr\u00e2ce aux cartes cadeau L\u2019api\u00e9ceur pour r\u00e9aliser un costume, une chemise ou encore un accessoire enti\u00e8rement personnalis\u00e9.<\/strong><\/p>\n<p>La carte permettra \u00e0 son b\u00e9n\u00e9ficiaire de choisir le tissu ainsi que toutes les personnalisations de son choix.<\/p>\n<p>La livraison est offerte et les cartes vous sont envoy\u00e9es sous 2 \u00e0 3 jours.<br \/>Si vous avez besoin de la carte plus rapidement, vous pouvez choisir un envoi par mail.<\/p>\n<\/div><\/div>\n<\/div>\n<\/div>\n\n<div class=\"et_pb_row_2 et_pb_row et_flex_row preset--group--divi-row--divi-spacing--default\">\n<div class=\"et_pb_column_2 et_pb_column et_flex_column et_pb_css_mix_blend_mode_passthrough et_flex_column_24_24 et_flex_column_24_24_tablet et_flex_column_24_24_phone et_flex_column_24_24_phoneWide et_flex_column_24_24_tabletWide preset--group--divi-column--divi-spacing--default\">\n<div class=\"et_pb_wc_images_0 et_pb_wc_images et_pb_module preset--group--divi-woocommerce-product-images--divi-spacing--default preset--group--divi-woocommerce-product-images--divi-font--default\"><div class=\"et_pb_module_inner\"><\/div><\/div>\n<\/div>\n\n<div class=\"et_pb_column_3 et_pb_column et-last-child et_flex_column et_pb_css_mix_blend_mode_passthrough et_flex_column_24_24 et_flex_column_24_24_tablet et_flex_column_24_24_phone et_flex_column_24_24_phoneWide et_flex_column_24_24_tabletWide preset--group--divi-column--divi-spacing--default\">\n<div class=\"et_pb_text_2 et_pb_text et_pb_bg_layout_light et_pb_module et_flex_module preset--group--divi-text--divi-spacing--default preset--group--divi-text--divi-font-body--default preset--group--divi-text--divi-font-header--default\"><div class=\"et_pb_text_inner\"><p><strong>LA CARTE CADEAU COSTUME<\/strong> \u2013 990\u20ac<br \/>Cette carte vous donne acc\u00e8s \u00e0 notre s\u00e9lection de 200 tissus L\u2019api\u00e9ceur<\/p>\n<p><strong>LA CARTE CADEAU COSTUME PREMIUM<\/strong> \u2013 1190\u20ac<br \/>Cette carte vous donne acc\u00e8s \u00e0 toutes nos gammes de tissus L\u2019api\u00e9ceur mais aussi des tisseurs Holland &amp; Sherry, Drago, Tallia di Delfino\u2026<\/p>\n<p><strong>LA CARTE CADEAU CHEMISE<\/strong> \u2013 180\u20ac<br \/>Cette carte vous donne acc\u00e8s \u00e0 l\u2019ensemble de nos tissus de chemise.<\/p>\n<p><strong>LA CARTE CADEAU CHEMISE PREMIUM<\/strong> \u2013 240\u20ac<br \/>Cette carte vous donne acc\u00e8s \u00e0 l\u2019ensemble de nos tissus de chemise.<\/p>\n<p><strong>LA CARTE CADEAU CRAVATE<\/strong> \u2013 120\u20ac<br \/>Cette carte vous permet de choisir une cravate r\u00e9alis\u00e9e dans le tissu de votre choix par notre atelier parisien.<\/p>\n<p><strong>LA CARTE CADEAU NOEUD PAPILLON<\/strong> \u2013 50\u20ac<br \/>Cette carte vous permet de choisir un n\u0153ud papillon r\u00e9alis\u00e9 dans le tissu de votre choix par notre atelier parisien.<\/p>\n<p>Vous ne savez pas quel bon choisir&nbsp;?<br \/><a href=\"https:\/\/lapieceur.com\/site26\/produit\/carte-cadeau-montant-libre\/\">OFFREZ UNE CARTE CADEAU D\u2019UN MONTANT LIBRE<\/a><\/p>\n<\/div><\/div>\n\n\n<\/div>\n<\/div>\n<\/div>","protected":false},"excerpt":{"rendered":"<p>Offrez une exp\u00e9rience sur-mesure gr\u00e2ce aux cartes cadeau pour r\u00e9aliser un costume, une chemise ou encore un accessoire enti\u00e8rement personnalis\u00e9.<\/p>","protected":false},"featured_media":1577,"template":"","meta":[],"product_brand":[],"product_cat":[20],"product_tag":[],"class_list":{"0":"post-1579","1":"product","2":"type-product","3":"status-publish","4":"has-post-thumbnail","6":"product_cat-non-classe","8":"first","9":"instock","10":"shipping-taxable","11":"purchasable","12":"product-type-variable"},"_links":{"self":[{"href":"https:\/\/lapieceur.com\/site26\/wp-json\/wp\/v2\/product\/1579","targetHints":{"allow":["GET"]}}],"collection":[{"href":"https:\/\/lapieceur.com\/site26\/wp-json\/wp\/v2\/product"}],"about":[{"href":"https:\/\/lapieceur.com\/site26\/wp-json\/wp\/v2\/types\/product"}],"wp:featuredmedia":[{"embeddable":true,"href":"https:\/\/lapieceur.com\/site26\/wp-json\/wp\/v2\/media\/1577"}],"wp:attachment":[{"href":"https:\/\/lapieceur.com\/site26\/wp-json\/wp\/v2\/media?parent=1579"}],"wp:term":[{"taxonomy":"product_brand","embeddable":true,"href":"https:\/\/lapieceur.com\/site26\/wp-json\/wp\/v2\/product_brand?post=1579"},{"taxonomy":"product_cat","embeddable":true,"href":"https:\/\/lapieceur.com\/site26\/wp-json\/wp\/v2\/product_cat?post=1579"},{"taxonomy":"product_tag","embeddable":true,"href":"https:\/\/lapieceur.com\/site26\/wp-json\/wp\/v2\/product_tag?post=1579"}],"curies":[{"name":"wp","href":"https:\/\/api.w.org\/{rel}","templated":true}]}}