{"id":1739,"date":"2026-03-29T14:52:35","date_gmt":"2026-03-29T12:52:35","guid":{"rendered":"https:\/\/lapieceur.com\/site26\/?post_type=product&#038;p=1739"},"modified":"2026-04-05T17:26:26","modified_gmt":"2026-04-05T15:26:26","slug":"carte-cadeau-montant-libre","status":"publish","type":"product","link":"https:\/\/lapieceur.com\/site26\/produit\/carte-cadeau-montant-libre\/","title":{"rendered":"Carte cadeau &#8211; Montant libre"},"content":{"rendered":"<div class=\"et_pb_section_0 et_pb_section et_section_regular et_block_section preset--group--divi-section--divi-spacing--default\">\n<div class=\"et_pb_row_0 et_pb_row et_flex_row preset--group--divi-row--divi-spacing--default\">\n<div class=\"et_pb_column_0 et_pb_column et-last-child et_flex_column et_pb_css_mix_blend_mode_passthrough et_flex_column_24_24 et_flex_column_24_24_tablet et_flex_column_24_24_phone et_flex_column_24_24_phoneWide et_flex_column_24_24_tabletWide preset--group--divi-column--divi-spacing--default\">\n<div class=\"et_pb_text_0 et_pb_text et_pb_bg_layout_light et_pb_module et_flex_module preset--group--divi-text--divi-spacing--default preset--group--divi-text--divi-font-body--default preset--group--divi-text--divi-font-header--default\"><div class=\"et_pb_text_inner\"><h2>CARTE CADEAU - Montant libre<\/h2>\n<\/div><\/div>\n<\/div>\n<\/div>\n\n<div class=\"et_pb_row_1 et_pb_row et_flex_row preset--group--divi-row--divi-spacing--default\">\n<div class=\"et_pb_column_1 et_pb_column et-last-child et_flex_column et_pb_css_mix_blend_mode_passthrough et_flex_column_24_24 et_flex_column_24_24_tablet et_flex_column_24_24_phone et_flex_column_24_24_phoneWide et_flex_column_24_24_tabletWide preset--group--divi-column--divi-spacing--default\">\n<div class=\"et_pb_wc_cart_notice_0 et_pb_wc_cart_notice et_pb_fields_layout_default et_pb_woo_custom_button_icon et_pb_module preset--group--divi-woocommerce-cart-notice--divi-spacing--default preset--group--divi-woocommerce-cart-notice--divi-font-body--default preset--group--divi-woocommerce-cart-notice--divi-font--default preset--group--divi-woocommerce-cart-notice--divi-button--default\" data-button-class=\"single_add_to_cart_button\" data-button-icon=\"\uf073\" data-button-icon-tablet=\"\" data-button-icon-phone=\"\"><div class=\"et_pb_module_inner\">\n\t<div class=\"woocommerce-message\" role=\"alert\">\n\t\t&ldquo;Product Name&rdquo; has been added to cart.\t<\/div>\n<\/div><\/div>\n<\/div>\n<\/div>\n\n<div class=\"et_pb_row_2 et_pb_row et_flex_row preset--group--divi-row--divi-spacing--default\">\n<div class=\"et_pb_column_2 et_pb_column et_flex_column et_pb_css_mix_blend_mode_passthrough et_flex_column_12_24 et_flex_column_12_24_tablet et_flex_column_24_24_phone et_flex_column_24_24_phoneWide et_flex_column_12_24_tabletWide preset--group--divi-column--divi-spacing--default\">\n<div class=\"et_pb_image_0 et_pb_image et_pb_module et_flex_module preset--group--divi-image--divi-spacing--default\"><span class=\"et_pb_image_wrap\"><img loading=\"lazy\" decoding=\"async\" src=\"https:\/\/lapieceur.com\/site26\/wp-content\/uploads\/2026\/03\/lapieceur-bon-cadeau-c.jpg\" title=\"lapieceur-bon-cadeau-c\" width=\"1070\" height=\"1070\" srcset=\"https:\/\/lapieceur.com\/site26\/wp-content\/uploads\/2026\/03\/lapieceur-bon-cadeau-c.jpg 1070w, https:\/\/lapieceur.com\/site26\/wp-content\/uploads\/2026\/03\/lapieceur-bon-cadeau-c-980x980.jpg 980w, https:\/\/lapieceur.com\/site26\/wp-content\/uploads\/2026\/03\/lapieceur-bon-cadeau-c-480x480.jpg 480w\" sizes=\"(min-width: 0px) and (max-width: 480px) 480px, (min-width: 481px) and (max-width: 980px) 980px, (min-width: 981px) 1070px, 100vw\" class=\"wp-image-1747\" \/><\/span><\/div>\n<\/div>\n\n<div class=\"et_pb_column_3 et_pb_column et-last-child et_flex_column et_pb_css_mix_blend_mode_passthrough et_flex_column_12_24 et_flex_column_12_24_tablet et_flex_column_24_24_phone et_flex_column_24_24_phoneWide et_flex_column_12_24_tabletWide preset--group--divi-column--divi-spacing--default\">\n<div class=\"et_pb_text_1 et_pb_text et_pb_bg_layout_light et_pb_module et_flex_module preset--group--divi-text--divi-spacing--default preset--group--divi-text--divi-font-body--default preset--group--divi-text--divi-font-header--default\"><div class=\"et_pb_text_inner\"><p><strong>Pour \u00eatre s\u00fbr de faire plaisir, offrez une carte cadeau L\u2019api\u00e9ceur du montant de votre choix.<\/strong><\/p>\n<p>Cette carte permettra \u00e0 son b\u00e9n\u00e9ficiaire de choisir ce qui lui pla\u00eet parmi nos costumes et chemises sur mesure, ainsi que nos accessoires.<\/p>\n<p>La livraison est offerte et les cartes vous sont envoy\u00e9es sous 2 \u00e0 3 jours.<\/p>\n<p>Si vous avez besoin de la carte plus rapidement, vous pouvez choisir de la recevoir par mail.<\/p>\n<\/div><\/div>\n\n\n<\/div>\n<\/div>\n<\/div>","protected":false},"excerpt":{"rendered":"<p>Pour \u00eatre s\u00fbr de faire plaisir, offrez une carte cadeau L\u2019api\u00e9ceur du montant de votre choix.<\/p>","protected":false},"featured_media":1746,"template":"","meta":[],"product_brand":[],"product_cat":[20],"product_tag":[],"class_list":{"0":"post-1739","1":"product","2":"type-product","3":"status-publish","4":"has-post-thumbnail","6":"product_cat-non-classe","8":"first","9":"instock","10":"sold-individually","11":"shipping-taxable","12":"purchasable","13":"product-type-simple"},"_links":{"self":[{"href":"https:\/\/lapieceur.com\/site26\/wp-json\/wp\/v2\/product\/1739","targetHints":{"allow":["GET"]}}],"collection":[{"href":"https:\/\/lapieceur.com\/site26\/wp-json\/wp\/v2\/product"}],"about":[{"href":"https:\/\/lapieceur.com\/site26\/wp-json\/wp\/v2\/types\/product"}],"wp:featuredmedia":[{"embeddable":true,"href":"https:\/\/lapieceur.com\/site26\/wp-json\/wp\/v2\/media\/1746"}],"wp:attachment":[{"href":"https:\/\/lapieceur.com\/site26\/wp-json\/wp\/v2\/media?parent=1739"}],"wp:term":[{"taxonomy":"product_brand","embeddable":true,"href":"https:\/\/lapieceur.com\/site26\/wp-json\/wp\/v2\/product_brand?post=1739"},{"taxonomy":"product_cat","embeddable":true,"href":"https:\/\/lapieceur.com\/site26\/wp-json\/wp\/v2\/product_cat?post=1739"},{"taxonomy":"product_tag","embeddable":true,"href":"https:\/\/lapieceur.com\/site26\/wp-json\/wp\/v2\/product_tag?post=1739"}],"curies":[{"name":"wp","href":"https:\/\/api.w.org\/{rel}","templated":true}]}}